{"id":2901,"date":"2017-05-14T17:02:40","date_gmt":"2017-05-14T16:02:40","guid":{"rendered":"http:\/\/giusybe.com\/printemps-ete-2017\/"},"modified":"2018-06-16T10:15:11","modified_gmt":"2018-06-16T09:15:11","slug":"nouvelle-collection","status":"publish","type":"page","link":"https:\/\/giusybe.com\/en\/nouvelle-collection\/","title":{"rendered":"Presentation of spring-summer air"},"content":{"rendered":"<div class=\"flex_column av_one_full  flex_column_div av-zero-column-padding first  avia-builder-el-0  avia-builder-el-no-sibling  \" style='border-radius:0px; '><div id='av-masonry-1' class='av-masonry  noHover av-flex-size av-no-gap av-hover-overlay-active av-masonry-animation-active av-masonry-col-4 av-caption-on-hover av-caption-style- av-masonry-gallery     '  ><div class='av-masonry-container isotope av-js-disabled ' ><div class='av-masonry-entry isotope-item av-masonry-item-no-image '><\/div><a href=\"https:\/\/giusybe.com\/wp-content\/uploads\/2017\/01\/ONEFLASH-WEB-ONEFLASH-GIUSYBE-MODELS-01-Edit.jpg\" id='av-masonry-1-item-2153' data-av-masonry-item='2153' class='av-masonry-entry isotope-item post-2153 attachment type-attachment status-inherit hentry  av-masonry-item-with-image' title=\"giusy-be-creatrice-de-mode-je-suis-la-dame-de-coeur\"  itemprop=\"thumbnailUrl\" ><div class='av-inner-masonry-sizer'><\/div><figure class='av-inner-masonry main_color'><div class=\"av-masonry-outerimage-container\"><div class=\"av-masonry-image-container\" ><img decoding=\"async\" src=\"https:\/\/giusybe.com\/wp-content\/uploads\/2017\/01\/ONEFLASH-WEB-ONEFLASH-GIUSYBE-MODELS-01-Edit-470x705.jpg\" title=\"giusy-be-creatrice-de-mode-je-suis-la-dame-de-coeur\" alt=\"\" \/><\/div><\/div><figcaption class='av-inner-masonry-content site-background'><div class='av-inner-masonry-content-pos'><div class='av-inner-masonry-content-pos-content'><div class='avia-arrow'><\/div><div class='av-masonry-entry-content entry-content'  itemprop=\"text\" >Je suis la dame de coeur.<\/div><\/div><\/div><\/figcaption><\/figure><\/a><!--end av-masonry entry--><a href=\"https:\/\/giusybe.com\/wp-content\/uploads\/2017\/01\/ONEFLASH-WEB-ONEFLASH-GIUSYBE-MODELS-03-Edit.jpg\" id='av-masonry-1-item-2159' data-av-masonry-item='2159' class='av-masonry-entry isotope-item post-2159 attachment type-attachment status-inherit hentry  av-masonry-item-with-image' title=\"giusy-be-creatrice-de-mode-je-suis\"  itemprop=\"thumbnailUrl\" ><div class='av-inner-masonry-sizer'><\/div><figure class='av-inner-masonry main_color'><div class=\"av-masonry-outerimage-container\"><div class=\"av-masonry-image-container\" ><img decoding=\"async\" src=\"https:\/\/giusybe.com\/wp-content\/uploads\/2017\/01\/ONEFLASH-WEB-ONEFLASH-GIUSYBE-MODELS-03-Edit-470x705.jpg\" title=\"giusy-be-creatrice-de-mode-je-suis\" alt=\"\" \/><\/div><\/div><figcaption class='av-inner-masonry-content site-background'><div class='av-inner-masonry-content-pos'><div class='av-inner-masonry-content-pos-content'><div class='avia-arrow'><\/div><\/div><\/div><\/figcaption><\/figure><\/a><!--end av-masonry entry--><a href=\"https:\/\/giusybe.com\/wp-content\/uploads\/2017\/01\/ONEFLASH-WEB-ONEFLASH-GIUSYBE-MODELS-02-Edit.jpg\" id='av-masonry-1-item-2156' data-av-masonry-item='2156' class='av-masonry-entry isotope-item post-2156 attachment type-attachment status-inherit hentry  av-masonry-item-with-image' title=\"giusy-be-creatrice-de-mode-je-suis\"  itemprop=\"thumbnailUrl\" ><div class='av-inner-masonry-sizer'><\/div><figure class='av-inner-masonry main_color'><div class=\"av-masonry-outerimage-container\"><div class=\"av-masonry-image-container\" ><img decoding=\"async\" src=\"https:\/\/giusybe.com\/wp-content\/uploads\/2017\/01\/ONEFLASH-WEB-ONEFLASH-GIUSYBE-MODELS-02-Edit-470x705.jpg\" title=\"giusy-be-creatrice-de-mode-je-suis\" alt=\"\" \/><\/div><\/div><figcaption class='av-inner-masonry-content site-background'><div class='av-inner-masonry-content-pos'><div class='av-inner-masonry-content-pos-content'><div class='avia-arrow'><\/div><\/div><\/div><\/figcaption><\/figure><\/a><!--end av-masonry entry--><a href=\"https:\/\/giusybe.com\/wp-content\/uploads\/2017\/01\/ONEFLASH-WEB-ONEFLASH-GIUSYBE-MODELS-08-Edit.jpg\" id='av-masonry-1-item-2174' data-av-masonry-item='2174' class='av-masonry-entry isotope-item post-2174 attachment type-attachment status-inherit hentry  av-masonry-item-with-image' title=\"giusy-be-creatrice-de-mode-je-suis-la-multitude-des-beaut\u00e9s\"  itemprop=\"thumbnailUrl\" ><div class='av-inner-masonry-sizer'><\/div><figure class='av-inner-masonry main_color'><div class=\"av-masonry-outerimage-container\"><div class=\"av-masonry-image-container\" ><img decoding=\"async\" src=\"https:\/\/giusybe.com\/wp-content\/uploads\/2017\/01\/ONEFLASH-WEB-ONEFLASH-GIUSYBE-MODELS-08-Edit-470x705.jpg\" title=\"giusy-be-creatrice-de-mode-je-suis-la-multitude-des-beaut\u00e9s\" alt=\"\" \/><\/div><\/div><figcaption class='av-inner-masonry-content site-background'><div class='av-inner-masonry-content-pos'><div class='av-inner-masonry-content-pos-content'><div class='avia-arrow'><\/div><\/div><\/div><\/figcaption><\/figure><\/a><!--end av-masonry entry--><a href=\"https:\/\/giusybe.com\/wp-content\/uploads\/2017\/01\/ONEFLASH-WEB-ONEFLASH-GIUSYBE-MODELS-04-Edit.jpg\" id='av-masonry-1-item-2162' data-av-masonry-item='2162' class='av-masonry-entry isotope-item post-2162 attachment type-attachment status-inherit hentry  av-masonry-item-with-image' title=\"giusy-be-creatrice-de-mode-je-suis-le-chic-qui-passe\"  itemprop=\"thumbnailUrl\" ><div class='av-inner-masonry-sizer'><\/div><figure class='av-inner-masonry main_color'><div class=\"av-masonry-outerimage-container\"><div class=\"av-masonry-image-container\" ><img decoding=\"async\" src=\"https:\/\/giusybe.com\/wp-content\/uploads\/2017\/01\/ONEFLASH-WEB-ONEFLASH-GIUSYBE-MODELS-04-Edit-470x705.jpg\" title=\"giusy-be-creatrice-de-mode-je-suis-le-chic-qui-passe\" alt=\"\" \/><\/div><\/div><figcaption class='av-inner-masonry-content site-background'><div class='av-inner-masonry-content-pos'><div class='av-inner-masonry-content-pos-content'><div class='avia-arrow'><\/div><\/div><\/div><\/figcaption><\/figure><\/a><!--end av-masonry entry--><a href=\"https:\/\/giusybe.com\/wp-content\/uploads\/2017\/01\/ONEFLASH-WEB-ONEFLASH-GIUSYBE-MODELS-10-Edit.jpg\" id='av-masonry-1-item-2180' data-av-masonry-item='2180' class='av-masonry-entry isotope-item post-2180 attachment type-attachment status-inherit hentry  av-masonry-item-with-image' title=\"giusy-be-creatrice-de-mode-je-suis-la-princesse-des d\u00e9couvertes\"  itemprop=\"thumbnailUrl\" ><div class='av-inner-masonry-sizer'><\/div><figure class='av-inner-masonry main_color'><div class=\"av-masonry-outerimage-container\"><div class=\"av-masonry-image-container\" ><img decoding=\"async\" src=\"https:\/\/giusybe.com\/wp-content\/uploads\/2017\/01\/ONEFLASH-WEB-ONEFLASH-GIUSYBE-MODELS-10-Edit-470x705.jpg\" title=\"giusy-be-creatrice-de-mode-je-suis-la-princesse-des d\u00e9couvertes\" alt=\"\" \/><\/div><\/div><figcaption class='av-inner-masonry-content site-background'><div class='av-inner-masonry-content-pos'><div class='av-inner-masonry-content-pos-content'><div class='avia-arrow'><\/div><\/div><\/div><\/figcaption><\/figure><\/a><!--end av-masonry entry--><a href=\"https:\/\/giusybe.com\/wp-content\/uploads\/2017\/01\/ONEFLASH-WEB-ONEFLASH-GIUSYBE-MODELS-07-Edit.jpg\" id='av-masonry-1-item-2171' data-av-masonry-item='2171' class='av-masonry-entry isotope-item post-2171 attachment type-attachment status-inherit hentry  av-masonry-item-with-image' title=\"giusy-be-creatrice-de-mode-je-suis\"  itemprop=\"thumbnailUrl\" ><div class='av-inner-masonry-sizer'><\/div><figure class='av-inner-masonry main_color'><div class=\"av-masonry-outerimage-container\"><div class=\"av-masonry-image-container\" ><img decoding=\"async\" src=\"https:\/\/giusybe.com\/wp-content\/uploads\/2017\/01\/ONEFLASH-WEB-ONEFLASH-GIUSYBE-MODELS-07-Edit-470x705.jpg\" title=\"giusy-be-creatrice-de-mode-je-suis\" alt=\"\" \/><\/div><\/div><figcaption class='av-inner-masonry-content site-background'><div class='av-inner-masonry-content-pos'><div class='av-inner-masonry-content-pos-content'><div class='avia-arrow'><\/div><\/div><\/div><\/figcaption><\/figure><\/a><!--end av-masonry entry--><a href=\"https:\/\/giusybe.com\/wp-content\/uploads\/2017\/01\/ONEFLASH-WEB-ONEFLASH-GIUSYBE-MODELS-11-Edit.jpg\" id='av-masonry-1-item-2183' data-av-masonry-item='2183' class='av-masonry-entry isotope-item post-2183 attachment type-attachment status-inherit hentry  av-masonry-item-with-image' title=\"giusy-be-creatrice-de-mode-je-suis\"  itemprop=\"thumbnailUrl\" ><div class='av-inner-masonry-sizer'><\/div><figure class='av-inner-masonry main_color'><div class=\"av-masonry-outerimage-container\"><div class=\"av-masonry-image-container\" ><img decoding=\"async\" src=\"https:\/\/giusybe.com\/wp-content\/uploads\/2017\/01\/ONEFLASH-WEB-ONEFLASH-GIUSYBE-MODELS-11-Edit-470x705.jpg\" title=\"giusy-be-creatrice-de-mode-je-suis\" alt=\"\" \/><\/div><\/div><figcaption class='av-inner-masonry-content site-background'><div class='av-inner-masonry-content-pos'><div class='av-inner-masonry-content-pos-content'><div class='avia-arrow'><\/div><\/div><\/div><\/figcaption><\/figure><\/a><!--end av-masonry entry--><a href=\"https:\/\/giusybe.com\/wp-content\/uploads\/2017\/01\/ONEFLASH-WEB-ONEFLASH-GIUSYBE-MODELS-09-Edit.jpg\" id='av-masonry-1-item-2177' data-av-masonry-item='2177' class='av-masonry-entry isotope-item post-2177 attachment type-attachment status-inherit hentry  av-masonry-item-with-image' title=\"giusy-be-creatrice-de-mode-je-suis\"  itemprop=\"thumbnailUrl\" ><div class='av-inner-masonry-sizer'><\/div><figure class='av-inner-masonry main_color'><div class=\"av-masonry-outerimage-container\"><div class=\"av-masonry-image-container\" ><img decoding=\"async\" src=\"https:\/\/giusybe.com\/wp-content\/uploads\/2017\/01\/ONEFLASH-WEB-ONEFLASH-GIUSYBE-MODELS-09-Edit-470x705.jpg\" title=\"giusy-be-creatrice-de-mode-je-suis\" alt=\"\" \/><\/div><\/div><figcaption class='av-inner-masonry-content site-background'><div class='av-inner-masonry-content-pos'><div class='av-inner-masonry-content-pos-content'><div class='avia-arrow'><\/div><\/div><\/div><\/figcaption><\/figure><\/a><!--end av-masonry entry--><a href=\"https:\/\/giusybe.com\/wp-content\/uploads\/2017\/01\/ONEFLASH-WEB-ONEFLASH-GIUSYBE-MODELS-17-Edit.jpg\" id='av-masonry-1-item-2201' data-av-masonry-item='2201' class='av-masonry-entry isotope-item post-2201 attachment type-attachment status-inherit hentry  av-masonry-item-with-image' title=\"giusy-be-creatrice-de-mode-je-suis-la-directrice-de ma-vie\"  itemprop=\"thumbnailUrl\" ><div class='av-inner-masonry-sizer'><\/div><figure class='av-inner-masonry main_color'><div class=\"av-masonry-outerimage-container\"><div class=\"av-masonry-image-container\" ><img decoding=\"async\" src=\"https:\/\/giusybe.com\/wp-content\/uploads\/2017\/01\/ONEFLASH-WEB-ONEFLASH-GIUSYBE-MODELS-17-Edit-470x705.jpg\" title=\"giusy-be-creatrice-de-mode-je-suis-la-directrice-de ma-vie\" alt=\"\" \/><\/div><\/div><figcaption class='av-inner-masonry-content site-background'><div class='av-inner-masonry-content-pos'><div class='av-inner-masonry-content-pos-content'><div class='avia-arrow'><\/div><\/div><\/div><\/figcaption><\/figure><\/a><!--end av-masonry entry--><a href=\"https:\/\/giusybe.com\/wp-content\/uploads\/2017\/01\/ONEFLASH-WEB-ONEFLASH-GIUSYBE-MODELS-13-Edit.jpg\" id='av-masonry-1-item-2189' data-av-masonry-item='2189' class='av-masonry-entry isotope-item post-2189 attachment type-attachment status-inherit hentry  av-masonry-item-with-image' title=\"giusy-be-creatrice-de-mode-je-suis-l&#8217;ind\u00e9modable-moi\"  itemprop=\"thumbnailUrl\" ><div class='av-inner-masonry-sizer'><\/div><figure class='av-inner-masonry main_color'><div class=\"av-masonry-outerimage-container\"><div class=\"av-masonry-image-container\" ><img decoding=\"async\" src=\"https:\/\/giusybe.com\/wp-content\/uploads\/2017\/01\/ONEFLASH-WEB-ONEFLASH-GIUSYBE-MODELS-13-Edit-470x705.jpg\" title=\"giusy-be-creatrice-de-mode-je-suis-l&#8217;ind\u00e9modable-moi\" alt=\"\" \/><\/div><\/div><figcaption class='av-inner-masonry-content site-background'><div class='av-inner-masonry-content-pos'><div class='av-inner-masonry-content-pos-content'><div class='avia-arrow'><\/div><\/div><\/div><\/figcaption><\/figure><\/a><!--end av-masonry entry--><a href=\"https:\/\/giusybe.com\/wp-content\/uploads\/2017\/01\/ONEFLASH-WEB-ONEFLASH-GIUSYBE-MODELS-14-Edit.jpg\" id='av-masonry-1-item-2192' data-av-masonry-item='2192' class='av-masonry-entry isotope-item post-2192 attachment type-attachment status-inherit hentry  av-masonry-item-with-image' title=\"giusy-be-creatrice-de-mode-je-suis-le-souhait-de l&#8217;univers\"  itemprop=\"thumbnailUrl\" ><div class='av-inner-masonry-sizer'><\/div><figure class='av-inner-masonry main_color'><div class=\"av-masonry-outerimage-container\"><div class=\"av-masonry-image-container\" ><img decoding=\"async\" src=\"https:\/\/giusybe.com\/wp-content\/uploads\/2017\/01\/ONEFLASH-WEB-ONEFLASH-GIUSYBE-MODELS-14-Edit-470x705.jpg\" title=\"giusy-be-creatrice-de-mode-je-suis-le-souhait-de l&#8217;univers\" alt=\"\" \/><\/div><\/div><figcaption class='av-inner-masonry-content site-background'><div class='av-inner-masonry-content-pos'><div class='av-inner-masonry-content-pos-content'><div class='avia-arrow'><\/div><div class='av-masonry-entry-content entry-content'  itemprop=\"text\" >Je suis le souhait de l'univers<\/div><\/div><\/div><\/figcaption><\/figure><\/a><!--end av-masonry entry--><a href=\"https:\/\/giusybe.com\/wp-content\/uploads\/2017\/01\/ONEFLASH-WEB-ONEFLASH-GIUSYBE-MODELS-15-Edit.jpg\" id='av-masonry-1-item-2195' data-av-masonry-item='2195' class='av-masonry-entry isotope-item post-2195 attachment type-attachment status-inherit hentry  av-masonry-item-with-image' title=\"giusy-be-creatrice-de-mode-je-suis\"  itemprop=\"thumbnailUrl\" ><div class='av-inner-masonry-sizer'><\/div><figure class='av-inner-masonry main_color'><div class=\"av-masonry-outerimage-container\"><div class=\"av-masonry-image-container\" ><img decoding=\"async\" src=\"https:\/\/giusybe.com\/wp-content\/uploads\/2017\/01\/ONEFLASH-WEB-ONEFLASH-GIUSYBE-MODELS-15-Edit-470x705.jpg\" title=\"giusy-be-creatrice-de-mode-je-suis\" alt=\"\" \/><\/div><\/div><figcaption class='av-inner-masonry-content site-background'><div class='av-inner-masonry-content-pos'><div class='av-inner-masonry-content-pos-content'><div class='avia-arrow'><\/div><\/div><\/div><\/figcaption><\/figure><\/a><!--end av-masonry entry--><a href=\"https:\/\/giusybe.com\/wp-content\/uploads\/2017\/01\/ONEFLASH-WEB-ONEFLASH-GIUSYBE-MODELS-19-Edit.jpg\" id='av-masonry-1-item-2207' data-av-masonry-item='2207' class='av-masonry-entry isotope-item post-2207 attachment type-attachment status-inherit hentry  av-masonry-item-with-image' title=\"giusy-be-creatrice-de-mode-je-suis-l&#8217;\u00e9ternelle-\u00e9l\u00e9gance\"  itemprop=\"thumbnailUrl\" ><div class='av-inner-masonry-sizer'><\/div><figure class='av-inner-masonry main_color'><div class=\"av-masonry-outerimage-container\"><div class=\"av-masonry-image-container\" ><img decoding=\"async\" src=\"https:\/\/giusybe.com\/wp-content\/uploads\/2017\/01\/ONEFLASH-WEB-ONEFLASH-GIUSYBE-MODELS-19-Edit-470x705.jpg\" title=\"giusy-be-creatrice-de-mode-je-suis-l&#8217;\u00e9ternelle-\u00e9l\u00e9gance\" alt=\"\" \/><\/div><\/div><figcaption class='av-inner-masonry-content site-background'><div class='av-inner-masonry-content-pos'><div class='av-inner-masonry-content-pos-content'><div class='avia-arrow'><\/div><\/div><\/div><\/figcaption><\/figure><\/a><!--end av-masonry entry--><a href=\"https:\/\/giusybe.com\/wp-content\/uploads\/2017\/01\/ONEFLASH-WEB-ONEFLASH-GIUSYBE-MODELS-20-Edit.jpg\" id='av-masonry-1-item-2210' data-av-masonry-item='2210' class='av-masonry-entry isotope-item post-2210 attachment type-attachment status-inherit hentry  av-masonry-item-with-image' title=\"giusy-be-creatrice-de-mode-je-suis\"  itemprop=\"thumbnailUrl\" ><div class='av-inner-masonry-sizer'><\/div><figure class='av-inner-masonry main_color'><div class=\"av-masonry-outerimage-container\"><div class=\"av-masonry-image-container\" ><img decoding=\"async\" src=\"https:\/\/giusybe.com\/wp-content\/uploads\/2017\/01\/ONEFLASH-WEB-ONEFLASH-GIUSYBE-MODELS-20-Edit-470x705.jpg\" title=\"giusy-be-creatrice-de-mode-je-suis\" alt=\"\" \/><\/div><\/div><figcaption class='av-inner-masonry-content site-background'><div class='av-inner-masonry-content-pos'><div class='av-inner-masonry-content-pos-content'><div class='avia-arrow'><\/div><\/div><\/div><\/figcaption><\/figure><\/a><!--end av-masonry entry--><a href=\"https:\/\/giusybe.com\/wp-content\/uploads\/2017\/01\/ONEFLASH-WEB-ONEFLASH-GIUSYBE-MODELS-22-Edit.jpg\" id='av-masonry-1-item-2216' data-av-masonry-item='2216' class='av-masonry-entry isotope-item post-2216 attachment type-attachment status-inherit hentry  av-masonry-item-with-image' title=\"giusy-be-creatrice-de-mode-je-suis-la-somptueuse-nuit\"  itemprop=\"thumbnailUrl\" ><div class='av-inner-masonry-sizer'><\/div><figure class='av-inner-masonry main_color'><div class=\"av-masonry-outerimage-container\"><div class=\"av-masonry-image-container\" ><img decoding=\"async\" src=\"https:\/\/giusybe.com\/wp-content\/uploads\/2017\/01\/ONEFLASH-WEB-ONEFLASH-GIUSYBE-MODELS-22-Edit-470x705.jpg\" title=\"giusy-be-creatrice-de-mode-je-suis-la-somptueuse-nuit\" alt=\"\" \/><\/div><\/div><figcaption class='av-inner-masonry-content site-background'><div class='av-inner-masonry-content-pos'><div class='av-inner-masonry-content-pos-content'><div class='avia-arrow'><\/div><\/div><\/div><\/figcaption><\/figure><\/a><!--end av-masonry entry--><a href=\"https:\/\/giusybe.com\/wp-content\/uploads\/2017\/01\/ONEFLASH-WEB-ONEFLASH-GIUSYBE-MODELS-05-Edit.jpg\" id='av-masonry-1-item-2165' data-av-masonry-item='2165' class='av-masonry-entry isotope-item post-2165 attachment type-attachment status-inherit hentry  av-masonry-item-with-image' title=\"giusy-be-creatrice-de-mode-je-suis-le-chic-qui passe\"  itemprop=\"thumbnailUrl\" ><div class='av-inner-masonry-sizer'><\/div><figure class='av-inner-masonry main_color'><div class=\"av-masonry-outerimage-container\"><div class=\"av-masonry-image-container\" ><img decoding=\"async\" src=\"https:\/\/giusybe.com\/wp-content\/uploads\/2017\/01\/ONEFLASH-WEB-ONEFLASH-GIUSYBE-MODELS-05-Edit-470x705.jpg\" title=\"giusy-be-creatrice-de-mode-je-suis-le-chic-qui passe\" alt=\"\" \/><\/div><\/div><figcaption class='av-inner-masonry-content site-background'><div class='av-inner-masonry-content-pos'><div class='av-inner-masonry-content-pos-content'><div class='avia-arrow'><\/div><\/div><\/div><\/figcaption><\/figure><\/a><!--end av-masonry entry--><a href=\"https:\/\/giusybe.com\/wp-content\/uploads\/2017\/01\/ONEFLASH-WEB-ONEFLASH-GIUSYBE-MODELS-16-Edit.jpg\" id='av-masonry-1-item-2198' data-av-masonry-item='2198' class='av-masonry-entry isotope-item post-2198 attachment type-attachment status-inherit hentry  av-masonry-item-with-image' title=\"giusy-be-creatrice-de-mode-je-suis\"  itemprop=\"thumbnailUrl\" ><div class='av-inner-masonry-sizer'><\/div><figure class='av-inner-masonry main_color'><div class=\"av-masonry-outerimage-container\"><div class=\"av-masonry-image-container\" ><img decoding=\"async\" src=\"https:\/\/giusybe.com\/wp-content\/uploads\/2017\/01\/ONEFLASH-WEB-ONEFLASH-GIUSYBE-MODELS-16-Edit-470x705.jpg\" title=\"giusy-be-creatrice-de-mode-je-suis\" alt=\"\" \/><\/div><\/div><figcaption class='av-inner-masonry-content site-background'><div class='av-inner-masonry-content-pos'><div class='av-inner-masonry-content-pos-content'><div class='avia-arrow'><\/div><\/div><\/div><\/figcaption><\/figure><\/a><!--end av-masonry entry--><a href=\"https:\/\/giusybe.com\/wp-content\/uploads\/2017\/01\/ONEFLASH-WEB-ONEFLASH-GIUSYBE-MODELS-18-Edit.jpg\" id='av-masonry-1-item-2204' data-av-masonry-item='2204' class='av-masonry-entry isotope-item post-2204 attachment type-attachment status-inherit hentry  av-masonry-item-with-image' title=\"giusy-be-creatrice-de-mode-je-suis-la-directrice-de-ma-vie\"  itemprop=\"thumbnailUrl\" ><div class='av-inner-masonry-sizer'><\/div><figure class='av-inner-masonry main_color'><div class=\"av-masonry-outerimage-container\"><div class=\"av-masonry-image-container\" ><img decoding=\"async\" src=\"https:\/\/giusybe.com\/wp-content\/uploads\/2017\/01\/ONEFLASH-WEB-ONEFLASH-GIUSYBE-MODELS-18-Edit-470x705.jpg\" title=\"giusy-be-creatrice-de-mode-je-suis-la-directrice-de-ma-vie\" alt=\"\" \/><\/div><\/div><figcaption class='av-inner-masonry-content site-background'><div class='av-inner-masonry-content-pos'><div class='av-inner-masonry-content-pos-content'><div class='avia-arrow'><\/div><\/div><\/div><\/figcaption><\/figure><\/a><!--end av-masonry entry--><\/div><\/div><\/div>\n","protected":false},"excerpt":{"rendered":"","protected":false},"author":3,"featured_media":0,"parent":0,"menu_order":0,"comment_status":"closed","ping_status":"closed","template":"","meta":{"footnotes":""},"class_list":["post-2901","page","type-page","status-publish","hentry"],"_links":{"self":[{"href":"https:\/\/giusybe.com\/en\/wp-json\/wp\/v2\/pages\/2901\/"}],"collection":[{"href":"https:\/\/giusybe.com\/en\/wp-json\/wp\/v2\/pages\/"}],"about":[{"href":"https:\/\/giusybe.com\/en\/wp-json\/wp\/v2\/types\/page\/"}],"author":[{"embeddable":true,"href":"https:\/\/giusybe.com\/en\/wp-json\/wp\/v2\/users\/3\/"}],"replies":[{"embeddable":true,"href":"https:\/\/giusybe.com\/en\/wp-json\/wp\/v2\/comments\/?post=2901"}],"version-history":[{"count":6,"href":"https:\/\/giusybe.com\/en\/wp-json\/wp\/v2\/pages\/2901\/revisions\/"}],"predecessor-version":[{"id":4810,"href":"https:\/\/giusybe.com\/en\/wp-json\/wp\/v2\/pages\/2901\/revisions\/4810\/"}],"wp:attachment":[{"href":"https:\/\/giusybe.com\/en\/wp-json\/wp\/v2\/media\/?parent=2901"}],"curies":[{"name":"wp","href":"https:\/\/api.w.org\/{rel}","templated":true}]}}