{"id":3899,"date":"2018-02-20T15:58:30","date_gmt":"2018-02-20T14:58:30","guid":{"rendered":"http:\/\/giusybe.com\/?page_id=3899"},"modified":"2019-02-05T19:57:22","modified_gmt":"2019-02-05T18:57:22","slug":"nouveautes-2018","status":"publish","type":"page","link":"https:\/\/giusybe.com\/en\/nouveautes-2018\/","title":{"rendered":"New models 2018"},"content":{"rendered":"<div id='av-masonry-1' class='av-masonry  noHover av-flex-size av-large-gap av-hover-overlay-active av-masonry-animation-active av-masonry-col-flexible av-caption-on-hover av-caption-style- av-masonry-gallery     '  ><div class='av-masonry-container isotope av-js-disabled ' ><div class='av-masonry-entry isotope-item av-masonry-item-no-image '><\/div><a href=\"https:\/\/giusybe.com\/wp-content\/uploads\/2018\/09\/L1830021-687x1030.jpg\" id='av-masonry-1-item-4873' data-av-masonry-item='4873' class='av-masonry-entry isotope-item post-4873 attachment type-attachment status-inherit hentry  av-masonry-item-with-image' title=\"L1830021\"  itemprop=\"thumbnailUrl\" ><div class='av-inner-masonry-sizer'><\/div><figure class='av-inner-masonry main_color'><div class=\"av-masonry-outerimage-container\"><div class=\"av-masonry-image-container\" ><img decoding=\"async\" src=\"https:\/\/giusybe.com\/wp-content\/uploads\/2018\/09\/L1830021-470x705.jpg\" title=\"L1830021\" alt=\"\" \/><\/div><\/div><figcaption class='av-inner-masonry-content site-background'><div class='av-inner-masonry-content-pos'><div class='av-inner-masonry-content-pos-content'><div class='avia-arrow'><\/div><div class='av-masonry-entry-content entry-content'  itemprop=\"text\" >Je suis l'\u00e9ternelle \u00e9l\u00e9gance.<\/div><\/div><\/div><\/figcaption><\/figure><\/a><!--end av-masonry entry--><a href=\"https:\/\/giusybe.com\/wp-content\/uploads\/2018\/06\/L1830072-687x1030.jpg\" id='av-masonry-1-item-4735' data-av-masonry-item='4735' class='av-masonry-entry isotope-item post-4735 attachment type-attachment status-inherit hentry  av-masonry-item-with-image' title=\"L1830072\"  itemprop=\"thumbnailUrl\" ><div class='av-inner-masonry-sizer'><\/div><figure class='av-inner-masonry main_color'><div class=\"av-masonry-outerimage-container\"><div class=\"av-masonry-image-container\" ><img decoding=\"async\" src=\"https:\/\/giusybe.com\/wp-content\/uploads\/2018\/06\/L1830072-470x705.jpg\" title=\"L1830072\" alt=\"\" \/><\/div><\/div><figcaption class='av-inner-masonry-content site-background'><div class='av-inner-masonry-content-pos'><div class='av-inner-masonry-content-pos-content'><div class='avia-arrow'><\/div><div class='av-masonry-entry-content entry-content'  itemprop=\"text\" >Je suis le chic qui passe.<\/div><\/div><\/div><\/figcaption><\/figure><\/a><!--end av-masonry entry--><a href=\"https:\/\/giusybe.com\/wp-content\/uploads\/2018\/06\/L1830120-687x1030.jpg\" id='av-masonry-1-item-4681' data-av-masonry-item='4681' class='av-masonry-entry isotope-item post-4681 attachment type-attachment status-inherit hentry  av-masonry-item-with-image' title=\"L1830120\"  itemprop=\"thumbnailUrl\" ><div class='av-inner-masonry-sizer'><\/div><figure class='av-inner-masonry main_color'><div class=\"av-masonry-outerimage-container\"><div class=\"av-masonry-image-container\" ><img decoding=\"async\" src=\"https:\/\/giusybe.com\/wp-content\/uploads\/2018\/06\/L1830120-470x705.jpg\" title=\"L1830120\" alt=\"\" \/><\/div><\/div><figcaption class='av-inner-masonry-content site-background'><div class='av-inner-masonry-content-pos'><div class='av-inner-masonry-content-pos-content'><div class='avia-arrow'><\/div><div class='av-masonry-entry-content entry-content'  itemprop=\"text\" >Je suis la multitude des beaut\u00e9s.<\/div><\/div><\/div><\/figcaption><\/figure><\/a><!--end av-masonry entry--><a href=\"https:\/\/giusybe.com\/wp-content\/uploads\/2018\/06\/L1830156-687x1030.jpg\" id='av-masonry-1-item-4663' data-av-masonry-item='4663' class='av-masonry-entry isotope-item post-4663 attachment type-attachment status-inherit hentry  av-masonry-item-with-image' title=\"L1830156\"  itemprop=\"thumbnailUrl\" ><div class='av-inner-masonry-sizer'><\/div><figure class='av-inner-masonry main_color'><div class=\"av-masonry-outerimage-container\"><div class=\"av-masonry-image-container\" ><img decoding=\"async\" src=\"https:\/\/giusybe.com\/wp-content\/uploads\/2018\/06\/L1830156-470x705.jpg\" title=\"L1830156\" alt=\"\" \/><\/div><\/div><figcaption class='av-inner-masonry-content site-background'><div class='av-inner-masonry-content-pos'><div class='av-inner-masonry-content-pos-content'><div class='avia-arrow'><\/div><div class='av-masonry-entry-content entry-content'  itemprop=\"text\" >Je suis la directrice de ma vie.<\/div><\/div><\/div><\/figcaption><\/figure><\/a><!--end av-masonry entry--><a href=\"https:\/\/giusybe.com\/wp-content\/uploads\/2018\/02\/IMG_6893-773x1030.jpg\" id='av-masonry-1-item-4122' data-av-masonry-item='4122' class='av-masonry-entry isotope-item post-4122 attachment type-attachment status-inherit hentry  av-masonry-item-with-image' title=\"IMG_6893\"  itemprop=\"thumbnailUrl\" ><div class='av-inner-masonry-sizer'><\/div><figure class='av-inner-masonry main_color'><div class=\"av-masonry-outerimage-container\"><div class=\"av-masonry-image-container\" ><img decoding=\"async\" src=\"https:\/\/giusybe.com\/wp-content\/uploads\/2018\/02\/IMG_6893-529x705.jpg\" title=\"IMG_6893\" alt=\"\" \/><\/div><\/div><figcaption class='av-inner-masonry-content site-background'><div class='av-inner-masonry-content-pos'><div class='av-inner-masonry-content-pos-content'><div class='avia-arrow'><\/div><div class='av-masonry-entry-content entry-content'  itemprop=\"text\" >Je suis le simple dans le sophistiqu\u00e9.<\/div><\/div><\/div><\/figcaption><\/figure><\/a><!--end av-masonry entry--><a href=\"https:\/\/giusybe.com\/wp-content\/uploads\/2018\/02\/IMG_6857-1-773x1030.jpg\" id='av-masonry-1-item-3917' data-av-masonry-item='3917' class='av-masonry-entry isotope-item post-3917 attachment type-attachment status-inherit hentry  av-masonry-item-with-image' title=\"IMG_6857\"  itemprop=\"thumbnailUrl\" ><div class='av-inner-masonry-sizer'><\/div><figure class='av-inner-masonry main_color'><div class=\"av-masonry-outerimage-container\"><div class=\"av-masonry-image-container\" ><img decoding=\"async\" src=\"https:\/\/giusybe.com\/wp-content\/uploads\/2018\/02\/IMG_6857-1-529x705.jpg\" title=\"IMG_6857\" alt=\"\" \/><\/div><\/div><figcaption class='av-inner-masonry-content site-background'><div class='av-inner-masonry-content-pos'><div class='av-inner-masonry-content-pos-content'><div class='avia-arrow'><\/div><div class='av-masonry-entry-content entry-content'  itemprop=\"text\" >Je suis l'actrice de ma vie.<\/div><\/div><\/div><\/figcaption><\/figure><\/a><!--end av-masonry entry--><a href=\"https:\/\/giusybe.com\/wp-content\/uploads\/2018\/02\/IMG_7023-1030x1030.jpg\" id='av-masonry-1-item-3896' data-av-masonry-item='3896' class='av-masonry-entry isotope-item post-3896 attachment type-attachment status-inherit hentry  av-masonry-item-with-image' title=\"IMG_7023\"  itemprop=\"thumbnailUrl\" ><div class='av-inner-masonry-sizer'><\/div><figure class='av-inner-masonry main_color'><div class=\"av-masonry-outerimage-container\"><div class=\"av-masonry-image-container\" ><img decoding=\"async\" src=\"https:\/\/giusybe.com\/wp-content\/uploads\/2018\/02\/IMG_7023-705x705.jpg\" title=\"IMG_7023\" alt=\"\" \/><\/div><\/div><figcaption class='av-inner-masonry-content site-background'><div class='av-inner-masonry-content-pos'><div class='av-inner-masonry-content-pos-content'><div class='avia-arrow'><\/div><div class='av-masonry-entry-content entry-content'  itemprop=\"text\" >Je suis l'\u00e9cume de mes jours.<\/div><\/div><\/div><\/figcaption><\/figure><\/a><!--end av-masonry entry--><a href=\"https:\/\/giusybe.com\/wp-content\/uploads\/2018\/02\/IMG_7035-1030x1030.jpg\" id='av-masonry-1-item-3884' data-av-masonry-item='3884' class='av-masonry-entry isotope-item post-3884 attachment type-attachment status-inherit hentry  av-masonry-item-with-image' title=\"IMG_7035\"  itemprop=\"thumbnailUrl\" ><div class='av-inner-masonry-sizer'><\/div><figure class='av-inner-masonry main_color'><div class=\"av-masonry-outerimage-container\"><div class=\"av-masonry-image-container\" ><img decoding=\"async\" src=\"https:\/\/giusybe.com\/wp-content\/uploads\/2018\/02\/IMG_7035-705x705.jpg\" title=\"IMG_7035\" alt=\"\" \/><\/div><\/div><figcaption class='av-inner-masonry-content site-background'><div class='av-inner-masonry-content-pos'><div class='av-inner-masonry-content-pos-content'><div class='avia-arrow'><\/div><div class='av-masonry-entry-content entry-content'  itemprop=\"text\" >Je suis l'\u00e9quilibre de l'oppos\u00e9.<\/div><\/div><\/div><\/figcaption><\/figure><\/a><!--end av-masonry entry--><a href=\"https:\/\/giusybe.com\/wp-content\/uploads\/2018\/02\/IMG_7024-1030x1030.jpg\" id='av-masonry-1-item-3887' data-av-masonry-item='3887' class='av-masonry-entry isotope-item post-3887 attachment type-attachment status-inherit hentry  av-masonry-item-with-image' title=\"IMG_7024\"  itemprop=\"thumbnailUrl\" ><div class='av-inner-masonry-sizer'><\/div><figure class='av-inner-masonry main_color'><div class=\"av-masonry-outerimage-container\"><div class=\"av-masonry-image-container\" ><img decoding=\"async\" src=\"https:\/\/giusybe.com\/wp-content\/uploads\/2018\/02\/IMG_7024-705x705.jpg\" title=\"IMG_7024\" alt=\"\" \/><\/div><\/div><figcaption class='av-inner-masonry-content site-background'><div class='av-inner-masonry-content-pos'><div class='av-inner-masonry-content-pos-content'><div class='avia-arrow'><\/div><div class='av-masonry-entry-content entry-content'  itemprop=\"text\" >Je suis l'\u00e9cume de mes jours.<\/div><\/div><\/div><\/figcaption><\/figure><\/a><!--end av-masonry entry--><a href=\"https:\/\/giusybe.com\/wp-content\/uploads\/2018\/02\/IMG_6973-1030x1030.jpg\" id='av-masonry-1-item-3911' data-av-masonry-item='3911' class='av-masonry-entry isotope-item post-3911 attachment type-attachment status-inherit hentry  av-masonry-item-with-image' title=\"IMG_6973\"  itemprop=\"thumbnailUrl\" ><div class='av-inner-masonry-sizer'><\/div><figure class='av-inner-masonry main_color'><div class=\"av-masonry-outerimage-container\"><div class=\"av-masonry-image-container\" ><img decoding=\"async\" src=\"https:\/\/giusybe.com\/wp-content\/uploads\/2018\/02\/IMG_6973-705x705.jpg\" title=\"IMG_6973\" alt=\"\" \/><\/div><\/div><figcaption class='av-inner-masonry-content site-background'><div class='av-inner-masonry-content-pos'><div class='av-inner-masonry-content-pos-content'><div class='avia-arrow'><\/div><div class='av-masonry-entry-content entry-content'  itemprop=\"text\" >Je suis la gr\u00e2ce du moment. (veste)<\/div><\/div><\/div><\/figcaption><\/figure><\/a><!--end av-masonry entry--><a href=\"https:\/\/giusybe.com\/wp-content\/uploads\/2018\/02\/IMG_7117-1030x1030.jpg\" id='av-masonry-1-item-3881' data-av-masonry-item='3881' class='av-masonry-entry isotope-item post-3881 attachment type-attachment status-inherit hentry  av-masonry-item-with-image' title=\"IMG_7117\"  itemprop=\"thumbnailUrl\" ><div class='av-inner-masonry-sizer'><\/div><figure class='av-inner-masonry main_color'><div class=\"av-masonry-outerimage-container\"><div class=\"av-masonry-image-container\" ><img decoding=\"async\" src=\"https:\/\/giusybe.com\/wp-content\/uploads\/2018\/02\/IMG_7117-705x705.jpg\" title=\"IMG_7117\" alt=\"\" \/><\/div><\/div><figcaption class='av-inner-masonry-content site-background'><div class='av-inner-masonry-content-pos'><div class='av-inner-masonry-content-pos-content'><div class='avia-arrow'><\/div><div class='av-masonry-entry-content entry-content'  itemprop=\"text\" >Je suis moi.<\/div><\/div><\/div><\/figcaption><\/figure><\/a><!--end av-masonry entry--><a href=\"https:\/\/giusybe.com\/wp-content\/uploads\/2018\/02\/IMG_7201-1030x1030.jpg\" id='av-masonry-1-item-3875' data-av-masonry-item='3875' class='av-masonry-entry isotope-item post-3875 attachment type-attachment status-inherit hentry  av-masonry-item-with-image' title=\"IMG_7201\"  itemprop=\"thumbnailUrl\" ><div class='av-inner-masonry-sizer'><\/div><figure class='av-inner-masonry main_color'><div class=\"av-masonry-outerimage-container\"><div class=\"av-masonry-image-container\" ><img decoding=\"async\" src=\"https:\/\/giusybe.com\/wp-content\/uploads\/2018\/02\/IMG_7201-705x705.jpg\" title=\"IMG_7201\" alt=\"\" \/><\/div><\/div><figcaption class='av-inner-masonry-content site-background'><div class='av-inner-masonry-content-pos'><div class='av-inner-masonry-content-pos-content'><div class='avia-arrow'><\/div><div class='av-masonry-entry-content entry-content'  itemprop=\"text\" >Je suis la gr\u00e2ce du moment.<\/div><\/div><\/div><\/figcaption><\/figure><\/a><!--end av-masonry entry--><a href=\"https:\/\/giusybe.com\/wp-content\/uploads\/2018\/02\/IMG_7118-1030x1030.jpg\" id='av-masonry-1-item-3869' data-av-masonry-item='3869' class='av-masonry-entry isotope-item post-3869 attachment type-attachment status-inherit hentry  av-masonry-item-with-image' title=\"IMG_7118\"  itemprop=\"thumbnailUrl\" ><div class='av-inner-masonry-sizer'><\/div><figure class='av-inner-masonry main_color'><div class=\"av-masonry-outerimage-container\"><div class=\"av-masonry-image-container\" ><img decoding=\"async\" src=\"https:\/\/giusybe.com\/wp-content\/uploads\/2018\/02\/IMG_7118-705x705.jpg\" title=\"IMG_7118\" alt=\"\" \/><\/div><\/div><figcaption class='av-inner-masonry-content site-background'><div class='av-inner-masonry-content-pos'><div class='av-inner-masonry-content-pos-content'><div class='avia-arrow'><\/div><div class='av-masonry-entry-content entry-content'  itemprop=\"text\" >Je suis la gr\u00e2ce du moment<\/div><\/div><\/div><\/figcaption><\/figure><\/a><!--end av-masonry entry--><a href=\"https:\/\/giusybe.com\/wp-content\/uploads\/2018\/02\/IMG_7025-824x1030.jpg\" id='av-masonry-1-item-3857' data-av-masonry-item='3857' class='av-masonry-entry isotope-item post-3857 attachment type-attachment status-inherit hentry  av-masonry-item-with-image' title=\"IMG_7025\"  itemprop=\"thumbnailUrl\" ><div class='av-inner-masonry-sizer'><\/div><figure class='av-inner-masonry main_color'><div class=\"av-masonry-outerimage-container\"><div class=\"av-masonry-image-container\" ><img decoding=\"async\" src=\"https:\/\/giusybe.com\/wp-content\/uploads\/2018\/02\/IMG_7025-564x705.jpg\" title=\"IMG_7025\" alt=\"\" \/><\/div><\/div><figcaption class='av-inner-masonry-content site-background'><div class='av-inner-masonry-content-pos'><div class='av-inner-masonry-content-pos-content'><div class='avia-arrow'><\/div><div class='av-masonry-entry-content entry-content'  itemprop=\"text\" >Je suis le soleil sous la pluie.<\/div><\/div><\/div><\/figcaption><\/figure><\/a><!--end av-masonry entry--><a href=\"https:\/\/giusybe.com\/wp-content\/uploads\/2018\/02\/IMG_7134-773x1030.jpg\" id='av-masonry-1-item-3866' data-av-masonry-item='3866' class='av-masonry-entry isotope-item post-3866 attachment type-attachment status-inherit hentry  av-masonry-item-with-image' title=\"IMG_7134\"  itemprop=\"thumbnailUrl\" ><div class='av-inner-masonry-sizer'><\/div><figure class='av-inner-masonry main_color'><div class=\"av-masonry-outerimage-container\"><div class=\"av-masonry-image-container\" ><img decoding=\"async\" src=\"https:\/\/giusybe.com\/wp-content\/uploads\/2018\/02\/IMG_7134-529x705.jpg\" title=\"IMG_7134\" alt=\"\" \/><\/div><\/div><figcaption class='av-inner-masonry-content site-background'><div class='av-inner-masonry-content-pos'><div class='av-inner-masonry-content-pos-content'><div class='avia-arrow'><\/div><\/div><\/div><\/figcaption><\/figure><\/a><!--end av-masonry entry--><a href=\"https:\/\/giusybe.com\/wp-content\/uploads\/2018\/02\/thumb_IMG_7196.jpg\" id='av-masonry-1-item-3854' data-av-masonry-item='3854' class='av-masonry-entry isotope-item post-3854 attachment type-attachment status-inherit hentry  av-masonry-item-with-image' title=\"thumb_IMG_7196\"  itemprop=\"thumbnailUrl\" ><div class='av-inner-masonry-sizer'><\/div><figure class='av-inner-masonry main_color'><div class=\"av-masonry-outerimage-container\"><div class=\"av-masonry-image-container\" ><img decoding=\"async\" src=\"https:\/\/giusybe.com\/wp-content\/uploads\/2018\/02\/thumb_IMG_7196.jpg\" title=\"thumb_IMG_7196\" alt=\"\" \/><\/div><\/div><figcaption class='av-inner-masonry-content site-background'><div class='av-inner-masonry-content-pos'><div class='av-inner-masonry-content-pos-content'><div class='avia-arrow'><\/div><div class='av-masonry-entry-content entry-content'  itemprop=\"text\" >Je suis le simple dans le sophistiqu\u00e9.<\/div><\/div><\/div><\/figcaption><\/figure><\/a><!--end av-masonry entry--><\/div><\/div>\n","protected":false},"excerpt":{"rendered":"","protected":false},"author":3,"featured_media":0,"parent":0,"menu_order":0,"comment_status":"closed","ping_status":"closed","template":"","meta":{"footnotes":""},"class_list":["post-3899","page","type-page","status-publish","hentry"],"_links":{"self":[{"href":"https:\/\/giusybe.com\/en\/wp-json\/wp\/v2\/pages\/3899\/"}],"collection":[{"href":"https:\/\/giusybe.com\/en\/wp-json\/wp\/v2\/pages\/"}],"about":[{"href":"https:\/\/giusybe.com\/en\/wp-json\/wp\/v2\/types\/page\/"}],"author":[{"embeddable":true,"href":"https:\/\/giusybe.com\/en\/wp-json\/wp\/v2\/users\/3\/"}],"replies":[{"embeddable":true,"href":"https:\/\/giusybe.com\/en\/wp-json\/wp\/v2\/comments\/?post=3899"}],"version-history":[{"count":9,"href":"https:\/\/giusybe.com\/en\/wp-json\/wp\/v2\/pages\/3899\/revisions\/"}],"predecessor-version":[{"id":5185,"href":"https:\/\/giusybe.com\/en\/wp-json\/wp\/v2\/pages\/3899\/revisions\/5185\/"}],"wp:attachment":[{"href":"https:\/\/giusybe.com\/en\/wp-json\/wp\/v2\/media\/?parent=3899"}],"curies":[{"name":"wp","href":"https:\/\/api.w.org\/{rel}","templated":true}]}}