{"id":4573,"date":"2018-06-15T22:37:28","date_gmt":"2018-06-15T21:37:28","guid":{"rendered":"https:\/\/giusybe.com\/?page_id=4573"},"modified":"2018-06-15T22:37:28","modified_gmt":"2018-06-15T21:37:28","slug":"spring-summer","status":"publish","type":"page","link":"https:\/\/giusybe.com\/en\/spring-summer\/","title":{"rendered":"Spring summer"},"content":{"rendered":"<div class=\"flex_column av_one_full  flex_column_div av-zero-column-padding first  avia-builder-el-0  avia-builder-el-no-sibling  \" style='border-radius:0px; '><div class=' grid-sort-container isotope   no_margin-container with-title-container grid-total-even grid-col-4 grid-links-' data-portfolio-id='1'><div data-ajax-id='4446' class=' grid-entry flex_column isotope-item all_sort no_margin post-entry post-entry-4446 grid-entry-overview grid-loop-1 grid-parity-odd  spring-summer-2018_sort  av_one_fourth first default_av_fullwidth '><article class='main_color inner-entry'  itemscope=\"itemscope\" itemtype=\"https:\/\/schema.org\/CreativeWork\" ><a href='https:\/\/giusybe.com\/en\/portfolio-item\/je-suis-la-multitude-des-beautes\/' title='Je suis la multitude des beaut\u00e9s'  data-rel='grid-1' class='grid-image avia-hover-fx'><img loading=\"lazy\" decoding=\"async\" width=\"750\" height=\"1000\" src=\"https:\/\/giusybe.com\/wp-content\/uploads\/2017\/05\/ONEFLASH-WEB-GIUSY-BE-ROBES-059.jpg\" class=\"attachment-no scaling size-no scaling wp-post-image\" alt=\"\" srcset=\"https:\/\/giusybe.com\/wp-content\/uploads\/2017\/05\/ONEFLASH-WEB-GIUSY-BE-ROBES-059.jpg 750w, https:\/\/giusybe.com\/wp-content\/uploads\/2017\/05\/ONEFLASH-WEB-GIUSY-BE-ROBES-059-225x300.jpg 225w, https:\/\/giusybe.com\/wp-content\/uploads\/2017\/05\/ONEFLASH-WEB-GIUSY-BE-ROBES-059-529x705.jpg 529w, https:\/\/giusybe.com\/wp-content\/uploads\/2017\/05\/ONEFLASH-WEB-GIUSY-BE-ROBES-059-450x600.jpg 450w\" sizes=\"auto, (max-width: 750px) 100vw, 750px\" \/><\/a><div class='grid-content'><div class='avia-arrow'><\/div><header class=\"entry-content-header\"><h3 class='grid-entry-title entry-title '  itemprop=\"headline\" ><a href='https:\/\/giusybe.com\/en\/portfolio-item\/je-suis-la-multitude-des-beautes\/' title='Je suis la multitude des beaut\u00e9s'>Je suis la multitude des beaut\u00e9s<\/a><\/h3><\/header><\/div><footer class=\"entry-footer\"><\/footer><\/article><\/div><div data-ajax-id='4453' class=' grid-entry flex_column isotope-item all_sort no_margin post-entry post-entry-4453 grid-entry-overview grid-loop-2 grid-parity-even  spring-summer-2018_sort  av_one_fourth  default_av_fullwidth '><article class='main_color inner-entry'  itemscope=\"itemscope\" itemtype=\"https:\/\/schema.org\/CreativeWork\" ><a href='https:\/\/giusybe.com\/en\/portfolio-item\/je-suis-le-contraste-qui-enchante\/' title='Je suis le contraste qui enchante'  data-rel='grid-1' class='grid-image avia-hover-fx'><img loading=\"lazy\" decoding=\"async\" width=\"750\" height=\"1000\" src=\"https:\/\/giusybe.com\/wp-content\/uploads\/2017\/05\/ONEFLASH-WEB-GIUSY-BE-ROBES-042.jpg\" class=\"attachment-no scaling size-no scaling wp-post-image\" alt=\"\" srcset=\"https:\/\/giusybe.com\/wp-content\/uploads\/2017\/05\/ONEFLASH-WEB-GIUSY-BE-ROBES-042.jpg 750w, https:\/\/giusybe.com\/wp-content\/uploads\/2017\/05\/ONEFLASH-WEB-GIUSY-BE-ROBES-042-225x300.jpg 225w, https:\/\/giusybe.com\/wp-content\/uploads\/2017\/05\/ONEFLASH-WEB-GIUSY-BE-ROBES-042-529x705.jpg 529w, https:\/\/giusybe.com\/wp-content\/uploads\/2017\/05\/ONEFLASH-WEB-GIUSY-BE-ROBES-042-450x600.jpg 450w\" sizes=\"auto, (max-width: 750px) 100vw, 750px\" \/><\/a><div class='grid-content'><div class='avia-arrow'><\/div><header class=\"entry-content-header\"><h3 class='grid-entry-title entry-title '  itemprop=\"headline\" ><a href='https:\/\/giusybe.com\/en\/portfolio-item\/je-suis-le-contraste-qui-enchante\/' title='Je suis le contraste qui enchante'>Je suis le contraste qui enchante<\/a><\/h3><\/header><\/div><footer class=\"entry-footer\"><\/footer><\/article><\/div><div data-ajax-id='4430' class=' grid-entry flex_column isotope-item all_sort no_margin post-entry post-entry-4430 grid-entry-overview grid-loop-3 grid-parity-odd  spring-summer-2018_sort  av_one_fourth  default_av_fullwidth '><article class='main_color inner-entry'  itemscope=\"itemscope\" itemtype=\"https:\/\/schema.org\/CreativeWork\" ><a href='https:\/\/giusybe.com\/en\/portfolio-item\/je-suis-la-princesse-des-decouvertes\/' title='Je suis la princesse des d\u00e9couvertes.'  data-rel='grid-1' class='grid-image avia-hover-fx'><img loading=\"lazy\" decoding=\"async\" width=\"750\" height=\"1000\" src=\"https:\/\/giusybe.com\/wp-content\/uploads\/2017\/05\/ONEFLASH-WEB-GIUSY-BE-ROBES-078.jpg\" class=\"attachment-no scaling size-no scaling wp-post-image\" alt=\"\" srcset=\"https:\/\/giusybe.com\/wp-content\/uploads\/2017\/05\/ONEFLASH-WEB-GIUSY-BE-ROBES-078.jpg 750w, https:\/\/giusybe.com\/wp-content\/uploads\/2017\/05\/ONEFLASH-WEB-GIUSY-BE-ROBES-078-225x300.jpg 225w, https:\/\/giusybe.com\/wp-content\/uploads\/2017\/05\/ONEFLASH-WEB-GIUSY-BE-ROBES-078-529x705.jpg 529w, https:\/\/giusybe.com\/wp-content\/uploads\/2017\/05\/ONEFLASH-WEB-GIUSY-BE-ROBES-078-450x600.jpg 450w\" sizes=\"auto, (max-width: 750px) 100vw, 750px\" \/><\/a><div class='grid-content'><div class='avia-arrow'><\/div><header class=\"entry-content-header\"><h3 class='grid-entry-title entry-title '  itemprop=\"headline\" ><a href='https:\/\/giusybe.com\/en\/portfolio-item\/je-suis-la-princesse-des-decouvertes\/' title='Je suis la princesse des d\u00e9couvertes.'>Je suis la princesse des d\u00e9couvertes.<\/a><\/h3><\/header><\/div><footer class=\"entry-footer\"><\/footer><\/article><\/div><div data-ajax-id='4520' class=' grid-entry flex_column isotope-item all_sort no_margin post-entry post-entry-4520 grid-entry-overview grid-loop-4 grid-parity-even  spring-summer-2018_sort  av_one_fourth  default_av_fullwidth '><article class='main_color inner-entry'  itemscope=\"itemscope\" itemtype=\"https:\/\/schema.org\/CreativeWork\" ><a href='https:\/\/giusybe.com\/en\/portfolio-item\/je-suis-la-directrice-de-ma-vie\/' title='Je suis la directrice de ma vie'  data-rel='grid-1' class='grid-image avia-hover-fx'><img loading=\"lazy\" decoding=\"async\" width=\"750\" height=\"1000\" src=\"https:\/\/giusybe.com\/wp-content\/uploads\/2017\/05\/ONEFLASH-WEB-GIUSY-BE-ROBES-049.jpg\" class=\"attachment-no scaling size-no scaling wp-post-image\" alt=\"\" srcset=\"https:\/\/giusybe.com\/wp-content\/uploads\/2017\/05\/ONEFLASH-WEB-GIUSY-BE-ROBES-049.jpg 750w, https:\/\/giusybe.com\/wp-content\/uploads\/2017\/05\/ONEFLASH-WEB-GIUSY-BE-ROBES-049-225x300.jpg 225w, https:\/\/giusybe.com\/wp-content\/uploads\/2017\/05\/ONEFLASH-WEB-GIUSY-BE-ROBES-049-529x705.jpg 529w, https:\/\/giusybe.com\/wp-content\/uploads\/2017\/05\/ONEFLASH-WEB-GIUSY-BE-ROBES-049-450x600.jpg 450w\" sizes=\"auto, (max-width: 750px) 100vw, 750px\" \/><\/a><div class='grid-content'><div class='avia-arrow'><\/div><header class=\"entry-content-header\"><h3 class='grid-entry-title entry-title '  itemprop=\"headline\" ><a href='https:\/\/giusybe.com\/en\/portfolio-item\/je-suis-la-directrice-de-ma-vie\/' title='Je suis la directrice de ma vie'>Je suis la directrice de ma vie<\/a><\/h3><\/header><\/div><footer class=\"entry-footer\"><\/footer><\/article><\/div><div data-ajax-id='4489' class=' grid-entry flex_column isotope-item all_sort no_margin post-entry post-entry-4489 grid-entry-overview grid-loop-5 grid-parity-odd  spring-summer-2018_sort  av_one_fourth first default_av_fullwidth '><article class='main_color inner-entry'  itemscope=\"itemscope\" itemtype=\"https:\/\/schema.org\/CreativeWork\" ><a href='https:\/\/giusybe.com\/en\/portfolio-item\/je-suis-lombre-des-merveilles\/' title='Je suis l&#039;ombre des merveilles'  data-rel='grid-1' class='grid-image avia-hover-fx'><img loading=\"lazy\" decoding=\"async\" width=\"750\" height=\"1000\" src=\"https:\/\/giusybe.com\/wp-content\/uploads\/2017\/05\/ONEFLASH-WEB-GIUSY-BE-ROBES-082.jpg\" class=\"attachment-no scaling size-no scaling wp-post-image\" alt=\"\" srcset=\"https:\/\/giusybe.com\/wp-content\/uploads\/2017\/05\/ONEFLASH-WEB-GIUSY-BE-ROBES-082.jpg 750w, https:\/\/giusybe.com\/wp-content\/uploads\/2017\/05\/ONEFLASH-WEB-GIUSY-BE-ROBES-082-225x300.jpg 225w, https:\/\/giusybe.com\/wp-content\/uploads\/2017\/05\/ONEFLASH-WEB-GIUSY-BE-ROBES-082-529x705.jpg 529w, https:\/\/giusybe.com\/wp-content\/uploads\/2017\/05\/ONEFLASH-WEB-GIUSY-BE-ROBES-082-450x600.jpg 450w\" sizes=\"auto, (max-width: 750px) 100vw, 750px\" \/><\/a><div class='grid-content'><div class='avia-arrow'><\/div><header class=\"entry-content-header\"><h3 class='grid-entry-title entry-title '  itemprop=\"headline\" ><a href='https:\/\/giusybe.com\/en\/portfolio-item\/je-suis-lombre-des-merveilles\/' title='Je suis l&#039;ombre des merveilles'>Je suis l'ombre des merveilles<\/a><\/h3><\/header><\/div><footer class=\"entry-footer\"><\/footer><\/article><\/div><div data-ajax-id='4495' class=' grid-entry flex_column isotope-item all_sort no_margin post-entry post-entry-4495 grid-entry-overview grid-loop-6 grid-parity-even  spring-summer-2018_sort  av_one_fourth  default_av_fullwidth '><article class='main_color inner-entry'  itemscope=\"itemscope\" itemtype=\"https:\/\/schema.org\/CreativeWork\" ><a href='https:\/\/giusybe.com\/en\/portfolio-item\/je-suis-la-tendance-qui-me-convient\/' title='Je suis la tendance qui me convient'  data-rel='grid-1' class='grid-image avia-hover-fx'><img loading=\"lazy\" decoding=\"async\" width=\"750\" height=\"1000\" src=\"https:\/\/giusybe.com\/wp-content\/uploads\/2017\/05\/ONEFLASH-WEB-GIUSY-BE-ROBES-054.jpg\" class=\"attachment-no scaling size-no scaling wp-post-image\" alt=\"\" srcset=\"https:\/\/giusybe.com\/wp-content\/uploads\/2017\/05\/ONEFLASH-WEB-GIUSY-BE-ROBES-054.jpg 750w, https:\/\/giusybe.com\/wp-content\/uploads\/2017\/05\/ONEFLASH-WEB-GIUSY-BE-ROBES-054-225x300.jpg 225w, https:\/\/giusybe.com\/wp-content\/uploads\/2017\/05\/ONEFLASH-WEB-GIUSY-BE-ROBES-054-529x705.jpg 529w, https:\/\/giusybe.com\/wp-content\/uploads\/2017\/05\/ONEFLASH-WEB-GIUSY-BE-ROBES-054-450x600.jpg 450w\" sizes=\"auto, (max-width: 750px) 100vw, 750px\" \/><\/a><div class='grid-content'><div class='avia-arrow'><\/div><header class=\"entry-content-header\"><h3 class='grid-entry-title entry-title '  itemprop=\"headline\" ><a href='https:\/\/giusybe.com\/en\/portfolio-item\/je-suis-la-tendance-qui-me-convient\/' title='Je suis la tendance qui me convient'>Je suis la tendance qui me convient<\/a><\/h3><\/header><\/div><footer class=\"entry-footer\"><\/footer><\/article><\/div><div data-ajax-id='4548' class=' grid-entry flex_column isotope-item all_sort no_margin post-entry post-entry-4548 grid-entry-overview grid-loop-7 grid-parity-odd  spring-summer-2018_sort  av_one_fourth  default_av_fullwidth '><article class='main_color inner-entry'  itemscope=\"itemscope\" itemtype=\"https:\/\/schema.org\/CreativeWork\" ><a href='https:\/\/giusybe.com\/en\/portfolio-item\/je-suis-la-modernite-surprenante\/' title='Je suis la modernit\u00e9 surprenante'  data-rel='grid-1' class='grid-image avia-hover-fx'><img loading=\"lazy\" decoding=\"async\" width=\"750\" height=\"1000\" src=\"https:\/\/giusybe.com\/wp-content\/uploads\/2017\/05\/ONEFLASH-WEB-GIUSY-BE-ROBES-086.jpg\" class=\"attachment-no scaling size-no scaling wp-post-image\" alt=\"\" srcset=\"https:\/\/giusybe.com\/wp-content\/uploads\/2017\/05\/ONEFLASH-WEB-GIUSY-BE-ROBES-086.jpg 750w, https:\/\/giusybe.com\/wp-content\/uploads\/2017\/05\/ONEFLASH-WEB-GIUSY-BE-ROBES-086-225x300.jpg 225w, https:\/\/giusybe.com\/wp-content\/uploads\/2017\/05\/ONEFLASH-WEB-GIUSY-BE-ROBES-086-529x705.jpg 529w, https:\/\/giusybe.com\/wp-content\/uploads\/2017\/05\/ONEFLASH-WEB-GIUSY-BE-ROBES-086-450x600.jpg 450w\" sizes=\"auto, (max-width: 750px) 100vw, 750px\" \/><\/a><div class='grid-content'><div class='avia-arrow'><\/div><header class=\"entry-content-header\"><h3 class='grid-entry-title entry-title '  itemprop=\"headline\" ><a href='https:\/\/giusybe.com\/en\/portfolio-item\/je-suis-la-modernite-surprenante\/' title='Je suis la modernit\u00e9 surprenante'>Je suis la modernit\u00e9 surprenante<\/a><\/h3><\/header><\/div><footer class=\"entry-footer\"><\/footer><\/article><\/div><div data-ajax-id='4512' class=' grid-entry flex_column isotope-item all_sort no_margin post-entry post-entry-4512 grid-entry-overview grid-loop-8 grid-parity-even  spring-summer-2018_sort  av_one_fourth  default_av_fullwidth '><article class='main_color inner-entry'  itemscope=\"itemscope\" itemtype=\"https:\/\/schema.org\/CreativeWork\" ><a href='https:\/\/giusybe.com\/en\/portfolio-item\/je-suis-la-dame-de-coeur\/' title='Je suis la dame de coeur'  data-rel='grid-1' class='grid-image avia-hover-fx'><img loading=\"lazy\" decoding=\"async\" width=\"750\" height=\"1000\" src=\"https:\/\/giusybe.com\/wp-content\/uploads\/2017\/05\/ONEFLASH-WEB-GIUSY-BE-ROBES-008.jpg\" class=\"attachment-no scaling size-no scaling wp-post-image\" alt=\"\" srcset=\"https:\/\/giusybe.com\/wp-content\/uploads\/2017\/05\/ONEFLASH-WEB-GIUSY-BE-ROBES-008.jpg 750w, https:\/\/giusybe.com\/wp-content\/uploads\/2017\/05\/ONEFLASH-WEB-GIUSY-BE-ROBES-008-225x300.jpg 225w, https:\/\/giusybe.com\/wp-content\/uploads\/2017\/05\/ONEFLASH-WEB-GIUSY-BE-ROBES-008-529x705.jpg 529w, https:\/\/giusybe.com\/wp-content\/uploads\/2017\/05\/ONEFLASH-WEB-GIUSY-BE-ROBES-008-450x600.jpg 450w\" sizes=\"auto, (max-width: 750px) 100vw, 750px\" \/><\/a><div class='grid-content'><div class='avia-arrow'><\/div><header class=\"entry-content-header\"><h3 class='grid-entry-title entry-title '  itemprop=\"headline\" ><a href='https:\/\/giusybe.com\/en\/portfolio-item\/je-suis-la-dame-de-coeur\/' title='Je suis la dame de coeur'>Je suis la dame de coeur<\/a><\/h3><\/header><\/div><footer class=\"entry-footer\"><\/footer><\/article><\/div><div data-ajax-id='4527' class=' grid-entry flex_column isotope-item all_sort no_margin post-entry post-entry-4527 grid-entry-overview grid-loop-9 grid-parity-odd  spring-summer-2018_sort  av_one_fourth first default_av_fullwidth '><article class='main_color inner-entry'  itemscope=\"itemscope\" itemtype=\"https:\/\/schema.org\/CreativeWork\" ><a href='https:\/\/giusybe.com\/en\/portfolio-item\/je-suis-leternelle-elegance\/' title='Je suis l\u2019\u00e9ternelle \u00e9l\u00e9gance'  data-rel='grid-1' class='grid-image avia-hover-fx'><img loading=\"lazy\" decoding=\"async\" width=\"750\" height=\"1000\" src=\"https:\/\/giusybe.com\/wp-content\/uploads\/2017\/05\/ONEFLASH-WEB-GIUSY-BE-ROBES-074.jpg\" class=\"attachment-no scaling size-no scaling wp-post-image\" alt=\"\" srcset=\"https:\/\/giusybe.com\/wp-content\/uploads\/2017\/05\/ONEFLASH-WEB-GIUSY-BE-ROBES-074.jpg 750w, https:\/\/giusybe.com\/wp-content\/uploads\/2017\/05\/ONEFLASH-WEB-GIUSY-BE-ROBES-074-225x300.jpg 225w, https:\/\/giusybe.com\/wp-content\/uploads\/2017\/05\/ONEFLASH-WEB-GIUSY-BE-ROBES-074-529x705.jpg 529w, https:\/\/giusybe.com\/wp-content\/uploads\/2017\/05\/ONEFLASH-WEB-GIUSY-BE-ROBES-074-450x600.jpg 450w\" sizes=\"auto, (max-width: 750px) 100vw, 750px\" \/><\/a><div class='grid-content'><div class='avia-arrow'><\/div><header class=\"entry-content-header\"><h3 class='grid-entry-title entry-title '  itemprop=\"headline\" ><a href='https:\/\/giusybe.com\/en\/portfolio-item\/je-suis-leternelle-elegance\/' title='Je suis l\u2019\u00e9ternelle \u00e9l\u00e9gance'>Je suis l\u2019\u00e9ternelle \u00e9l\u00e9gance<\/a><\/h3><\/header><\/div><footer class=\"entry-footer\"><\/footer><\/article><\/div><div data-ajax-id='4440' class=' grid-entry flex_column isotope-item all_sort no_margin post-entry post-entry-4440 grid-entry-overview grid-loop-10 grid-parity-even  spring-summer-2018_sort  av_one_fourth  default_av_fullwidth '><article class='main_color inner-entry'  itemscope=\"itemscope\" itemtype=\"https:\/\/schema.org\/CreativeWork\" ><a href='https:\/\/giusybe.com\/en\/portfolio-item\/je-suis-la-douceur-qui-se-remarque\/' title='Je suis la douceur qui se remarque'  data-rel='grid-1' class='grid-image avia-hover-fx'><img loading=\"lazy\" decoding=\"async\" width=\"750\" height=\"1000\" src=\"https:\/\/giusybe.com\/wp-content\/uploads\/2017\/05\/ONEFLASH-WEB-GIUSY-BE-ROBES-014.jpg\" class=\"attachment-no scaling size-no scaling wp-post-image\" alt=\"\" srcset=\"https:\/\/giusybe.com\/wp-content\/uploads\/2017\/05\/ONEFLASH-WEB-GIUSY-BE-ROBES-014.jpg 750w, https:\/\/giusybe.com\/wp-content\/uploads\/2017\/05\/ONEFLASH-WEB-GIUSY-BE-ROBES-014-225x300.jpg 225w, https:\/\/giusybe.com\/wp-content\/uploads\/2017\/05\/ONEFLASH-WEB-GIUSY-BE-ROBES-014-529x705.jpg 529w, https:\/\/giusybe.com\/wp-content\/uploads\/2017\/05\/ONEFLASH-WEB-GIUSY-BE-ROBES-014-450x600.jpg 450w\" sizes=\"auto, (max-width: 750px) 100vw, 750px\" \/><\/a><div class='grid-content'><div class='avia-arrow'><\/div><header class=\"entry-content-header\"><h3 class='grid-entry-title entry-title '  itemprop=\"headline\" ><a href='https:\/\/giusybe.com\/en\/portfolio-item\/je-suis-la-douceur-qui-se-remarque\/' title='Je suis la douceur qui se remarque'>Je suis la douceur qui se remarque<\/a><\/h3><\/header><\/div><footer class=\"entry-footer\"><\/footer><\/article><\/div><div data-ajax-id='4541' class=' grid-entry flex_column isotope-item all_sort no_margin post-entry post-entry-4541 grid-entry-overview grid-loop-11 grid-parity-odd  spring-summer-2018_sort  av_one_fourth  default_av_fullwidth '><article class='main_color inner-entry'  itemscope=\"itemscope\" itemtype=\"https:\/\/schema.org\/CreativeWork\" ><a href='https:\/\/giusybe.com\/en\/portfolio-item\/je-suis-la-somptueuse-nuit\/' title='Je suis la somptueuse nuit'  data-rel='grid-1' class='grid-image avia-hover-fx'><img loading=\"lazy\" decoding=\"async\" width=\"750\" height=\"1000\" src=\"https:\/\/giusybe.com\/wp-content\/uploads\/2017\/05\/ONEFLASH-WEB-GIUSY-BE-ROBES-038.jpg\" class=\"attachment-no scaling size-no scaling wp-post-image\" alt=\"\" srcset=\"https:\/\/giusybe.com\/wp-content\/uploads\/2017\/05\/ONEFLASH-WEB-GIUSY-BE-ROBES-038.jpg 750w, https:\/\/giusybe.com\/wp-content\/uploads\/2017\/05\/ONEFLASH-WEB-GIUSY-BE-ROBES-038-225x300.jpg 225w, https:\/\/giusybe.com\/wp-content\/uploads\/2017\/05\/ONEFLASH-WEB-GIUSY-BE-ROBES-038-529x705.jpg 529w, https:\/\/giusybe.com\/wp-content\/uploads\/2017\/05\/ONEFLASH-WEB-GIUSY-BE-ROBES-038-450x600.jpg 450w\" sizes=\"auto, (max-width: 750px) 100vw, 750px\" \/><\/a><div class='grid-content'><div class='avia-arrow'><\/div><header class=\"entry-content-header\"><h3 class='grid-entry-title entry-title '  itemprop=\"headline\" ><a href='https:\/\/giusybe.com\/en\/portfolio-item\/je-suis-la-somptueuse-nuit\/' title='Je suis la somptueuse nuit'>Je suis la somptueuse nuit<\/a><\/h3><\/header><\/div><footer class=\"entry-footer\"><\/footer><\/article><\/div><div data-ajax-id='4503' class=' grid-entry flex_column isotope-item all_sort no_margin post-entry post-entry-4503 grid-entry-overview grid-loop-12 grid-parity-even  spring-summer-2018_sort  av_one_fourth  default_av_fullwidth '><article class='main_color inner-entry'  itemscope=\"itemscope\" itemtype=\"https:\/\/schema.org\/CreativeWork\" ><a href='https:\/\/giusybe.com\/en\/portfolio-item\/je-suis-la-saison-qui-ensoleille\/' title='Je suis la saison qui ensoleille'  data-rel='grid-1' class='grid-image avia-hover-fx'><img loading=\"lazy\" decoding=\"async\" width=\"750\" height=\"1000\" src=\"https:\/\/giusybe.com\/wp-content\/uploads\/2017\/05\/ONEFLASH-WEB-GIUSY-BE-ROBES-032.jpg\" class=\"attachment-no scaling size-no scaling wp-post-image\" alt=\"\" srcset=\"https:\/\/giusybe.com\/wp-content\/uploads\/2017\/05\/ONEFLASH-WEB-GIUSY-BE-ROBES-032.jpg 750w, https:\/\/giusybe.com\/wp-content\/uploads\/2017\/05\/ONEFLASH-WEB-GIUSY-BE-ROBES-032-225x300.jpg 225w, https:\/\/giusybe.com\/wp-content\/uploads\/2017\/05\/ONEFLASH-WEB-GIUSY-BE-ROBES-032-529x705.jpg 529w, https:\/\/giusybe.com\/wp-content\/uploads\/2017\/05\/ONEFLASH-WEB-GIUSY-BE-ROBES-032-450x600.jpg 450w\" sizes=\"auto, (max-width: 750px) 100vw, 750px\" \/><\/a><div class='grid-content'><div class='avia-arrow'><\/div><header class=\"entry-content-header\"><h3 class='grid-entry-title entry-title '  itemprop=\"headline\" ><a href='https:\/\/giusybe.com\/en\/portfolio-item\/je-suis-la-saison-qui-ensoleille\/' title='Je suis la saison qui ensoleille'>Je suis la saison qui ensoleille<\/a><\/h3><\/header><\/div><footer class=\"entry-footer\"><\/footer><\/article><\/div><div data-ajax-id='4534' class=' grid-entry flex_column isotope-item all_sort no_margin post-entry post-entry-4534 grid-entry-overview grid-loop-13 grid-parity-odd  spring-summer-2018_sort  av_one_fourth first default_av_fullwidth '><article class='main_color inner-entry'  itemscope=\"itemscope\" itemtype=\"https:\/\/schema.org\/CreativeWork\" ><a href='https:\/\/giusybe.com\/en\/portfolio-item\/je-suis-le-chic-qui-passe\/' title='Je suis le chic qui passe'  data-rel='grid-1' class='grid-image avia-hover-fx'><img loading=\"lazy\" decoding=\"async\" width=\"750\" height=\"1000\" src=\"https:\/\/giusybe.com\/wp-content\/uploads\/2017\/05\/ONEFLASH-WEB-GIUSY-BE-ROBES-063.jpg\" class=\"attachment-no scaling size-no scaling wp-post-image\" alt=\"\" srcset=\"https:\/\/giusybe.com\/wp-content\/uploads\/2017\/05\/ONEFLASH-WEB-GIUSY-BE-ROBES-063.jpg 750w, https:\/\/giusybe.com\/wp-content\/uploads\/2017\/05\/ONEFLASH-WEB-GIUSY-BE-ROBES-063-225x300.jpg 225w, https:\/\/giusybe.com\/wp-content\/uploads\/2017\/05\/ONEFLASH-WEB-GIUSY-BE-ROBES-063-529x705.jpg 529w, https:\/\/giusybe.com\/wp-content\/uploads\/2017\/05\/ONEFLASH-WEB-GIUSY-BE-ROBES-063-450x600.jpg 450w\" sizes=\"auto, (max-width: 750px) 100vw, 750px\" \/><\/a><div class='grid-content'><div class='avia-arrow'><\/div><header class=\"entry-content-header\"><h3 class='grid-entry-title entry-title '  itemprop=\"headline\" ><a href='https:\/\/giusybe.com\/en\/portfolio-item\/je-suis-le-chic-qui-passe\/' title='Je suis le chic qui passe'>Je suis le chic qui passe<\/a><\/h3><\/header><\/div><footer class=\"entry-footer\"><\/footer><\/article><\/div><div data-ajax-id='4460' class=' grid-entry flex_column isotope-item all_sort no_margin post-entry post-entry-4460 grid-entry-overview grid-loop-14 grid-parity-even  post-entry-last  spring-summer-2018_sort  av_one_fourth  default_av_fullwidth '><article class='main_color inner-entry'  itemscope=\"itemscope\" itemtype=\"https:\/\/schema.org\/CreativeWork\" ><a href='https:\/\/giusybe.com\/en\/portfolio-item\/je-suis-lindemodable-moi\/' title='Je suis l\u2019ind\u00e9modable moi'  data-rel='grid-1' class='grid-image avia-hover-fx'><img loading=\"lazy\" decoding=\"async\" width=\"750\" height=\"1000\" src=\"https:\/\/giusybe.com\/wp-content\/uploads\/2017\/05\/ONEFLASH-WEB-GIUSY-BE-ROBES-026.jpg\" class=\"attachment-no scaling size-no scaling wp-post-image\" alt=\"\" srcset=\"https:\/\/giusybe.com\/wp-content\/uploads\/2017\/05\/ONEFLASH-WEB-GIUSY-BE-ROBES-026.jpg 750w, https:\/\/giusybe.com\/wp-content\/uploads\/2017\/05\/ONEFLASH-WEB-GIUSY-BE-ROBES-026-225x300.jpg 225w, https:\/\/giusybe.com\/wp-content\/uploads\/2017\/05\/ONEFLASH-WEB-GIUSY-BE-ROBES-026-529x705.jpg 529w, https:\/\/giusybe.com\/wp-content\/uploads\/2017\/05\/ONEFLASH-WEB-GIUSY-BE-ROBES-026-450x600.jpg 450w\" sizes=\"auto, (max-width: 750px) 100vw, 750px\" \/><\/a><div class='grid-content'><div class='avia-arrow'><\/div><header class=\"entry-content-header\"><h3 class='grid-entry-title entry-title '  itemprop=\"headline\" ><a href='https:\/\/giusybe.com\/en\/portfolio-item\/je-suis-lindemodable-moi\/' title='Je suis l\u2019ind\u00e9modable moi'>Je suis l\u2019ind\u00e9modable moi<\/a><\/h3><\/header><\/div><footer class=\"entry-footer\"><\/footer><\/article><\/div><\/div><\/div>\n","protected":false},"excerpt":{"rendered":"","protected":false},"author":1,"featured_media":0,"parent":0,"menu_order":0,"comment_status":"closed","ping_status":"closed","template":"","meta":{"footnotes":""},"class_list":["post-4573","page","type-page","status-publish","hentry"],"_links":{"self":[{"href":"https:\/\/giusybe.com\/en\/wp-json\/wp\/v2\/pages\/4573\/"}],"collection":[{"href":"https:\/\/giusybe.com\/en\/wp-json\/wp\/v2\/pages\/"}],"about":[{"href":"https:\/\/giusybe.com\/en\/wp-json\/wp\/v2\/types\/page\/"}],"author":[{"embeddable":true,"href":"https:\/\/giusybe.com\/en\/wp-json\/wp\/v2\/users\/1\/"}],"replies":[{"embeddable":true,"href":"https:\/\/giusybe.com\/en\/wp-json\/wp\/v2\/comments\/?post=4573"}],"version-history":[{"count":2,"href":"https:\/\/giusybe.com\/en\/wp-json\/wp\/v2\/pages\/4573\/revisions\/"}],"predecessor-version":[{"id":6286,"href":"https:\/\/giusybe.com\/en\/wp-json\/wp\/v2\/pages\/4573\/revisions\/6286\/"}],"wp:attachment":[{"href":"https:\/\/giusybe.com\/en\/wp-json\/wp\/v2\/media\/?parent=4573"}],"curies":[{"name":"wp","href":"https:\/\/api.w.org\/{rel}","templated":true}]}}