{"id":1012,"date":"2016-08-05T11:37:03","date_gmt":"2016-08-05T10:37:03","guid":{"rendered":"http:\/\/giusybe.com\/it\/?page_id=1012"},"modified":"2017-11-26T10:34:38","modified_gmt":"2017-11-26T09:34:38","slug":"a-proposito-della-creatrice","status":"publish","type":"page","link":"https:\/\/giusybe.com\/it\/a-proposito-della-creatrice\/","title":{"rendered":"A proposito della creatrice"},"content":{"rendered":"<div id='av_section_1' class='avia-section main_color avia-section-default avia-no-shadow avia-bg-style-scroll  avia-builder-el-0  el_before_av_layout_row  avia-builder-el-first   av-arrow-down-section container_wrap fullsize' style='background-color: #f7ddd7;  '  ><div class='container' ><main  role=\"main\" itemprop=\"mainContentOfPage\"  class='template-page content  av-content-full alpha units'><div class='post-entry post-entry-type-page post-entry-1012'><div class='entry-content-wrapper clearfix'>\n<div style='padding-bottom:10px; color:#eea795;' class='av-special-heading av-special-heading-h2 custom-color-heading blockquote modern-quote modern-centered  avia-builder-el-1  avia-builder-el-no-sibling  '><h2 class='av-special-heading-tag '  itemprop=\"headline\"  >A proposito della creatrice<\/h2><div class='special-heading-border'><div class='special-heading-inner-border' style='border-color:#eea795'><\/div><\/div><\/div>\n\n<\/div><\/div><\/main><!-- close content main element --><\/div><div class='av-extra-border-element border-extra-arrow-down'><div class='av-extra-border-outer'><div class='av-extra-border-inner'  style='background-color:#f7ddd7;' ><\/div><\/div><\/div><\/div><div id='av-layout-grid-1' class='av-layout-grid-container entry-content-wrapper main_color av-flex-cells     avia-builder-el-2  el_after_av_section  el_before_av_section  submenu-not-first container_wrap fullsize' style=' '  >\n<div class=\"flex_cell no_margin av_one_half  avia-builder-el-3  el_before_av_cell_one_half  avia-builder-el-first   \" style='vertical-align:middle; padding:30; background-color:#fff6f4; '><div class='flex_cell_inner' ><p><div style='padding-bottom:10px; color:#eea795;font-size:25px;' class='av-special-heading av-special-heading-h3 custom-color-heading blockquote modern-quote  avia-builder-el-4  el_before_av_textblock  avia-builder-el-first   av-inherit-size '><h3 class='av-special-heading-tag '  itemprop=\"headline\"  >Le origini<\/h3><div class='special-heading-border'><div class='special-heading-inner-border' style='border-color:#eea795'><\/div><\/div><\/div><br \/>\n<section class=\"av_textblock_section \"  itemscope=\"itemscope\" itemtype=\"https:\/\/schema.org\/CreativeWork\" ><div class='avia_textblock  av_inherit_color '  style='color:#6d6d6d; '  itemprop=\"text\" ><p>Nata in una famiglia di immigrati italiani in Svizzera, Giusy (Giuseppina Bontorno) \u00e8 appassionato per il disegno e gli abiti dalla sua piu giovane et\u00e0. Il suo disegno ripetuto: ragazze con abiti e volti in forma di sole.<\/p>\n<p>Questa memoria all\u2019improvviso viene in mente come ovvio: Giusy vuole rendere felici le donne con i suoi abiti.<\/p>\n<\/div><\/section><br \/>\n<div style='padding-bottom:10px; color:#eea795;font-size:25px;' class='av-special-heading av-special-heading-h3 custom-color-heading blockquote modern-quote  avia-builder-el-6  el_after_av_textblock  el_before_av_textblock   av-inherit-size '><h3 class='av-special-heading-tag '  itemprop=\"headline\"  >Studi e vita professionale<\/h3><div class='special-heading-border'><div class='special-heading-inner-border' style='border-color:#eea795'><\/div><\/div><\/div><br \/>\n<section class=\"av_textblock_section \"  itemscope=\"itemscope\" itemtype=\"https:\/\/schema.org\/CreativeWork\" ><div class='avia_textblock  av_inherit_color '  style='color:#6d6d6d; '  itemprop=\"text\" ><p>Nel suo percorso iniziale Giusy si dedica ai suoi studi e mette poco a poco a parte le sue prime passioni. Giusy continua la sua vita di studente all&#8217;universit\u00e0, dove, ha fatto la scelta di iscriversi alla facolt\u00e0 di legge.<\/p>\n<p>Dopo il primo anno, si rende conto che questa matteria non \u00e8 per lei. Lei pensa allora in quel momento, per la prima volta alla sua voglia di fare la stilista. La sua scelta \u00e8 rapidamente messa da parte e cos\u00ec decide di cambiare corsia per questa volta ottenere la sua laurea in Scienze Politiche.<\/p>\n<p>E &#8216;nel settore bancario che inizier\u00e0 la sua vita professionale. Scopre che le piace il lavoro e decide di migliorarsi in questo settore e di rimanere l\u00ec.<\/p>\n<p>Ha iniziato una lunga carriera in una banca privata di Ginevra. Diventa, nel corso degli anni, un esperta riconosciuta ne Operazioni bancarie.<\/p>\n<p>Le aree che lei preferisce sono la formazione, il management \u00a0e l&#8217;assistenza ai clienti.<\/p>\n<\/div><\/section><\/p>\n<\/div><\/div><div class=\"flex_cell no_margin av_one_half  avia-builder-el-8  el_after_av_cell_one_half  avia-builder-el-last   av-zero-padding \" style='vertical-align:middle; padding:0; background-color:#ffffff; '><div class='flex_cell_inner' ><div class='avia-image-container  av-styling-    avia-builder-el-9  avia-builder-el-no-sibling  avia-align-center '  itemprop=\"image\" itemscope=\"itemscope\" itemtype=\"https:\/\/schema.org\/ImageObject\"  ><div class='avia-image-container-inner'><div class='avia-image-overlay-wrap'><img class='avia_image' src='https:\/\/giusybe.com\/wp-content\/uploads\/2016\/02\/giusy-be-creatrice-de-style-giusybe-portrait-4.jpg' alt='' title='giusy-be-creatrice-de-mode-giusybe-portrait' height=\"1700\" width=\"900\"  itemprop=\"thumbnailUrl\"  \/><\/div><\/div><\/div>\n<\/div><\/div>\n<\/div>\n<div id='av_section_2' class='avia-section main_color avia-section-default avia-no-shadow avia-bg-style-scroll  avia-builder-el-10  el_after_av_layout_row  el_before_av_one_half   av-arrow-down-section container_wrap fullsize' style='background-color: #f7ddd7;  '  ><div class='container' ><div class='template-page content  av-content-full alpha units'><div class='post-entry post-entry-type-page post-entry-1012'><div class='entry-content-wrapper clearfix'>\n<div style='padding-bottom:10px; color:#eea795;font-size:25px;' class='av-special-heading av-special-heading-h2 custom-color-heading blockquote modern-quote modern-centered  avia-builder-el-11  avia-builder-el-no-sibling  av-inherit-size '><h2 class='av-special-heading-tag '  itemprop=\"headline\"  >Il risveglio del designer<\/h2><div class='special-heading-border'><div class='special-heading-inner-border' style='border-color:#eea795'><\/div><\/div><\/div>\n<\/div><\/div><\/div><!-- close content main div --><\/div><div class='av-extra-border-element border-extra-arrow-down'><div class='av-extra-border-outer'><div class='av-extra-border-inner'  style='background-color:#f7ddd7;' ><\/div><\/div><\/div><\/div><div id='after_section_2' class='main_color av_default_container_wrap container_wrap fullsize' style=' '  ><div class='container' ><div class='template-page content  av-content-full alpha units'><div class='post-entry post-entry-type-page post-entry-1012'><div class='entry-content-wrapper clearfix'>\n<div class=\"flex_column av_one_half  flex_column_div av-zero-column-padding first  avia-builder-el-12  el_after_av_section  el_before_av_one_half  avia-builder-el-first  \" style='border-radius:0px; '><section class=\"av_textblock_section \"  itemscope=\"itemscope\" itemtype=\"https:\/\/schema.org\/CreativeWork\" ><div class='avia_textblock  av_inherit_color '  style='color:#6d6d6d; '  itemprop=\"text\" ><p>Durante tutti questi anni, il suo sogno di bambina arriva spesso alla superficie. Il suo passato la raggiunge con gli eventi \u00a0della vita e le indica che \u00e8 il momento di uscire il sogno del cassetto e realizzarlo.<\/p>\n<p>Giusy ha deciso di mettere in evidenza la sua idea d\u2019infanzia sopra un foglio arricchita di tutte le sue esperienze. Si immagina allora una seconda parte di vita nel settore della moda dove trasmette il benessere e il gusto per lo sviluppo personale attraverso i suoi abiti.<\/p>\n<\/div><\/section><\/div><div class=\"flex_column av_one_half  flex_column_div av-zero-column-padding   avia-builder-el-14  el_after_av_one_half  el_before_av_layout_row  avia-builder-el-last  \" style='border-radius:0px; '><section class=\"av_textblock_section \"  itemscope=\"itemscope\" itemtype=\"https:\/\/schema.org\/CreativeWork\" ><div class='avia_textblock  av_inherit_color '  style='color:#6d6d6d; '  itemprop=\"text\" ><p>Questo percorso sembra un grande puzzle che porta Giusy ad una nuova fase della sua vita.<\/p>\n<p>L&#8217;obiettivo \u00e8 chiaro a lei: innovare nel campo dell&#8217;abbigliamento. Con la creazione di abiti eleganti e moderni con tocchi di colori vivaci che raccontano la loro storia e ispirare tutti coloro che li indossano con citazioni che Giusy ha composto per voi.<\/p>\n<\/div><\/section><\/div><\/p>\n<\/div><\/div><\/div><!-- close content main div --><\/div><\/div><div id='av-layout-grid-2' class='av-layout-grid-container entry-content-wrapper main_color av-flex-cells     avia-builder-el-16  el_after_av_one_half  avia-builder-el-last  submenu-not-first container_wrap fullsize' style=' '  >\n<div class=\"flex_cell no_margin av_one_full  avia-builder-el-17  avia-builder-el-no-sibling   \" style='vertical-align:middle; padding:30px; background-color:#f2f2f2; '><div class='flex_cell_inner' ><section class=\"av_textblock_section \"  itemscope=\"itemscope\" itemtype=\"https:\/\/schema.org\/CreativeWork\" ><div class='avia_textblock  av_inherit_color '  style='font-size:12px; color:#eea795; '  itemprop=\"text\" ><p style=\"text-align: center;\">Questo progetto e dedicato alla mia mamma Rosa (1946-2016).<\/p>\n<p style=\"text-align: center;\"><em>&#8220;Sono una Rosa per sempre.&#8221;<\/em><\/p>\n<\/div><\/section>\n<\/div><\/div>\n<\/div>\n","protected":false},"excerpt":{"rendered":"","protected":false},"author":1,"featured_media":0,"parent":0,"menu_order":0,"comment_status":"closed","ping_status":"closed","template":"","meta":{"footnotes":""},"class_list":["post-1012","page","type-page","status-publish","hentry"],"_links":{"self":[{"href":"https:\/\/giusybe.com\/it\/wp-json\/wp\/v2\/pages\/1012\/"}],"collection":[{"href":"https:\/\/giusybe.com\/it\/wp-json\/wp\/v2\/pages\/"}],"about":[{"href":"https:\/\/giusybe.com\/it\/wp-json\/wp\/v2\/types\/page\/"}],"author":[{"embeddable":true,"href":"https:\/\/giusybe.com\/it\/wp-json\/wp\/v2\/users\/1\/"}],"replies":[{"embeddable":true,"href":"https:\/\/giusybe.com\/it\/wp-json\/wp\/v2\/comments\/?post=1012"}],"version-history":[{"count":6,"href":"https:\/\/giusybe.com\/it\/wp-json\/wp\/v2\/pages\/1012\/revisions\/"}],"predecessor-version":[{"id":3819,"href":"https:\/\/giusybe.com\/it\/wp-json\/wp\/v2\/pages\/1012\/revisions\/3819\/"}],"wp:attachment":[{"href":"https:\/\/giusybe.com\/it\/wp-json\/wp\/v2\/media\/?parent=1012"}],"curies":[{"name":"wp","href":"https:\/\/api.w.org\/{rel}","templated":true}]}}