{"id":1098,"date":"2016-08-05T13:45:33","date_gmt":"2016-08-05T12:45:33","guid":{"rendered":"http:\/\/giusybe.com\/it\/?page_id=1098"},"modified":"2016-10-27T10:48:12","modified_gmt":"2016-10-27T09:48:12","slug":"autunno-inverno-2016","status":"publish","type":"page","link":"https:\/\/giusybe.com\/it\/autunno-inverno-2016\/","title":{"rendered":"Autunno-inverno 2016"},"content":{"rendered":"<div id='av-masonry-1' class='av-masonry  noHover av-flex-size av-1px-gap av-hover-overlay-active av-masonry-animation-active av-masonry-col-3 av-caption-on-hover av-caption-style-    '  ><div class='av-masonry-container isotope av-js-disabled ' ><div class='av-masonry-entry isotope-item av-masonry-item-no-image all_sort autunno-inverno_sort '><\/div><a href=\"https:\/\/giusybe.com\/it\/portfolio-item\/giusy-be-abito-donna-io-sono-nuovo-senza-dubbio-nelle-sue-scelte\/\" id='av-masonry-1-item-1083' data-av-masonry-item='1083' class='av-masonry-entry isotope-item post-1083 portfolio type-portfolio status-publish has-post-thumbnail hentry portfolio_entries-autunno-inverno all_sort autunno-inverno_sort  av-masonry-item-with-image' title=\"giusy-be-creatrice-de-mode-je-suis-le-nouveau\"  itemscope=\"itemscope\" itemtype=\"https:\/\/schema.org\/CreativeWork\" ><div class='av-inner-masonry-sizer'><\/div><figure class='av-inner-masonry main_color'><div class=\"av-masonry-outerimage-container\"><div class=\"av-masonry-image-container\" ><img decoding=\"async\" src=\"https:\/\/giusybe.com\/wp-content\/uploads\/2016\/02\/giusy-be-creatrice-de-style-je-suis-le-nouveau-469x705.jpg\" title=\"giusy-be-creatrice-de-mode-je-suis-le-nouveau\" alt=\"\" \/><\/div><\/div><figcaption class='av-inner-masonry-content site-background'><div class='av-inner-masonry-content-pos'><div class='av-inner-masonry-content-pos-content'><div class='avia-arrow'><\/div><div class='av-masonry-entry-content entry-content'  itemprop=\"text\" >Je suis le nouveau sans aucun doute dans ses choix<\/div><\/div><\/div><\/figcaption><\/figure><\/a><!--end av-masonry entry--><a href=\"https:\/\/giusybe.com\/it\/portfolio-item\/giusy-be-abito-donna-io-sono-forza-che-puo-osare-i-contrasti-audaci\/\" id='av-masonry-1-item-1078' data-av-masonry-item='1078' class='av-masonry-entry isotope-item post-1078 portfolio type-portfolio status-publish has-post-thumbnail hentry portfolio_entries-autunno-inverno all_sort autunno-inverno_sort  av-masonry-item-with-image' title=\"giusy-be-creatrice-de-mode-je-suis-la-force\"  itemscope=\"itemscope\" itemtype=\"https:\/\/schema.org\/CreativeWork\" ><div class='av-inner-masonry-sizer'><\/div><figure class='av-inner-masonry main_color'><div class=\"av-masonry-outerimage-container\"><div class=\"av-masonry-image-container\" ><img decoding=\"async\" src=\"https:\/\/giusybe.com\/wp-content\/uploads\/2016\/02\/giusy-be-creatrice-de-style-je-suis-la-force-469x705.jpg\" title=\"giusy-be-creatrice-de-mode-je-suis-la-force\" alt=\"\" \/><\/div><\/div><figcaption class='av-inner-masonry-content site-background'><div class='av-inner-masonry-content-pos'><div class='av-inner-masonry-content-pos-content'><div class='avia-arrow'><\/div><div class='av-masonry-entry-content entry-content'  itemprop=\"text\" >Je suis la force qui peut oser tous les contrastes<\/div><\/div><\/div><\/figcaption><\/figure><\/a><!--end av-masonry entry--><a href=\"https:\/\/giusybe.com\/it\/portfolio-item\/giusy-be-abito-donna-io-sono-limperfetto-che-diventa-bello-nel-presente\/\" id='av-masonry-1-item-1074' data-av-masonry-item='1074' class='av-masonry-entry isotope-item post-1074 portfolio type-portfolio status-publish has-post-thumbnail hentry portfolio_entries-autunno-inverno all_sort autunno-inverno_sort  av-masonry-item-with-image' title=\"giusy-be-creatrice-de-mode-je-suis-l-imparfait\"  itemscope=\"itemscope\" itemtype=\"https:\/\/schema.org\/CreativeWork\" ><div class='av-inner-masonry-sizer'><\/div><figure class='av-inner-masonry main_color'><div class=\"av-masonry-outerimage-container\"><div class=\"av-masonry-image-container\" ><img decoding=\"async\" src=\"https:\/\/giusybe.com\/wp-content\/uploads\/2016\/02\/giusy-be-creatrice-de-style-je-suis-l-imparfait-469x705.jpg\" title=\"giusy-be-creatrice-de-mode-je-suis-l-imparfait\" alt=\"\" \/><\/div><\/div><figcaption class='av-inner-masonry-content site-background'><div class='av-inner-masonry-content-pos'><div class='av-inner-masonry-content-pos-content'><div class='avia-arrow'><\/div><div class='av-masonry-entry-content entry-content'  itemprop=\"text\" >Je suis l\u2019imparfait qui devient beau au pr\u00e9sent<\/div><\/div><\/div><\/figcaption><\/figure><\/a><!--end av-masonry entry--><a href=\"https:\/\/giusybe.com\/it\/portfolio-item\/giusy-be-abito-donna-io-sono-bellezza-che-non-ha-una-definizione\/\" id='av-masonry-1-item-1069' data-av-masonry-item='1069' class='av-masonry-entry isotope-item post-1069 portfolio type-portfolio status-publish has-post-thumbnail hentry portfolio_entries-autunno-inverno all_sort autunno-inverno_sort  av-masonry-item-with-image' title=\"giusy-be-creatrice-de-mode-je-suis-la-beaute-rouge\"  itemscope=\"itemscope\" itemtype=\"https:\/\/schema.org\/CreativeWork\" ><div class='av-inner-masonry-sizer'><\/div><figure class='av-inner-masonry main_color'><div class=\"av-masonry-outerimage-container\"><div class=\"av-masonry-image-container\" ><img decoding=\"async\" src=\"https:\/\/giusybe.com\/wp-content\/uploads\/2016\/02\/giusy-be-creatrice-de-style-je-suis-la-beaute-rouge-469x705.jpg\" title=\"giusy-be-creatrice-de-mode-je-suis-la-beaute-rouge\" alt=\"\" \/><\/div><\/div><figcaption class='av-inner-masonry-content site-background'><div class='av-inner-masonry-content-pos'><div class='av-inner-masonry-content-pos-content'><div class='avia-arrow'><\/div><div class='av-masonry-entry-content entry-content'  itemprop=\"text\" >Je suis la beaut\u00e9 qui n\u2019a pas de d\u00e9finition<\/div><\/div><\/div><\/figcaption><\/figure><\/a><!--end av-masonry entry--><a href=\"https:\/\/giusybe.com\/it\/portfolio-item\/giusy-be-abito-donna-io-sono-sorpresa-che-suscita-interesse\/\" id='av-masonry-1-item-1058' data-av-masonry-item='1058' class='av-masonry-entry isotope-item post-1058 portfolio type-portfolio status-publish has-post-thumbnail hentry portfolio_entries-autunno-inverno all_sort autunno-inverno_sort  av-masonry-item-with-image' title=\"giusy-be-creatrice-de-mode-je-suis-la-beaute-bleue\"  itemscope=\"itemscope\" itemtype=\"https:\/\/schema.org\/CreativeWork\" ><div class='av-inner-masonry-sizer'><\/div><figure class='av-inner-masonry main_color'><div class=\"av-masonry-outerimage-container\"><div class=\"av-masonry-image-container\" ><img decoding=\"async\" src=\"https:\/\/giusybe.com\/wp-content\/uploads\/2016\/02\/giusy-be-creatrice-de-style-je-suis-la-beaute-bleue-469x705.jpg\" title=\"giusy-be-creatrice-de-mode-je-suis-la-beaute-bleue\" alt=\"\" \/><\/div><\/div><figcaption class='av-inner-masonry-content site-background'><div class='av-inner-masonry-content-pos'><div class='av-inner-masonry-content-pos-content'><div class='avia-arrow'><\/div><div class='av-masonry-entry-content entry-content'  itemprop=\"text\" >Je suis la surprise qui \u00e9veille l'int\u00e9r\u00eat<\/div><\/div><\/div><\/figcaption><\/figure><\/a><!--end av-masonry entry--><a href=\"https:\/\/giusybe.com\/it\/portfolio-item\/giusy-be-abito-donna-io-sono-lintuito-che-consente-di-ascoltare-sua-vocina-interna\/\" id='av-masonry-1-item-1054' data-av-masonry-item='1054' class='av-masonry-entry isotope-item post-1054 portfolio type-portfolio status-publish has-post-thumbnail hentry portfolio_entries-autunno-inverno all_sort autunno-inverno_sort  av-masonry-item-with-image' title=\"giusy-be-creatrice-de-mode-je-suis-l-intuition\"  itemscope=\"itemscope\" itemtype=\"https:\/\/schema.org\/CreativeWork\" ><div class='av-inner-masonry-sizer'><\/div><figure class='av-inner-masonry main_color'><div class=\"av-masonry-outerimage-container\"><div class=\"av-masonry-image-container\" ><img decoding=\"async\" src=\"https:\/\/giusybe.com\/wp-content\/uploads\/2016\/02\/giusy-be-creatrice-de-style-je-suis-l-intuition-469x705.jpg\" title=\"giusy-be-creatrice-de-mode-je-suis-l-intuition\" alt=\"\" \/><\/div><\/div><figcaption class='av-inner-masonry-content site-background'><div class='av-inner-masonry-content-pos'><div class='av-inner-masonry-content-pos-content'><div class='avia-arrow'><\/div><div class='av-masonry-entry-content entry-content'  itemprop=\"text\" >Je suis l\u2019intuition qui laisse parler la petite voix<\/div><\/div><\/div><\/figcaption><\/figure><\/a><!--end av-masonry entry--><a href=\"https:\/\/giusybe.com\/it\/portfolio-item\/giusy-be-abito-donna-io-sono-trasformazione-che-vola-verso-felicita\/\" id='av-masonry-1-item-1047' data-av-masonry-item='1047' class='av-masonry-entry isotope-item post-1047 portfolio type-portfolio status-publish has-post-thumbnail hentry portfolio_entries-autunno-inverno all_sort autunno-inverno_sort  av-masonry-item-with-image' title=\"giusy-be-creatrice-de-mode-je-suis-la-transformation2\"  itemscope=\"itemscope\" itemtype=\"https:\/\/schema.org\/CreativeWork\" ><div class='av-inner-masonry-sizer'><\/div><figure class='av-inner-masonry main_color'><div class=\"av-masonry-outerimage-container\"><div class=\"av-masonry-image-container\" ><img decoding=\"async\" src=\"https:\/\/giusybe.com\/wp-content\/uploads\/2016\/02\/giusy-be-creatrice-de-style-je-suis-la-transformation2-469x705.jpg\" title=\"giusy-be-creatrice-de-mode-je-suis-la-transformation2\" alt=\"\" \/><\/div><\/div><figcaption class='av-inner-masonry-content site-background'><div class='av-inner-masonry-content-pos'><div class='av-inner-masonry-content-pos-content'><div class='avia-arrow'><\/div><div class='av-masonry-entry-content entry-content'  itemprop=\"text\" >Je suis la transformation qui s\u2019envole vers le bonheur<\/div><\/div><\/div><\/figcaption><\/figure><\/a><!--end av-masonry entry--><a href=\"https:\/\/giusybe.com\/it\/portfolio-item\/giusy-be-abito-donna-io-sono-fata-che-sfida-lordinario-per-piacersi\/\" id='av-masonry-1-item-1038' data-av-masonry-item='1038' class='av-masonry-entry isotope-item post-1038 portfolio type-portfolio status-publish has-post-thumbnail hentry portfolio_entries-autunno-inverno all_sort autunno-inverno_sort  av-masonry-item-with-image' title=\"giusy-be-creatrice-de-mode-je-suis-la-fee\"  itemscope=\"itemscope\" itemtype=\"https:\/\/schema.org\/CreativeWork\" ><div class='av-inner-masonry-sizer'><\/div><figure class='av-inner-masonry main_color'><div class=\"av-masonry-outerimage-container\"><div class=\"av-masonry-image-container\" ><img decoding=\"async\" src=\"https:\/\/giusybe.com\/wp-content\/uploads\/2016\/02\/giusy-be-creatrice-de-style-je-suis-la-fee-469x705.jpg\" title=\"giusy-be-creatrice-de-mode-je-suis-la-fee\" alt=\"\" \/><\/div><\/div><figcaption class='av-inner-masonry-content site-background'><div class='av-inner-masonry-content-pos'><div class='av-inner-masonry-content-pos-content'><div class='avia-arrow'><\/div><div class='av-masonry-entry-content entry-content'  itemprop=\"text\" >Je suis la f\u00e9e qui d\u00e9fie l\u2019ordinaire pour se plaire<\/div><\/div><\/div><\/figcaption><\/figure><\/a><!--end av-masonry entry--><a href=\"https:\/\/giusybe.com\/it\/portfolio-item\/giusy-be-abito-donna-io-sono-lappuntamento-verso-sublime\/\" id='av-masonry-1-item-1034' data-av-masonry-item='1034' class='av-masonry-entry isotope-item post-1034 portfolio type-portfolio status-publish has-post-thumbnail hentry portfolio_entries-autunno-inverno all_sort autunno-inverno_sort  av-masonry-item-with-image' title=\"giusy-be-creatrice-de-mode-je-suis-le-rendez-vous\"  itemscope=\"itemscope\" itemtype=\"https:\/\/schema.org\/CreativeWork\" ><div class='av-inner-masonry-sizer'><\/div><figure class='av-inner-masonry main_color'><div class=\"av-masonry-outerimage-container\"><div class=\"av-masonry-image-container\" ><img decoding=\"async\" src=\"https:\/\/giusybe.com\/wp-content\/uploads\/2016\/02\/giusy-be-creatrice-de-style-je-suis-le-rendez-vous-470x705.jpg\" title=\"giusy-be-creatrice-de-mode-je-suis-le-rendez-vous\" alt=\"\" \/><\/div><\/div><figcaption class='av-inner-masonry-content site-background'><div class='av-inner-masonry-content-pos'><div class='av-inner-masonry-content-pos-content'><div class='avia-arrow'><\/div><div class='av-masonry-entry-content entry-content'  itemprop=\"text\" >Je suis le rendez-vous vers le sublime<\/div><\/div><\/div><\/figcaption><\/figure><\/a><!--end av-masonry entry--><a href=\"https:\/\/giusybe.com\/it\/portfolio-item\/giusy-be-abito-donna-io-sono-me-stessa\/\" id='av-masonry-1-item-1020' data-av-masonry-item='1020' class='av-masonry-entry isotope-item post-1020 portfolio type-portfolio status-publish has-post-thumbnail hentry portfolio_entries-autunno-inverno all_sort autunno-inverno_sort  av-masonry-item-with-image' title=\"giusy-be-creatrice-de-mode-je-suis-moi\"  itemscope=\"itemscope\" itemtype=\"https:\/\/schema.org\/CreativeWork\" ><div class='av-inner-masonry-sizer'><\/div><figure class='av-inner-masonry main_color'><div class=\"av-masonry-outerimage-container\"><div class=\"av-masonry-image-container\" ><img decoding=\"async\" src=\"https:\/\/giusybe.com\/wp-content\/uploads\/2016\/02\/giusy-be-creatrice-de-style-je-suis-moi-1-470x705.jpg\" title=\"giusy-be-creatrice-de-mode-je-suis-moi\" alt=\"\" \/><\/div><\/div><figcaption class='av-inner-masonry-content site-background'><div class='av-inner-masonry-content-pos'><div class='av-inner-masonry-content-pos-content'><div class='avia-arrow'><\/div><div class='av-masonry-entry-content entry-content'  itemprop=\"text\" >Je suis moi<\/div><\/div><\/div><\/figcaption><\/figure><\/a><!--end av-masonry entry--><a href=\"https:\/\/giusybe.com\/it\/portfolio-item\/giusy-be-abito-donna-io-sono-bellissimo-riflesso-nello-specchio-degli-altri\/\" id='av-masonry-1-item-1026' data-av-masonry-item='1026' class='av-masonry-entry isotope-item post-1026 portfolio type-portfolio status-publish has-post-thumbnail hentry portfolio_entries-autunno-inverno all_sort autunno-inverno_sort  av-masonry-item-with-image' title=\"giusy-be-creatrice-de-mode-je-suis-le-beau-reflet\"  itemscope=\"itemscope\" itemtype=\"https:\/\/schema.org\/CreativeWork\" ><div class='av-inner-masonry-sizer'><\/div><figure class='av-inner-masonry main_color'><div class=\"av-masonry-outerimage-container\"><div class=\"av-masonry-image-container\" ><img decoding=\"async\" src=\"https:\/\/giusybe.com\/wp-content\/uploads\/2016\/02\/giusy-be-creatrice-de-style-je-suis-le-beau-reflet-469x705.jpg\" title=\"giusy-be-creatrice-de-mode-je-suis-le-beau-reflet\" alt=\"\" \/><\/div><\/div><figcaption class='av-inner-masonry-content site-background'><div class='av-inner-masonry-content-pos'><div class='av-inner-masonry-content-pos-content'><div class='avia-arrow'><\/div><div class='av-masonry-entry-content entry-content'  itemprop=\"text\" >Je suis le beau reflet dans le miroir des autres<\/div><\/div><\/div><\/figcaption><\/figure><\/a><!--end av-masonry entry--><a href=\"https:\/\/giusybe.com\/it\/portfolio-item\/giusy-be-abito-donna-io-sono-semplicita-vestita-di-tocco-vivace\/\" id='av-masonry-1-item-1030' data-av-masonry-item='1030' class='av-masonry-entry isotope-item post-1030 portfolio type-portfolio status-publish has-post-thumbnail hentry portfolio_entries-autunno-inverno all_sort autunno-inverno_sort  av-masonry-item-with-image' title=\"lespritgiusy\"  itemscope=\"itemscope\" itemtype=\"https:\/\/schema.org\/CreativeWork\" ><div class='av-inner-masonry-sizer'><\/div><figure class='av-inner-masonry main_color'><div class=\"av-masonry-outerimage-container\"><div class=\"av-masonry-image-container\" ><img decoding=\"async\" src=\"https:\/\/giusybe.com\/wp-content\/uploads\/2016\/02\/lespritgiusy-469x705.jpg\" title=\"lespritgiusy\" alt=\"\" \/><\/div><\/div><figcaption class='av-inner-masonry-content site-background'><div class='av-inner-masonry-content-pos'><div class='av-inner-masonry-content-pos-content'><div class='avia-arrow'><\/div><div class='av-masonry-entry-content entry-content'  itemprop=\"text\" >Je suis la simplicit\u00e9 habill\u00e9e d\u2019une touche vive<\/div><\/div><\/div><\/figcaption><\/figure><\/a><!--end av-masonry entry--><a href=\"https:\/\/giusybe.com\/it\/portfolio-item\/giusy-be-abito-donna-io-sono-daccordo-con-mio-stile-e-mi-piacio\/\" id='av-masonry-1-item-1064' data-av-masonry-item='1064' class='av-masonry-entry isotope-item post-1064 portfolio type-portfolio status-publish has-post-thumbnail hentry portfolio_entries-autunno-inverno all_sort autunno-inverno_sort  av-masonry-item-with-image' title=\"giusy-be-creatrice-de-mode-je-suis-en-accord\"  itemscope=\"itemscope\" itemtype=\"https:\/\/schema.org\/CreativeWork\" ><div class='av-inner-masonry-sizer'><\/div><figure class='av-inner-masonry main_color'><div class=\"av-masonry-outerimage-container\"><div class=\"av-masonry-image-container\" ><img decoding=\"async\" src=\"https:\/\/giusybe.com\/wp-content\/uploads\/2016\/02\/giusy-be-creatrice-de-style-je-suis-en-accord-469x705.jpg\" title=\"giusy-be-creatrice-de-mode-je-suis-en-accord\" alt=\"\" \/><\/div><\/div><figcaption class='av-inner-masonry-content site-background'><div class='av-inner-masonry-content-pos'><div class='av-inner-masonry-content-pos-content'><div class='avia-arrow'><\/div><div class='av-masonry-entry-content entry-content'  itemprop=\"text\" >Je suis en accord avec mon style et je plais<\/div><\/div><\/div><\/figcaption><\/figure><\/a><!--end av-masonry entry--><a href=\"https:\/\/giusybe.com\/it\/portfolio-item\/giusy-be-abito-donna-io-sono-messa-in-evidenza-dei-miei-punti-di-forza\/\" id='av-masonry-1-item-1042' data-av-masonry-item='1042' class='av-masonry-entry isotope-item post-1042 portfolio type-portfolio status-publish has-post-thumbnail hentry portfolio_entries-autunno-inverno all_sort autunno-inverno_sort  av-masonry-item-with-image' title=\"giusy-be-creatrice-de-mode-je-suis-la-mise-en-valeur\"  itemscope=\"itemscope\" itemtype=\"https:\/\/schema.org\/CreativeWork\" ><div class='av-inner-masonry-sizer'><\/div><figure class='av-inner-masonry main_color'><div class=\"av-masonry-outerimage-container\"><div class=\"av-masonry-image-container\" ><img decoding=\"async\" src=\"https:\/\/giusybe.com\/wp-content\/uploads\/2016\/02\/giusy-be-creatrice-de-style-je-suis-la-mise-en-valeur-469x705.jpg\" title=\"giusy-be-creatrice-de-mode-je-suis-la-mise-en-valeur\" alt=\"\" \/><\/div><\/div><figcaption class='av-inner-masonry-content site-background'><div class='av-inner-masonry-content-pos'><div class='av-inner-masonry-content-pos-content'><div class='avia-arrow'><\/div><div class='av-masonry-entry-content entry-content'  itemprop=\"text\" >Je suis la mise en valeur de mes atouts<\/div><\/div><\/div><\/figcaption><\/figure><\/a><!--end av-masonry entry--><a href=\"https:\/\/giusybe.com\/it\/portfolio-item\/giusy-be-robe-femme-je-suis-lelegance\/\" id='av-masonry-1-item-1089' data-av-masonry-item='1089' class='av-masonry-entry isotope-item post-1089 portfolio type-portfolio status-publish has-post-thumbnail hentry portfolio_entries-autunno-inverno all_sort autunno-inverno_sort  av-masonry-item-with-image' title=\"giusy-be-creatrice-de-mode-je-suis-l-elegance\"  itemscope=\"itemscope\" itemtype=\"https:\/\/schema.org\/CreativeWork\" ><div class='av-inner-masonry-sizer'><\/div><figure class='av-inner-masonry main_color'><div class=\"av-masonry-outerimage-container\"><div class=\"av-masonry-image-container\" ><img decoding=\"async\" src=\"https:\/\/giusybe.com\/wp-content\/uploads\/2016\/02\/giusy-be-creatrice-de-style-je-suis-l-elegance-469x705.jpg\" title=\"giusy-be-creatrice-de-mode-je-suis-l-elegance\" alt=\"\" \/><\/div><\/div><figcaption class='av-inner-masonry-content site-background'><div class='av-inner-masonry-content-pos'><div class='av-inner-masonry-content-pos-content'><div class='avia-arrow'><\/div><div class='av-masonry-entry-content entry-content'  itemprop=\"text\" >Je suis l\u2019\u00e9l\u00e9gance du coeur et des gestes<\/div><\/div><\/div><\/figcaption><\/figure><\/a><!--end av-masonry entry--><\/div><\/div>\n","protected":false},"excerpt":{"rendered":"","protected":false},"author":1,"featured_media":0,"parent":0,"menu_order":0,"comment_status":"closed","ping_status":"closed","template":"","meta":{"footnotes":""},"class_list":["post-1098","page","type-page","status-publish","hentry"],"_links":{"self":[{"href":"https:\/\/giusybe.com\/it\/wp-json\/wp\/v2\/pages\/1098\/"}],"collection":[{"href":"https:\/\/giusybe.com\/it\/wp-json\/wp\/v2\/pages\/"}],"about":[{"href":"https:\/\/giusybe.com\/it\/wp-json\/wp\/v2\/types\/page\/"}],"author":[{"embeddable":true,"href":"https:\/\/giusybe.com\/it\/wp-json\/wp\/v2\/users\/1\/"}],"replies":[{"embeddable":true,"href":"https:\/\/giusybe.com\/it\/wp-json\/wp\/v2\/comments\/?post=1098"}],"version-history":[{"count":3,"href":"https:\/\/giusybe.com\/it\/wp-json\/wp\/v2\/pages\/1098\/revisions\/"}],"predecessor-version":[{"id":1584,"href":"https:\/\/giusybe.com\/it\/wp-json\/wp\/v2\/pages\/1098\/revisions\/1584\/"}],"wp:attachment":[{"href":"https:\/\/giusybe.com\/it\/wp-json\/wp\/v2\/media\/?parent=1098"}],"curies":[{"name":"wp","href":"https:\/\/api.w.org\/{rel}","templated":true}]}}