{"id":1559,"date":"2016-10-27T09:59:10","date_gmt":"2016-10-27T08:59:10","guid":{"rendered":"http:\/\/giusybe.com\/it\/?page_id=1559"},"modified":"2018-06-04T11:24:34","modified_gmt":"2018-06-04T10:24:34","slug":"condizioni-generali","status":"publish","type":"page","link":"https:\/\/giusybe.com\/it\/condizioni-generali\/","title":{"rendered":"Condizioni Generali"},"content":{"rendered":"<div class=\"flex_column av_one_full  flex_column_div av-zero-column-padding first  avia-builder-el-0  avia-builder-el-no-sibling  \" style='border-radius:0px; '><p><div style='padding-bottom:10px; color:#161616;font-size:28px;' class='av-special-heading av-special-heading-h1 custom-color-heading blockquote modern-quote  avia-builder-el-1  el_before_av_textblock  avia-builder-el-first   av-inherit-size '><h1 class='av-special-heading-tag '  itemprop=\"headline\"  >Conditions g\u00e9n\u00e9rales<\/h1><div class='special-heading-border'><div class='special-heading-inner-border' style='border-color:#161616'><\/div><\/div><\/div><br \/>\n<section class=\"av_textblock_section \"  itemscope=\"itemscope\" itemtype=\"https:\/\/schema.org\/CreativeWork\" ><div class='avia_textblock  '   itemprop=\"text\" ><p><span style=\"color: #000000;\">Veuillez noter qu&#8217;en cas de litige, seule la version fran\u00e7aise des pr\u00e9sentes conditions g\u00e9n\u00e9rales de vente (CGV) fait foi.<\/span><\/p>\n<h4><span style=\"color: #000000;\">G\u00e9n\u00e9ralit\u00e9s:<\/span><\/h4>\n<p><span style=\"color: #000000;\">Les pr\u00e9sentes conditions r\u00e9gissent les ventes des articles propos\u00e9s sur le site <a style=\"color: #000000;\" href=\"http:\/\/www.giusybe.com\">www.giusybe.com<\/a>. Les conditions g\u00e9n\u00e9rales de vente modifi\u00e9es seront applicables d\u00e8s leurs mise \u00e0 disposition sur le site.<\/span><\/p>\n<p>Le r\u00e8glement et toutes les informations requises dans les formulaires de ce site respectent\u00a0<strong>Le GDPR = General Data Protection R\u00e9gulation.<\/strong><\/p>\n<p>Pour Giusy Be, la s\u00e9curit\u00e9 de vos donn\u00e9es personnelles a une priorit\u00e9 absolue. Par cons\u00e9quent, Giusy Be garantit que vos donn\u00e9es personnelles seront trait\u00e9es conform\u00e9ment au nouveau RGPD UE.<\/p>\n<p><span style=\"color: #000000;\">Giusy Be S\u00e0rl se r\u00e9serve le droit de modifier les pr\u00e9sentes conditions g\u00e9n\u00e9rales de vente \u00e0 tout moment.<\/span><\/p>\n<p><span style=\"color: #000000;\">La finalisation de la commande par le client implique son adh\u00e9sion aux pr\u00e9sentes conditions g\u00e9n\u00e9rales de vente dans leur int\u00e9gralit\u00e9.<\/span><\/p>\n<p><span style=\"color: #000000;\">Le client d\u00e9clare avoir la capacit\u00e9 de contracter avec Giusy Be S\u00e0rl sur la base des conditions g\u00e9n\u00e9rales de vente pr\u00e9sentes sur le site de <a href=\"http:\/\/www.giusybe.com\">www.giusybe.com.<\/a><\/span><\/p>\n<p><span style=\"color: #000000;\">Le client reconna\u00eet avoir pris connaissance des conditions g\u00e9n\u00e9rales de vente et les accepte lors de la finalisation de sa commande. En cas de circonstances exceptionnelles, notamment d\u2019insolvabilit\u00e9 ou d\u2019informations erron\u00e9es, Giusy Be S\u00e0rl se r\u00e9serve le droit de refuser la commande d\u2019un client sans pr\u00e9avis.<\/span><\/p>\n<p><strong><u>L\u2019unique forme de payements accept\u00e9e est le versement direct\u00a0bancaire sur le compte de GIUSY BE SARL.<\/u><\/strong><\/p>\n<p><span style=\"color: #000000;\">Veuillez noter que: Nous n\u2019acceptons pas les ch\u00e8ques, l\u2019argent comptant ou les mandats postaux. Nous acceptons la plupart des cartes de cr\u00e9dit ayant une adresse de facturation internationale.<\/span><\/p>\n<p><span style=\"color: #000000;\">Aucune\u00a0commande ne sera trait\u00e9e, ni aucun article livr\u00e9 avant r\u00e9ception de la totalit\u00e9 du montant d&#8217;achat.<\/span><\/p>\n<p><span style=\"color: #000000;\">Aucune information vous concernant ne transite par GIUSY BE SARL.<\/span><\/p>\n<h4><span style=\"color: #000000;\">Conditions de paiement:<\/span><\/h4>\n<p><span style=\"color: #000000;\">Tous nos prix sont fix\u00e9s en francs suisses CHF TTC et EUR HTC. Les prix des articles factur\u00e9s au client sont ceux en vigueur \u00e0 la date de la commande.<\/span><\/p>\n<p><span style=\"color: #000000;\">Giusy Be S\u00e0rl se r\u00e9serve le droit d&#8217;annuler une commande en cas de probl\u00e8me lors de la finalisation de la commande.<\/span><\/p>\n<p><span style=\"color: #000000;\">Les ch\u00e8ques ne sont pas accept\u00e9s et nous ne livrons pas d&#8217;articles avant d&#8217;avoir re\u00e7u le paiement dans sa globalit\u00e9.<\/span><\/p>\n<h4><span style=\"color: #000000;\">Disponibilit\u00e9s:<\/span><\/h4>\n<p><span style=\"color: #000000;\">Tous les produits sont propos\u00e9s dans la limite des stocks disponibles. Une fois la commande envoy\u00e9e, si un article est indisponible, Giusy Be S\u00e0rl\u00a0\u00bb enverra une information par e-mail au client qui pourra \u00eatre transform\u00e9e en pr\u00e9-commande et le client sera inform\u00e9 du d\u00e9lai d\u2019attente pour recevoir l\u2019article s\u00e9lectionn\u00e9.<\/span><\/p>\n<p><span style=\"color: #000000;\">Giusy Be S\u00e0rl se r\u00e9serve toutefois le droit d&#8217;annuler la commande de l&#8217;article manquant s\u2019il n\u2019est plus disponible et de rembourser le client du montant pay\u00e9 pour l&#8217;article manquant.<\/span><\/p>\n<p><span style=\"color: #000000;\">Giusy Be S\u00e0rl s&#8217;engage \u00e0 rembourser le client sans suppl\u00e9ment si la commande ne peut pas \u00eatre honor\u00e9e.<\/span><\/p>\n<p><span style=\"color: #000000;\">Les pr\u00e9-commandes directes sont possibles sur le site. Si l\u2019article n\u2019est actuellement pas disposnible.<\/span><\/p>\n<p><span style=\"color: #000000;\">Giusy Be S\u00e0rl vous enverra un e-mail pour vous informer du d\u00e9lai d\u2019attente en cas de pr\u00e9-commande. Le d\u00e9lais d\u2019attente devrait \u00eatre d\u2019environ 3 \u00e0 4 semaines. Ce d\u00e9lai est approximatif.<\/span><\/p>\n<h4><span style=\"color: #000000;\">Articles propos\u00e9s\u00a0sur le site:<\/span><\/h4>\n<p><span style=\"color: #000000;\">Les articles propos\u00e9s sur le site <a style=\"color: #000000;\" href=\"http:\/\/www.giusybe.com\">www.giusybe.com<\/a> sont vendus\u00a0<strong>sans aucune garantie<\/strong>.<\/span><\/p>\n<p><span style=\"color: #000000;\">Nous faisons tous nos efforts afin de reproduire au mieux les couleurs des articles afin qu&#8217;ils soient le plus proche de la r\u00e9alit\u00e9, mais il est possible qu&#8217;il y ait des diff\u00e9rences entre les photos du site de www.giusybe.com et la r\u00e9alit\u00e9, notamment en raison de la compression des images, des diff\u00e9rentes cartes graphique ou de la qualit\u00e9 de l&#8217;\u00e9cran. De ce fait, aucune r\u00e9clamation ne pourra \u00eatre faite.<\/span><\/p>\n<p><span style=\"color: #000000;\">En cas de doute, il est conseill\u00e9 d\u2019envoyer un message \u00e0 contact@giusybe.com afin d\u2019\u00eatre conseiller sur la taille, les couleurs et la forme de la robe.<\/span><\/p>\n<p><span style=\"color: #000000;\">Le client est conscient qu&#8217;apr\u00e8s lavage ou trempage du tissu, celui-ci peut parfois r\u00e9tr\u00e9cir. Il est donc probable, malgr\u00e9 la qualit\u00e9 des robes, que ces derni\u00e8res se transforment si les conditions et conseils de lavage stipul\u00e9s sur le site et les v\u00eatements ne sont pas respect\u00e9s pr\u00e9cis\u00e9ment.<\/span><\/p>\n<p><span style=\"color: #000000;\">Giusy Be S\u00e0rl ayant stipul\u00e9 clairement les conseils de lavage sur le site et les v\u00eatements <a style=\"color: #000000;\" href=\"http:\/\/www.giusybe.com\">www.giusybe.com<\/a> se d\u00e9gage de toute responsabilit\u00e9 sur ce sujet.<\/span><\/p>\n<p><span style=\"color: #000000;\">Il est rappel\u00e9 qu\u2019aucun v\u00eatement ne sera repris ou \u00e9chang\u00e9 s\u2019il a d\u00e9j\u00e0 \u00e9t\u00e9 port\u00e9 et\/ou lav\u00e9.<\/span><\/p>\n<h4><span style=\"color: #000000;\">Livraisons:<\/span><\/h4>\n<p><span style=\"color: #000000;\">En g\u00e9n\u00e9ral, le d\u00e9lai moyen de livraison est de 3 \u00e0 7 jours (ouvrables) pour la\u00a0Suisse. Les d\u00e9lais indiqu\u00e9s sont des d\u00e9lais moyens et correspondent aux d\u00e9lais de traitement et d&#8217;acheminement du transporteur. \u00abGiusy Be S\u00e0rl ne sera pas responsable en cas de retard de livraison, \u00a0de gr\u00e8ve du transporteur, de rupture de stock\u00a0ou de commande perdue par le transporteur. Les produits sont livr\u00e9s \u00e0 l&#8217;adresse de livraison indiqu\u00e9e lors de votre commande. En cas d&#8217;impr\u00e9vu, &#8220;Giusy Be S\u00e0rl se r\u00e9serve le droit de prolonger le d\u00e9lais de livraison.<\/span><\/p>\n<p><span style=\"color: #000000;\">A noter que les d\u00e9lais de livraison indiqu\u00e9s sont toujours approximatifs.<\/span><\/p>\n<p><span style=\"color: #000000;\">Si Giusy Be S\u00e0rl en est inform\u00e9, le client sera avis\u00e9 par e-mail des retards \u00e9ventuels.<\/span><\/p>\n<p><span style=\"color: #000000;\">Tous nos articles peuvent \u00eatre livr\u00e9s en suisse et dans d&#8217;autres\u00a0pays.<\/span><\/p>\n<p><span style=\"color: #000000;\">Les frais de port sont calcul\u00e9s en fonction de\u00a0l\u2019adresse de livraison, du poids et de la dimension de la commande.<\/span><\/p>\n<h4><span style=\"color: #000000;\">Co\u00fbts de livraison:<\/span><\/h4>\n<p><span style=\"color: #000000;\">Dans le cadre du d\u00e9marrage nous offrons \u00e0 tous les frais de livraisons et de retours via la Poste.<\/span><\/p>\n<p><span style=\"color: #000000;\">Les frais de douane ainsi que les taxes sont \u00e0 l&#8217;unique charge du client.<\/span><\/p>\n<p><span style=\"color: #000000;\">Giusy Be S\u00e0rl \u00e9tant dans l\u2019impossibilit\u00e9 mat\u00e9rielle de communiquer aux clients une information exacte sur le montant total des frais aff\u00e9rents aux droits et formalit\u00e9s de douanes, taxes \u00e0 l\u2019importation applicables dans le pays o\u00f9 la livraison est demand\u00e9e. \u2028\u2028Le paiement de ces frais \u00e9ventuellement n\u00e9cessaire \u00e0 l\u2019entr\u00e9e des produits command\u00e9s sur le territoire de livraison est \u00e0 la seule charge des clients, ce qu\u2019ils acceptent.<\/span><\/p>\n<h4><span style=\"color: #000000;\">Traitement des commandes:<\/span><\/h4>\n<p><span style=\"color: #000000;\">Les commandes sont g\u00e9n\u00e9ralement trait\u00e9es (hors livraison) dans un d\u00e9lai de 1 \u00e0 5 jours ouvrables.\u00a0Si la commande ne peut \u00eatre trait\u00e9e dans ce d\u00e9lai, le client en est inform\u00e9\u00a0dans les plus brefs d\u00e9lais.<\/span><\/p>\n<p><span style=\"color: #000000;\">Nous d\u00e9clinons toute responsabilit\u00e9 en ce qui concerne le d\u00e9roulement de la commande et de la livraison des articles. Si les informations transmises sont inexactes, Giusy Be S\u00e0rl ne saurait \u00eatre tenue pour responsable de l\u2019impossibilit\u00e9 de livrer et de respecter les d\u00e9lais. En cas de probl\u00e8me de livraison avec le transporteur, Giusy Be S\u00e0rl se d\u00e9gage de toute responsabilit\u00e9.<\/span><\/p>\n<p><span style=\"color: #000000;\">Le client est seul responsable de toutes les d\u00e9marches n\u00e9cessaires \u00e0 l\u2019importation des marchandises sur son territoire conform\u00e9ment au droit en vigueur. Il certifie \u00eatre majeur, avoir le droit et le pouvoir de commander la marchandise. Il garantit, \u00e9galement, s\u2019\u00eatre bien inform\u00e9 au pr\u00e9alable et s\u2019\u00eatre assur\u00e9 que la commande ne viole aucune disposition du droit en vigueur dans le pays de livraison ou de domicile de l\u2019acheteur et que tous les renseignements fournis sont exacts. Le client a la\u00a0responsabilit\u00e9 de s&#8217;informer des dispositions l\u00e9gales relatives aux taxes douani\u00e8res applicables. Les taxes \u00e0 l&#8217;importation ne font pas partie des frais de port.<\/span><\/p>\n<h4><span style=\"color: #000000;\">La v\u00e9rification de la commande:<\/span><\/h4>\n<p><span style=\"color: #000000;\">Dans l\u2019hypoth\u00e8se, o\u00f9 Giusy Be S\u00e0rl constate un nombre important de commandes, nous v\u00e9rifierons avec le client par t\u00e9l\u00e9phone ou par voie de courrier \u00e9lectronique si la commande est correcte. Le client pourra ainsi proc\u00e9der \u00e0 la correction des \u00e9l\u00e9ments erron\u00e9s ou contraires aux pr\u00e9sentes conditions g\u00e9n\u00e9rales de vente. Giusy Be S\u00e0rl se r\u00e9serve le droit de ne pas traiter la commande.<\/span><\/p>\n<h4><span style=\"color: #000000;\">Politique de remboursement:<\/span><\/h4>\n<p><span style=\"color: #000000;\">La marchandise admissible pour un retour peut \u00eatre renvoy\u00e9e dans les 30 jours \u00e0 compter de la date de livraison en envoyant un message \u00e0 <a style=\"color: #000000;\" href=\"mailto:contact@giusybe.com\">contact@giusybe.com<\/a> .<\/span><\/p>\n<p><span style=\"color: #000000;\">Le client doit d&#8217;abord avertir \u00abGiusy Be\u2026\u00bb par mail \u00e0 &#8220;<a href=\"mailto:contact@giusybe.com\">contact@giusybe.com<\/a>&#8221; de l\u2019insatisfaction occasionn\u00e9e ou du d\u00e9faut constat\u00e9 et \u00e9ventuellement fournir des photos.<\/span><\/p>\n<p><span style=\"color: #000000;\">Giusy BeS\u00e0rl vous fera parvenir une \u00e9tiquette de retour pr\u00e9pay\u00e9e. Les frais de douane ainsi que les taxes ne sont pas rembours\u00e9.<\/span><\/p>\n<p><span style=\"color: #000000;\">Nous n\u2019accepterons les retours que pour les articles avec leurs \u00e9tiquettes attach\u00e9es, qui ne sont pas us\u00e9s, alt\u00e9r\u00e9s ou lav\u00e9s. L\u2019autocollant Giusy Be\u2026 doit \u00eatre intact sur la robe et sera inspect\u00e9 afin de garantir que le v\u00eatement n\u2019a pas d\u00e9j\u00e0 \u00e9t\u00e9 port\u00e9.<\/span><\/p>\n<p><span style=\"color: #000000;\">D\u00e8s r\u00e9ception des articles retourn\u00e9s, Giusy Be S\u00e0rl, se r\u00e9serve le droit de refuser un remboursement si la marchandise ne r\u00e9pond pas \u00e0 ces exigences. Les remboursements seront trait\u00e9s suite \u00e0 la r\u00e9ception, sous 30 jours ouvrables. Une fois votre demande de retour trait\u00e9e, nous vous ferons parvenir un e-mail de confirmation.<\/span><\/p>\n<h4><span style=\"color: #000000;\">Politique d\u2019\u00e9change:\u2028 <\/span><\/h4>\n<p><span style=\"color: #000000;\">La marchandise admissible pour un retour peut \u00eatre renvoy\u00e9e dans les 30 jours. Le client doit d&#8217;abord avertir \u00abGiusy Be Sarl\u00bb par mail \u00e0 &#8220;<a href=\"mailto:contact@giusybe.com\">contact@giusybe.com<\/a>&#8221; de l\u2019insatisfaction occasionn\u00e9e et de l\u2019article de remplacement qu\u2019il souhaite recevoir.<\/span><\/p>\n<p><span style=\"color: #000000;\">D\u00e8s que &#8220;Giusy Be S\u00e0rl&#8221; aura valid\u00e9 le retour, le client peut d\u00e9cider de recevoir \u00e0 nouveau l&#8217;article \u00e9quivalent \u00e0 sa commande originale dans une autre taille ou commander un autre mod\u00e8le ayant le m\u00eame prix.<\/span><\/p>\n<p><span style=\"color: #000000;\">Nous offrons la livraison gratuite sur les \u00e9changes effectu\u00e9s \u00e0 travers www.giusybe.com. Nous n&#8217;accepterons les \u00e9changes que pour les articles avec des \u00e9tiquettes attach\u00e9es qui ne sont pas us\u00e9s, alt\u00e9r\u00e9s ou lav\u00e9s et dont l\u2019autocollant GiusyBe est intact et n\u2019aura pas \u00e9t\u00e9 d\u00e9tach\u00e9.<\/span><\/p>\n<p><span style=\"color: #000000;\">D\u00e8s r\u00e9ception des marchandises retourn\u00e9es, Giusy Be se r\u00e9serve le droit de refuser un \u00e9change si la marchandise ne r\u00e9pond pas \u00e0 ces exigences. Une fois votre demande d\u2019\u00e9change trait\u00e9e, nous vous ferons parvenir une confirmation par e-mail.<\/span><\/p>\n<p><span style=\"color: #000000;\">Les articles sold\u00e9s ne peuvent pas \u00eatre \u00e9chang\u00e9s ou retourn\u00e9s.<\/span><\/p>\n<p><span style=\"color: #000000;\">Aucun article ne sera repris ni \u00e9chang\u00e9 dans le cas o\u00f9 le client a pr\u00e9alablement d\u00e9j\u00e0 retourn\u00e9 son article une fois. Giusy Be S\u00e0rl se r\u00e9serve toutefois d\u2019analyser la situation en cas de r\u00e9el dommage pour le client.<\/span><\/p>\n<h4><span style=\"color: #000000;\">Responsabilit\u00e9:<\/span><\/h4>\n<p><span style=\"color: #000000;\">Les photographies et les textes reproduits et illustrant les produits pr\u00e9sent\u00e9s ne sont pas contractuels. La responsabilit\u00e9 de \u00abGiusy Be S\u00e0rl\u00bb ne saurait \u00eatre engag\u00e9e en cas d&#8217;erreur dans l&#8217;une de ces photographies ou l&#8217;un de ces textes. \u00abGiusy Be\u00a0S\u00e0rl\u00bb n&#8217;est pas tenu pour responsable de l&#8217;inex\u00e9cution du contrat conclu en cas de rupture de stock ou indisponibilit\u00e9 du produit et de force majeure. La force majeure comporte tous les cas reconnus par la jurisprudence et tout dysfonctionnement du r\u00e9seau Internet, la perturbation ou gr\u00e8ve totale ou partielle notamment des services postaux et moyens de transport et\/ou communications, inondation, incendie, etc&#8230;<\/span><\/p>\n<p><span style=\"color: #000000;\">&#8220;Giusy Be Sarl&#8221; ne pourra pas \u00eatre tenu pour\u00a0responsable\u00a0des achats fait par des clients surendett\u00e9s.<\/span><\/p>\n<p><span style=\"color: #000000;\">L&#8217;acheteur doit \u00eatre majeur (+ 18ans). Les\u00a0mineurs ou les personnes sous tutelles\u00a0doivent\u00a0au pr\u00e9alable obtenir l&#8217;accord de son repr\u00e9sentant l\u00e9gal, du tuteur ou de l&#8217;autorit\u00e9 tut\u00e9laire\u00a0pour passer commande sur le site www.giusybe.com.<\/span><\/p>\n<p><span style=\"color: #000000;\">&#8220;Giusy Be S\u00e0rl&#8221; ne peut pas \u00eatre tenu pour responsable en cas d&#8217;allergie \u00e0 un tissu.<\/span><\/p>\n<h4><span style=\"color: #000000;\">Comment retourner votre\/vos article(s):\u00a0<\/span><\/h4>\n<p><span style=\"color: #000000;\">Retour avec la Poste:<\/span><\/p>\n<ul>\n<li><span style=\"color: #000000;\">Veuillez envoyer un e-mail avec votre nom inscrit, votre adresse courriel ainsi que votre num\u00e9ro de t\u00e9l\u00e9phone afin que nous puissions vous contacter si n\u00e9cessaire.<\/span><\/li>\n<li><span style=\"color: #000000;\">Emballez votre ou vos articles\u00a0 dans l\u2019emballage fourni dans votre colis pour s\u2019assurer que l\u2019article ou les articles ne sont pas endommag\u00e9s en transit.<\/span><\/li>\n<li><span style=\"color: #000000;\">Envoyez votre retour en utilisant l&#8217;\u00e9tiquette de retour pr\u00e9pay\u00e9e qui vous sera envoy\u00e9e.<\/span><\/li>\n<li><span style=\"color: #000000;\">D\u00e9posez votre colis \u00e0 la Poste.<\/span><\/li>\n<\/ul>\n<h4><span style=\"color: #000000;\">Protection des donn\u00e9es:<\/span><\/h4>\n<p><span style=\"color: #000000;\">Le client consent \u00e0 ce que ses donn\u00e9es personnelles soient sauvegard\u00e9es par \u00abGiusy Be S\u00e0rl\u00bb.<\/span><\/p>\n<p><span style=\"color: #000000;\">Les donn\u00e9es personnelles relatives au client sont sauvegard\u00e9es uniquement dans le but de faciliter l\u2019achat de nouveaux articles par le client et afin de garantir le bon d\u00e9roulement de la transaction commerciale. Les donn\u00e9es personnelles relatives au client sont trait\u00e9es de mani\u00e8re confidentielle et s\u00e9curis\u00e9e. En aucun cas ces donn\u00e9es ne sont transmises \u00e0 des tiers.<\/span><\/p>\n<h4><span style=\"color: #000000;\">Droit applicable, propri\u00e9t\u00e9 et for juridique:<\/span><\/h4>\n<p><span style=\"color: #000000;\">Les pr\u00e9sentes conditions g\u00e9n\u00e9rales de vente ainsi que les contrats conclus en application sont r\u00e9gis par le droit suisse\u00a0\u00e0 l&#8217;exclusion de la Convention des Nations Unies sur les Contrats de Vente Internationale de Marchandises (CVIM).<\/span><\/p>\n<p><span style=\"color: #000000;\">La marchandise reste propri\u00e9t\u00e9 de \u00abGiusy Be Sarl\u00bb jusqu\u2019au paiement int\u00e9gral de la marchandise. La juridiction comp\u00e9tente en cas de litige est celle de Gen\u00e8ve en Suisse.<\/span><\/p>\n<p><span style=\"color: #000000;\">La langue des pr\u00e9sentes conditions g\u00e9n\u00e9rales de vente est la langue fran\u00e7aise.<\/span><\/p>\n<p><span style=\"color: #000000;\">En cas de litige, seule la version fran\u00e7aise des pr\u00e9sentes conditions g\u00e9n\u00e9rales de vente (CGV) fait foi.<\/span><\/p>\n<p><span style=\"color: #000000;\">Le for juridique se situe \u00e0 Gen\u00e8ve. En cas de litige, les parties s&#8217;engagent \u00e0 rechercher une solution \u00e0 l&#8217;amiable avant toute action judiciaire.<\/span><\/p>\n<p><span style=\"color: #000000;\"><strong>Giusy Be S\u00e0rl<\/strong><br \/>\n<\/span>Giuseppina Bontorno<br \/>\n40C, Route de Malagnou<br \/>\n1208 Gen\u00e8ve<br \/>\nSuisse<\/p>\n<p><span style=\"color: #000000;\">Pur toute question pr\u00e9f\u00e9rez l\u2019e-mail\u00a0: nous vous r\u00e9pondrons dans les meilleurs d\u00e9lais<\/span><\/p>\n<p><a href=\"mailto:contact@giusybe.com\"><span style=\"color: #000000;\">contact@giusybe.com<\/span><\/a><\/p>\n<p><span style=\"color: #000000;\">Tel\u00a0: +41 79 286 05 82<br \/>\n<em>(laisser un message en cas de non-r\u00e9ponse avec vos coordonn\u00e9es et nous vous recontacterons dans les meilleurs d\u00e9lais)<\/em><\/span><\/p>\n<p><span style=\"color: #000000;\">Copyright 2016 (c) &#8211; RC CHE-448.964.157\u00a0\u2013 www.giusybe.com<\/span><\/p>\n<\/div><\/section><\/p><\/div>\n","protected":false},"excerpt":{"rendered":"","protected":false},"author":1,"featured_media":0,"parent":0,"menu_order":0,"comment_status":"closed","ping_status":"closed","template":"","meta":{"footnotes":""},"class_list":["post-1559","page","type-page","status-publish","hentry"],"_links":{"self":[{"href":"https:\/\/giusybe.com\/it\/wp-json\/wp\/v2\/pages\/1559\/"}],"collection":[{"href":"https:\/\/giusybe.com\/it\/wp-json\/wp\/v2\/pages\/"}],"about":[{"href":"https:\/\/giusybe.com\/it\/wp-json\/wp\/v2\/types\/page\/"}],"author":[{"embeddable":true,"href":"https:\/\/giusybe.com\/it\/wp-json\/wp\/v2\/users\/1\/"}],"replies":[{"embeddable":true,"href":"https:\/\/giusybe.com\/it\/wp-json\/wp\/v2\/comments\/?post=1559"}],"version-history":[{"count":11,"href":"https:\/\/giusybe.com\/it\/wp-json\/wp\/v2\/pages\/1559\/revisions\/"}],"predecessor-version":[{"id":4374,"href":"https:\/\/giusybe.com\/it\/wp-json\/wp\/v2\/pages\/1559\/revisions\/4374\/"}],"wp:attachment":[{"href":"https:\/\/giusybe.com\/it\/wp-json\/wp\/v2\/media\/?parent=1559"}],"curies":[{"name":"wp","href":"https:\/\/api.w.org\/{rel}","templated":true}]}}