{"id":3905,"date":"2018-02-20T15:58:30","date_gmt":"2018-02-20T14:58:30","guid":{"rendered":"http:\/\/giusybe.com\/nouveautes-2018\/"},"modified":"2019-02-05T19:58:08","modified_gmt":"2019-02-05T18:58:08","slug":"nouveautes-2018","status":"publish","type":"page","link":"https:\/\/giusybe.com\/it\/nouveautes-2018\/","title":{"rendered":"New models 2018"},"content":{"rendered":"<div id='av-masonry-1' class='av-masonry  noHover av-flex-size av-large-gap av-hover-overlay-active av-masonry-animation-active av-masonry-col-flexible av-caption-on-hover av-caption-style- av-masonry-gallery     '  ><div class='av-masonry-container isotope av-js-disabled ' ><div class='av-masonry-entry isotope-item av-masonry-item-no-image '><\/div><a href=\"https:\/\/giusybe.com\/wp-content\/uploads\/2018\/09\/L1830021-687x1030.jpg\" id='av-masonry-1-item-4874' data-av-masonry-item='4874' class='av-masonry-entry isotope-item post-4874 attachment type-attachment status-inherit hentry  av-masonry-item-with-image' title=\"L1830021\"  itemprop=\"thumbnailUrl\" ><div class='av-inner-masonry-sizer'><\/div><figure class='av-inner-masonry main_color'><div class=\"av-masonry-outerimage-container\"><div class=\"av-masonry-image-container\" ><img decoding=\"async\" src=\"https:\/\/giusybe.com\/wp-content\/uploads\/2018\/09\/L1830021-470x705.jpg\" title=\"L1830021\" alt=\"\" \/><\/div><\/div><figcaption class='av-inner-masonry-content site-background'><div class='av-inner-masonry-content-pos'><div class='av-inner-masonry-content-pos-content'><div class='avia-arrow'><\/div><div class='av-masonry-entry-content entry-content'  itemprop=\"text\" >Je suis l'\u00e9ternelle \u00e9l\u00e9gance.<\/div><\/div><\/div><\/figcaption><\/figure><\/a><!--end av-masonry entry--><a href=\"https:\/\/giusybe.com\/wp-content\/uploads\/2018\/06\/L1830072-687x1030.jpg\" id='av-masonry-1-item-4734' data-av-masonry-item='4734' class='av-masonry-entry isotope-item post-4734 attachment type-attachment status-inherit hentry  av-masonry-item-with-image' title=\"L1830072\"  itemprop=\"thumbnailUrl\" ><div class='av-inner-masonry-sizer'><\/div><figure class='av-inner-masonry main_color'><div class=\"av-masonry-outerimage-container\"><div class=\"av-masonry-image-container\" ><img decoding=\"async\" src=\"https:\/\/giusybe.com\/wp-content\/uploads\/2018\/06\/L1830072-470x705.jpg\" title=\"L1830072\" alt=\"\" \/><\/div><\/div><figcaption class='av-inner-masonry-content site-background'><div class='av-inner-masonry-content-pos'><div class='av-inner-masonry-content-pos-content'><div class='avia-arrow'><\/div><div class='av-masonry-entry-content entry-content'  itemprop=\"text\" >Je suis le chic qui passe.<\/div><\/div><\/div><\/figcaption><\/figure><\/a><!--end av-masonry entry--><a href=\"https:\/\/giusybe.com\/wp-content\/uploads\/2018\/06\/L1830120-687x1030.jpg\" id='av-masonry-1-item-4680' data-av-masonry-item='4680' class='av-masonry-entry isotope-item post-4680 attachment type-attachment status-inherit hentry  av-masonry-item-with-image' title=\"L1830120\"  itemprop=\"thumbnailUrl\" ><div class='av-inner-masonry-sizer'><\/div><figure class='av-inner-masonry main_color'><div class=\"av-masonry-outerimage-container\"><div class=\"av-masonry-image-container\" ><img decoding=\"async\" src=\"https:\/\/giusybe.com\/wp-content\/uploads\/2018\/06\/L1830120-470x705.jpg\" title=\"L1830120\" alt=\"\" \/><\/div><\/div><figcaption class='av-inner-masonry-content site-background'><div class='av-inner-masonry-content-pos'><div class='av-inner-masonry-content-pos-content'><div class='avia-arrow'><\/div><div class='av-masonry-entry-content entry-content'  itemprop=\"text\" >Je suis la multitude des beaut\u00e9.<\/div><\/div><\/div><\/figcaption><\/figure><\/a><!--end av-masonry entry--><a href=\"https:\/\/giusybe.com\/wp-content\/uploads\/2018\/06\/L1830156-687x1030.jpg\" id='av-masonry-1-item-4875' data-av-masonry-item='4875' class='av-masonry-entry isotope-item post-4875 attachment type-attachment status-inherit hentry  av-masonry-item-with-image' title=\"L1830156\"  itemprop=\"thumbnailUrl\" ><div class='av-inner-masonry-sizer'><\/div><figure class='av-inner-masonry main_color'><div class=\"av-masonry-outerimage-container\"><div class=\"av-masonry-image-container\" ><img decoding=\"async\" src=\"https:\/\/giusybe.com\/wp-content\/uploads\/2018\/06\/L1830156-470x705.jpg\" title=\"L1830156\" alt=\"\" \/><\/div><\/div><figcaption class='av-inner-masonry-content site-background'><div class='av-inner-masonry-content-pos'><div class='av-inner-masonry-content-pos-content'><div class='avia-arrow'><\/div><div class='av-masonry-entry-content entry-content'  itemprop=\"text\" >Je suis la directrice de ma vie.<\/div><\/div><\/div><\/figcaption><\/figure><\/a><!--end av-masonry entry--><a href=\"https:\/\/giusybe.com\/wp-content\/uploads\/2018\/02\/IMG_6893-773x1030.jpg\" id='av-masonry-1-item-4123' data-av-masonry-item='4123' class='av-masonry-entry isotope-item post-4123 attachment type-attachment status-inherit hentry  av-masonry-item-with-image' title=\"IMG_6893\"  itemprop=\"thumbnailUrl\" ><div class='av-inner-masonry-sizer'><\/div><figure class='av-inner-masonry main_color'><div class=\"av-masonry-outerimage-container\"><div class=\"av-masonry-image-container\" ><img decoding=\"async\" src=\"https:\/\/giusybe.com\/wp-content\/uploads\/2018\/02\/IMG_6893-529x705.jpg\" title=\"IMG_6893\" alt=\"\" \/><\/div><\/div><figcaption class='av-inner-masonry-content site-background'><div class='av-inner-masonry-content-pos'><div class='av-inner-masonry-content-pos-content'><div class='avia-arrow'><\/div><div class='av-masonry-entry-content entry-content'  itemprop=\"text\" >Je suis le simple dans le sophistiqu\u00e9.<\/div><\/div><\/div><\/figcaption><\/figure><\/a><!--end av-masonry entry--><a href=\"https:\/\/giusybe.com\/wp-content\/uploads\/2018\/02\/IMG_7023-1030x1030.jpg\" id='av-masonry-1-item-3898' data-av-masonry-item='3898' class='av-masonry-entry isotope-item post-3898 attachment type-attachment status-inherit hentry  av-masonry-item-with-image' title=\"IMG_7023\"  itemprop=\"thumbnailUrl\" ><div class='av-inner-masonry-sizer'><\/div><figure class='av-inner-masonry main_color'><div class=\"av-masonry-outerimage-container\"><div class=\"av-masonry-image-container\" ><img decoding=\"async\" src=\"https:\/\/giusybe.com\/wp-content\/uploads\/2018\/02\/IMG_7023-705x705.jpg\" title=\"IMG_7023\" alt=\"\" \/><\/div><\/div><figcaption class='av-inner-masonry-content site-background'><div class='av-inner-masonry-content-pos'><div class='av-inner-masonry-content-pos-content'><div class='avia-arrow'><\/div><div class='av-masonry-entry-content entry-content'  itemprop=\"text\" >Je suis l'\u00e9cume de mes jours.<\/div><\/div><\/div><\/figcaption><\/figure><\/a><!--end av-masonry entry--><a href=\"https:\/\/giusybe.com\/wp-content\/uploads\/2018\/02\/IMG_6972-1030x1030.jpg\" id='av-masonry-1-item-3895' data-av-masonry-item='3895' class='av-masonry-entry isotope-item post-3895 attachment type-attachment status-inherit hentry  av-masonry-item-with-image' title=\"IMG_6972\"  itemprop=\"thumbnailUrl\" ><div class='av-inner-masonry-sizer'><\/div><figure class='av-inner-masonry main_color'><div class=\"av-masonry-outerimage-container\"><div class=\"av-masonry-image-container\" ><img decoding=\"async\" src=\"https:\/\/giusybe.com\/wp-content\/uploads\/2018\/02\/IMG_6972-705x705.jpg\" title=\"IMG_6972\" alt=\"\" \/><\/div><\/div><figcaption class='av-inner-masonry-content site-background'><div class='av-inner-masonry-content-pos'><div class='av-inner-masonry-content-pos-content'><div class='avia-arrow'><\/div><div class='av-masonry-entry-content entry-content'  itemprop=\"text\" >Je suis la gr\u00e2ce du moment.<\/div><\/div><\/div><\/figcaption><\/figure><\/a><!--end av-masonry entry--><a href=\"https:\/\/giusybe.com\/wp-content\/uploads\/2018\/02\/IMG_7024-1030x1030.jpg\" id='av-masonry-1-item-3889' data-av-masonry-item='3889' class='av-masonry-entry isotope-item post-3889 attachment type-attachment status-inherit hentry  av-masonry-item-with-image' title=\"IMG_7024\"  itemprop=\"thumbnailUrl\" ><div class='av-inner-masonry-sizer'><\/div><figure class='av-inner-masonry main_color'><div class=\"av-masonry-outerimage-container\"><div class=\"av-masonry-image-container\" ><img decoding=\"async\" src=\"https:\/\/giusybe.com\/wp-content\/uploads\/2018\/02\/IMG_7024-705x705.jpg\" title=\"IMG_7024\" alt=\"\" \/><\/div><\/div><figcaption class='av-inner-masonry-content site-background'><div class='av-inner-masonry-content-pos'><div class='av-inner-masonry-content-pos-content'><div class='avia-arrow'><\/div><div class='av-masonry-entry-content entry-content'  itemprop=\"text\" >Je suis l'\u00e9cume de mes jours.<\/div><\/div><\/div><\/figcaption><\/figure><\/a><!--end av-masonry entry--><a href=\"https:\/\/giusybe.com\/wp-content\/uploads\/2018\/02\/IMG_7035-1030x1030.jpg\" id='av-masonry-1-item-3886' data-av-masonry-item='3886' class='av-masonry-entry isotope-item post-3886 attachment type-attachment status-inherit hentry  av-masonry-item-with-image' title=\"IMG_7035\"  itemprop=\"thumbnailUrl\" ><div class='av-inner-masonry-sizer'><\/div><figure class='av-inner-masonry main_color'><div class=\"av-masonry-outerimage-container\"><div class=\"av-masonry-image-container\" ><img decoding=\"async\" src=\"https:\/\/giusybe.com\/wp-content\/uploads\/2018\/02\/IMG_7035-705x705.jpg\" title=\"IMG_7035\" alt=\"\" \/><\/div><\/div><figcaption class='av-inner-masonry-content site-background'><div class='av-inner-masonry-content-pos'><div class='av-inner-masonry-content-pos-content'><div class='avia-arrow'><\/div><div class='av-masonry-entry-content entry-content'  itemprop=\"text\" >Je suis l'\u00e9quilibre de l'oppos\u00e9.<\/div><\/div><\/div><\/figcaption><\/figure><\/a><!--end av-masonry entry--><a href=\"https:\/\/giusybe.com\/wp-content\/uploads\/2018\/02\/IMG_7117-1030x1030.jpg\" id='av-masonry-1-item-3883' data-av-masonry-item='3883' class='av-masonry-entry isotope-item post-3883 attachment type-attachment status-inherit hentry  av-masonry-item-with-image' title=\"IMG_7117\"  itemprop=\"thumbnailUrl\" ><div class='av-inner-masonry-sizer'><\/div><figure class='av-inner-masonry main_color'><div class=\"av-masonry-outerimage-container\"><div class=\"av-masonry-image-container\" ><img decoding=\"async\" src=\"https:\/\/giusybe.com\/wp-content\/uploads\/2018\/02\/IMG_7117-705x705.jpg\" title=\"IMG_7117\" alt=\"\" \/><\/div><\/div><figcaption class='av-inner-masonry-content site-background'><div class='av-inner-masonry-content-pos'><div class='av-inner-masonry-content-pos-content'><div class='avia-arrow'><\/div><div class='av-masonry-entry-content entry-content'  itemprop=\"text\" >Je suis moi.<\/div><\/div><\/div><\/figcaption><\/figure><\/a><!--end av-masonry entry--><a href=\"https:\/\/giusybe.com\/wp-content\/uploads\/2018\/02\/IMG_7201-1030x1030.jpg\" id='av-masonry-1-item-3877' data-av-masonry-item='3877' class='av-masonry-entry isotope-item post-3877 attachment type-attachment status-inherit hentry  av-masonry-item-with-image' title=\"IMG_7201\"  itemprop=\"thumbnailUrl\" ><div class='av-inner-masonry-sizer'><\/div><figure class='av-inner-masonry main_color'><div class=\"av-masonry-outerimage-container\"><div class=\"av-masonry-image-container\" ><img decoding=\"async\" src=\"https:\/\/giusybe.com\/wp-content\/uploads\/2018\/02\/IMG_7201-705x705.jpg\" title=\"IMG_7201\" alt=\"\" \/><\/div><\/div><figcaption class='av-inner-masonry-content site-background'><div class='av-inner-masonry-content-pos'><div class='av-inner-masonry-content-pos-content'><div class='avia-arrow'><\/div><div class='av-masonry-entry-content entry-content'  itemprop=\"text\" >Je suis la gr\u00e2ce du moment.<\/div><\/div><\/div><\/figcaption><\/figure><\/a><!--end av-masonry entry--><a href=\"https:\/\/giusybe.com\/wp-content\/uploads\/2018\/02\/IMG_7029-1030x1030.jpg\" id='av-masonry-1-item-3874' data-av-masonry-item='3874' class='av-masonry-entry isotope-item post-3874 attachment type-attachment status-inherit hentry  av-masonry-item-with-image' title=\"IMG_7029\"  itemprop=\"thumbnailUrl\" ><div class='av-inner-masonry-sizer'><\/div><figure class='av-inner-masonry main_color'><div class=\"av-masonry-outerimage-container\"><div class=\"av-masonry-image-container\" ><img decoding=\"async\" src=\"https:\/\/giusybe.com\/wp-content\/uploads\/2018\/02\/IMG_7029-705x705.jpg\" title=\"IMG_7029\" alt=\"\" \/><\/div><\/div><figcaption class='av-inner-masonry-content site-background'><div class='av-inner-masonry-content-pos'><div class='av-inner-masonry-content-pos-content'><div class='avia-arrow'><\/div><div class='av-masonry-entry-content entry-content'  itemprop=\"text\" >Je suis l'actrice de ma vie.<\/div><\/div><\/div><\/figcaption><\/figure><\/a><!--end av-masonry entry--><a href=\"https:\/\/giusybe.com\/wp-content\/uploads\/2018\/02\/IMG_7118-1030x1030.jpg\" id='av-masonry-1-item-3871' data-av-masonry-item='3871' class='av-masonry-entry isotope-item post-3871 attachment type-attachment status-inherit hentry  av-masonry-item-with-image' title=\"IMG_7118\"  itemprop=\"thumbnailUrl\" ><div class='av-inner-masonry-sizer'><\/div><figure class='av-inner-masonry main_color'><div class=\"av-masonry-outerimage-container\"><div class=\"av-masonry-image-container\" ><img decoding=\"async\" src=\"https:\/\/giusybe.com\/wp-content\/uploads\/2018\/02\/IMG_7118-705x705.jpg\" title=\"IMG_7118\" alt=\"\" \/><\/div><\/div><figcaption class='av-inner-masonry-content site-background'><div class='av-inner-masonry-content-pos'><div class='av-inner-masonry-content-pos-content'><div class='avia-arrow'><\/div><div class='av-masonry-entry-content entry-content'  itemprop=\"text\" >Je suis la gr\u00e2ce du moment.<\/div><\/div><\/div><\/figcaption><\/figure><\/a><!--end av-masonry entry--><a href=\"https:\/\/giusybe.com\/wp-content\/uploads\/2018\/02\/IMG_7134-773x1030.jpg\" id='av-masonry-1-item-3868' data-av-masonry-item='3868' class='av-masonry-entry isotope-item post-3868 attachment type-attachment status-inherit hentry  av-masonry-item-with-image' title=\"IMG_7134\"  itemprop=\"thumbnailUrl\" ><div class='av-inner-masonry-sizer'><\/div><figure class='av-inner-masonry main_color'><div class=\"av-masonry-outerimage-container\"><div class=\"av-masonry-image-container\" ><img decoding=\"async\" src=\"https:\/\/giusybe.com\/wp-content\/uploads\/2018\/02\/IMG_7134-529x705.jpg\" title=\"IMG_7134\" alt=\"\" \/><\/div><\/div><figcaption class='av-inner-masonry-content site-background'><div class='av-inner-masonry-content-pos'><div class='av-inner-masonry-content-pos-content'><div class='avia-arrow'><\/div><div class='av-masonry-entry-content entry-content'  itemprop=\"text\" >Je suis l'inspiration du moment pr\u00e9sent.<\/div><\/div><\/div><\/figcaption><\/figure><\/a><!--end av-masonry entry--><a href=\"https:\/\/giusybe.com\/wp-content\/uploads\/2018\/02\/IMG_7025-824x1030.jpg\" id='av-masonry-1-item-3859' data-av-masonry-item='3859' class='av-masonry-entry isotope-item post-3859 attachment type-attachment status-inherit hentry  av-masonry-item-with-image' title=\"IMG_7025\"  itemprop=\"thumbnailUrl\" ><div class='av-inner-masonry-sizer'><\/div><figure class='av-inner-masonry main_color'><div class=\"av-masonry-outerimage-container\"><div class=\"av-masonry-image-container\" ><img decoding=\"async\" src=\"https:\/\/giusybe.com\/wp-content\/uploads\/2018\/02\/IMG_7025-564x705.jpg\" title=\"IMG_7025\" alt=\"\" \/><\/div><\/div><figcaption class='av-inner-masonry-content site-background'><div class='av-inner-masonry-content-pos'><div class='av-inner-masonry-content-pos-content'><div class='avia-arrow'><\/div><div class='av-masonry-entry-content entry-content'  itemprop=\"text\" >Je susi le soleil sous la pluie.<\/div><\/div><\/div><\/figcaption><\/figure><\/a><!--end av-masonry entry--><a href=\"https:\/\/giusybe.com\/wp-content\/uploads\/2018\/02\/thumb_IMG_7196.jpg\" id='av-masonry-1-item-3856' data-av-masonry-item='3856' class='av-masonry-entry isotope-item post-3856 attachment type-attachment status-inherit hentry  av-masonry-item-with-image' title=\"thumb_IMG_7196\"  itemprop=\"thumbnailUrl\" ><div class='av-inner-masonry-sizer'><\/div><figure class='av-inner-masonry main_color'><div class=\"av-masonry-outerimage-container\"><div class=\"av-masonry-image-container\" ><img decoding=\"async\" src=\"https:\/\/giusybe.com\/wp-content\/uploads\/2018\/02\/thumb_IMG_7196.jpg\" title=\"thumb_IMG_7196\" alt=\"\" \/><\/div><\/div><figcaption class='av-inner-masonry-content site-background'><div class='av-inner-masonry-content-pos'><div class='av-inner-masonry-content-pos-content'><div class='avia-arrow'><\/div><div class='av-masonry-entry-content entry-content'  itemprop=\"text\" >Je suis le simple dans le sophistiqu\u00e9.<\/div><\/div><\/div><\/figcaption><\/figure><\/a><!--end av-masonry entry--><\/div><\/div>\n","protected":false},"excerpt":{"rendered":"","protected":false},"author":3,"featured_media":0,"parent":0,"menu_order":0,"comment_status":"closed","ping_status":"closed","template":"","meta":{"footnotes":""},"class_list":["post-3905","page","type-page","status-publish","hentry"],"_links":{"self":[{"href":"https:\/\/giusybe.com\/it\/wp-json\/wp\/v2\/pages\/3905\/"}],"collection":[{"href":"https:\/\/giusybe.com\/it\/wp-json\/wp\/v2\/pages\/"}],"about":[{"href":"https:\/\/giusybe.com\/it\/wp-json\/wp\/v2\/types\/page\/"}],"author":[{"embeddable":true,"href":"https:\/\/giusybe.com\/it\/wp-json\/wp\/v2\/users\/3\/"}],"replies":[{"embeddable":true,"href":"https:\/\/giusybe.com\/it\/wp-json\/wp\/v2\/comments\/?post=3905"}],"version-history":[{"count":9,"href":"https:\/\/giusybe.com\/it\/wp-json\/wp\/v2\/pages\/3905\/revisions\/"}],"predecessor-version":[{"id":5187,"href":"https:\/\/giusybe.com\/it\/wp-json\/wp\/v2\/pages\/3905\/revisions\/5187\/"}],"wp:attachment":[{"href":"https:\/\/giusybe.com\/it\/wp-json\/wp\/v2\/media\/?parent=3905"}],"curies":[{"name":"wp","href":"https:\/\/api.w.org\/{rel}","templated":true}]}}