{"id":4576,"date":"2018-06-15T22:37:57","date_gmt":"2018-06-15T21:37:57","guid":{"rendered":"https:\/\/giusybe.com\/?page_id=4576"},"modified":"2018-06-15T22:37:57","modified_gmt":"2018-06-15T21:37:57","slug":"primavera-estate","status":"publish","type":"page","link":"https:\/\/giusybe.com\/it\/primavera-estate\/","title":{"rendered":"Primavera estate"},"content":{"rendered":"<div class=\"flex_column av_one_full  flex_column_div av-zero-column-padding first  avia-builder-el-0  avia-builder-el-no-sibling  \" style='border-radius:0px; '><div class=' grid-sort-container isotope   no_margin-container with-title-container grid-total-even grid-col-4 grid-links-' data-portfolio-id='1'><div data-ajax-id='4449' class=' grid-entry flex_column isotope-item all_sort no_margin post-entry post-entry-4449 grid-entry-overview grid-loop-1 grid-parity-odd  primavera-estate-2018_sort  av_one_fourth first default_av_fullwidth '><article class='main_color inner-entry'  itemscope=\"itemscope\" itemtype=\"https:\/\/schema.org\/CreativeWork\" ><a href='https:\/\/giusybe.com\/it\/portfolio-item\/je-suis-la-multitude-des-beautes\/' title='Je suis la multitude des beaut\u00e9s'  data-rel='grid-1' class='grid-image avia-hover-fx'><img loading=\"lazy\" decoding=\"async\" width=\"750\" height=\"1000\" src=\"https:\/\/giusybe.com\/wp-content\/uploads\/2017\/05\/ONEFLASH-WEB-GIUSY-BE-ROBES-059.jpg\" class=\"attachment-no scaling size-no scaling wp-post-image\" alt=\"\" srcset=\"https:\/\/giusybe.com\/wp-content\/uploads\/2017\/05\/ONEFLASH-WEB-GIUSY-BE-ROBES-059.jpg 750w, https:\/\/giusybe.com\/wp-content\/uploads\/2017\/05\/ONEFLASH-WEB-GIUSY-BE-ROBES-059-225x300.jpg 225w, https:\/\/giusybe.com\/wp-content\/uploads\/2017\/05\/ONEFLASH-WEB-GIUSY-BE-ROBES-059-529x705.jpg 529w, https:\/\/giusybe.com\/wp-content\/uploads\/2017\/05\/ONEFLASH-WEB-GIUSY-BE-ROBES-059-450x600.jpg 450w\" sizes=\"auto, (max-width: 750px) 100vw, 750px\" \/><\/a><div class='grid-content'><div class='avia-arrow'><\/div><header class=\"entry-content-header\"><h3 class='grid-entry-title entry-title '  itemprop=\"headline\" ><a href='https:\/\/giusybe.com\/it\/portfolio-item\/je-suis-la-multitude-des-beautes\/' title='Je suis la multitude des beaut\u00e9s'>Je suis la multitude des beaut\u00e9s<\/a><\/h3><\/header><\/div><footer class=\"entry-footer\"><\/footer><\/article><\/div><div data-ajax-id='4456' class=' grid-entry flex_column isotope-item all_sort no_margin post-entry post-entry-4456 grid-entry-overview grid-loop-2 grid-parity-even  primavera-estate-2018_sort  av_one_fourth  default_av_fullwidth '><article class='main_color inner-entry'  itemscope=\"itemscope\" itemtype=\"https:\/\/schema.org\/CreativeWork\" ><a href='https:\/\/giusybe.com\/it\/portfolio-item\/je-suis-le-contraste-qui-enchante\/' title='Je suis le contraste qui enchante'  data-rel='grid-1' class='grid-image avia-hover-fx'><img loading=\"lazy\" decoding=\"async\" width=\"750\" height=\"1000\" src=\"https:\/\/giusybe.com\/wp-content\/uploads\/2017\/05\/ONEFLASH-WEB-GIUSY-BE-ROBES-042.jpg\" class=\"attachment-no scaling size-no scaling wp-post-image\" alt=\"\" srcset=\"https:\/\/giusybe.com\/wp-content\/uploads\/2017\/05\/ONEFLASH-WEB-GIUSY-BE-ROBES-042.jpg 750w, https:\/\/giusybe.com\/wp-content\/uploads\/2017\/05\/ONEFLASH-WEB-GIUSY-BE-ROBES-042-225x300.jpg 225w, https:\/\/giusybe.com\/wp-content\/uploads\/2017\/05\/ONEFLASH-WEB-GIUSY-BE-ROBES-042-529x705.jpg 529w, https:\/\/giusybe.com\/wp-content\/uploads\/2017\/05\/ONEFLASH-WEB-GIUSY-BE-ROBES-042-450x600.jpg 450w\" sizes=\"auto, (max-width: 750px) 100vw, 750px\" \/><\/a><div class='grid-content'><div class='avia-arrow'><\/div><header class=\"entry-content-header\"><h3 class='grid-entry-title entry-title '  itemprop=\"headline\" ><a href='https:\/\/giusybe.com\/it\/portfolio-item\/je-suis-le-contraste-qui-enchante\/' title='Je suis le contraste qui enchante'>Je suis le contraste qui enchante<\/a><\/h3><\/header><\/div><footer class=\"entry-footer\"><\/footer><\/article><\/div><div data-ajax-id='4433' class=' grid-entry flex_column isotope-item all_sort no_margin post-entry post-entry-4433 grid-entry-overview grid-loop-3 grid-parity-odd  primavera-estate-2018_sort  av_one_fourth  default_av_fullwidth '><article class='main_color inner-entry'  itemscope=\"itemscope\" itemtype=\"https:\/\/schema.org\/CreativeWork\" ><a href='https:\/\/giusybe.com\/it\/portfolio-item\/je-suis-la-princesse-des-decouvertes\/' title='Je suis la princesse des d\u00e9couvertes'  data-rel='grid-1' class='grid-image avia-hover-fx'><img loading=\"lazy\" decoding=\"async\" width=\"750\" height=\"1000\" src=\"https:\/\/giusybe.com\/wp-content\/uploads\/2017\/05\/ONEFLASH-WEB-GIUSY-BE-ROBES-078.jpg\" class=\"attachment-no scaling size-no scaling wp-post-image\" alt=\"\" srcset=\"https:\/\/giusybe.com\/wp-content\/uploads\/2017\/05\/ONEFLASH-WEB-GIUSY-BE-ROBES-078.jpg 750w, https:\/\/giusybe.com\/wp-content\/uploads\/2017\/05\/ONEFLASH-WEB-GIUSY-BE-ROBES-078-225x300.jpg 225w, https:\/\/giusybe.com\/wp-content\/uploads\/2017\/05\/ONEFLASH-WEB-GIUSY-BE-ROBES-078-529x705.jpg 529w, https:\/\/giusybe.com\/wp-content\/uploads\/2017\/05\/ONEFLASH-WEB-GIUSY-BE-ROBES-078-450x600.jpg 450w\" sizes=\"auto, (max-width: 750px) 100vw, 750px\" \/><\/a><div class='grid-content'><div class='avia-arrow'><\/div><header class=\"entry-content-header\"><h3 class='grid-entry-title entry-title '  itemprop=\"headline\" ><a href='https:\/\/giusybe.com\/it\/portfolio-item\/je-suis-la-princesse-des-decouvertes\/' title='Je suis la princesse des d\u00e9couvertes'>Je suis la princesse des d\u00e9couvertes<\/a><\/h3><\/header><\/div><footer class=\"entry-footer\"><\/footer><\/article><\/div><div data-ajax-id='4522' class=' grid-entry flex_column isotope-item all_sort no_margin post-entry post-entry-4522 grid-entry-overview grid-loop-4 grid-parity-even  primavera-estate-2018_sort  av_one_fourth  default_av_fullwidth '><article class='main_color inner-entry'  itemscope=\"itemscope\" itemtype=\"https:\/\/schema.org\/CreativeWork\" ><a href='https:\/\/giusybe.com\/it\/portfolio-item\/je-suis-la-directrice-de-ma-vie\/' title='Je suis la directrice de ma vie'  data-rel='grid-1' class='grid-image avia-hover-fx'><img loading=\"lazy\" decoding=\"async\" width=\"750\" height=\"1000\" src=\"https:\/\/giusybe.com\/wp-content\/uploads\/2017\/05\/ONEFLASH-WEB-GIUSY-BE-ROBES-049.jpg\" class=\"attachment-no scaling size-no scaling wp-post-image\" alt=\"\" srcset=\"https:\/\/giusybe.com\/wp-content\/uploads\/2017\/05\/ONEFLASH-WEB-GIUSY-BE-ROBES-049.jpg 750w, https:\/\/giusybe.com\/wp-content\/uploads\/2017\/05\/ONEFLASH-WEB-GIUSY-BE-ROBES-049-225x300.jpg 225w, https:\/\/giusybe.com\/wp-content\/uploads\/2017\/05\/ONEFLASH-WEB-GIUSY-BE-ROBES-049-529x705.jpg 529w, https:\/\/giusybe.com\/wp-content\/uploads\/2017\/05\/ONEFLASH-WEB-GIUSY-BE-ROBES-049-450x600.jpg 450w\" sizes=\"auto, (max-width: 750px) 100vw, 750px\" \/><\/a><div class='grid-content'><div class='avia-arrow'><\/div><header class=\"entry-content-header\"><h3 class='grid-entry-title entry-title '  itemprop=\"headline\" ><a href='https:\/\/giusybe.com\/it\/portfolio-item\/je-suis-la-directrice-de-ma-vie\/' title='Je suis la directrice de ma vie'>Je suis la directrice de ma vie<\/a><\/h3><\/header><\/div><footer class=\"entry-footer\"><\/footer><\/article><\/div><div data-ajax-id='4491' class=' grid-entry flex_column isotope-item all_sort no_margin post-entry post-entry-4491 grid-entry-overview grid-loop-5 grid-parity-odd  primavera-estate-2018_sort  av_one_fourth first default_av_fullwidth '><article class='main_color inner-entry'  itemscope=\"itemscope\" itemtype=\"https:\/\/schema.org\/CreativeWork\" ><a href='https:\/\/giusybe.com\/it\/portfolio-item\/je-suis-lombre-des-merveilles\/' title='Je suis l&#039;ombre des merveilles'  data-rel='grid-1' class='grid-image avia-hover-fx'><img loading=\"lazy\" decoding=\"async\" width=\"750\" height=\"1000\" src=\"https:\/\/giusybe.com\/wp-content\/uploads\/2017\/05\/ONEFLASH-WEB-GIUSY-BE-ROBES-082.jpg\" class=\"attachment-no scaling size-no scaling wp-post-image\" alt=\"\" srcset=\"https:\/\/giusybe.com\/wp-content\/uploads\/2017\/05\/ONEFLASH-WEB-GIUSY-BE-ROBES-082.jpg 750w, https:\/\/giusybe.com\/wp-content\/uploads\/2017\/05\/ONEFLASH-WEB-GIUSY-BE-ROBES-082-225x300.jpg 225w, https:\/\/giusybe.com\/wp-content\/uploads\/2017\/05\/ONEFLASH-WEB-GIUSY-BE-ROBES-082-529x705.jpg 529w, https:\/\/giusybe.com\/wp-content\/uploads\/2017\/05\/ONEFLASH-WEB-GIUSY-BE-ROBES-082-450x600.jpg 450w\" sizes=\"auto, (max-width: 750px) 100vw, 750px\" \/><\/a><div class='grid-content'><div class='avia-arrow'><\/div><header class=\"entry-content-header\"><h3 class='grid-entry-title entry-title '  itemprop=\"headline\" ><a href='https:\/\/giusybe.com\/it\/portfolio-item\/je-suis-lombre-des-merveilles\/' title='Je suis l&#039;ombre des merveilles'>Je suis l'ombre des merveilles<\/a><\/h3><\/header><\/div><footer class=\"entry-footer\"><\/footer><\/article><\/div><div data-ajax-id='4498' class=' grid-entry flex_column isotope-item all_sort no_margin post-entry post-entry-4498 grid-entry-overview grid-loop-6 grid-parity-even  primavera-estate-2018_sort  av_one_fourth  default_av_fullwidth '><article class='main_color inner-entry'  itemscope=\"itemscope\" itemtype=\"https:\/\/schema.org\/CreativeWork\" ><a href='https:\/\/giusybe.com\/it\/portfolio-item\/je-suis-la-tendance-qui-me-convient\/' title='Je suis la tendance qui me convient'  data-rel='grid-1' class='grid-image avia-hover-fx'><img loading=\"lazy\" decoding=\"async\" width=\"750\" height=\"1000\" src=\"https:\/\/giusybe.com\/wp-content\/uploads\/2017\/05\/ONEFLASH-WEB-GIUSY-BE-ROBES-054.jpg\" class=\"attachment-no scaling size-no scaling wp-post-image\" alt=\"\" srcset=\"https:\/\/giusybe.com\/wp-content\/uploads\/2017\/05\/ONEFLASH-WEB-GIUSY-BE-ROBES-054.jpg 750w, https:\/\/giusybe.com\/wp-content\/uploads\/2017\/05\/ONEFLASH-WEB-GIUSY-BE-ROBES-054-225x300.jpg 225w, https:\/\/giusybe.com\/wp-content\/uploads\/2017\/05\/ONEFLASH-WEB-GIUSY-BE-ROBES-054-529x705.jpg 529w, https:\/\/giusybe.com\/wp-content\/uploads\/2017\/05\/ONEFLASH-WEB-GIUSY-BE-ROBES-054-450x600.jpg 450w\" sizes=\"auto, (max-width: 750px) 100vw, 750px\" \/><\/a><div class='grid-content'><div class='avia-arrow'><\/div><header class=\"entry-content-header\"><h3 class='grid-entry-title entry-title '  itemprop=\"headline\" ><a href='https:\/\/giusybe.com\/it\/portfolio-item\/je-suis-la-tendance-qui-me-convient\/' title='Je suis la tendance qui me convient'>Je suis la tendance qui me convient<\/a><\/h3><\/header><\/div><footer class=\"entry-footer\"><\/footer><\/article><\/div><div data-ajax-id='4550' class=' grid-entry flex_column isotope-item all_sort no_margin post-entry post-entry-4550 grid-entry-overview grid-loop-7 grid-parity-odd  primavera-estate-2018_sort  av_one_fourth  default_av_fullwidth '><article class='main_color inner-entry'  itemscope=\"itemscope\" itemtype=\"https:\/\/schema.org\/CreativeWork\" ><a href='https:\/\/giusybe.com\/it\/portfolio-item\/je-suis-la-modernite-surprenante\/' title='Je suis la modernit\u00e9 surprenante'  data-rel='grid-1' class='grid-image avia-hover-fx'><img loading=\"lazy\" decoding=\"async\" width=\"750\" height=\"1000\" src=\"https:\/\/giusybe.com\/wp-content\/uploads\/2017\/05\/ONEFLASH-WEB-GIUSY-BE-ROBES-086.jpg\" class=\"attachment-no scaling size-no scaling wp-post-image\" alt=\"\" srcset=\"https:\/\/giusybe.com\/wp-content\/uploads\/2017\/05\/ONEFLASH-WEB-GIUSY-BE-ROBES-086.jpg 750w, https:\/\/giusybe.com\/wp-content\/uploads\/2017\/05\/ONEFLASH-WEB-GIUSY-BE-ROBES-086-225x300.jpg 225w, https:\/\/giusybe.com\/wp-content\/uploads\/2017\/05\/ONEFLASH-WEB-GIUSY-BE-ROBES-086-529x705.jpg 529w, https:\/\/giusybe.com\/wp-content\/uploads\/2017\/05\/ONEFLASH-WEB-GIUSY-BE-ROBES-086-450x600.jpg 450w\" sizes=\"auto, (max-width: 750px) 100vw, 750px\" \/><\/a><div class='grid-content'><div class='avia-arrow'><\/div><header class=\"entry-content-header\"><h3 class='grid-entry-title entry-title '  itemprop=\"headline\" ><a href='https:\/\/giusybe.com\/it\/portfolio-item\/je-suis-la-modernite-surprenante\/' title='Je suis la modernit\u00e9 surprenante'>Je suis la modernit\u00e9 surprenante<\/a><\/h3><\/header><\/div><footer class=\"entry-footer\"><\/footer><\/article><\/div><div data-ajax-id='4515' class=' grid-entry flex_column isotope-item all_sort no_margin post-entry post-entry-4515 grid-entry-overview grid-loop-8 grid-parity-even  primavera-estate-2018_sort  av_one_fourth  default_av_fullwidth '><article class='main_color inner-entry'  itemscope=\"itemscope\" itemtype=\"https:\/\/schema.org\/CreativeWork\" ><a href='https:\/\/giusybe.com\/it\/portfolio-item\/je-suis-la-dame-de-coeur\/' title='Je suis la dame de coeur'  data-rel='grid-1' class='grid-image avia-hover-fx'><img loading=\"lazy\" decoding=\"async\" width=\"750\" height=\"1000\" src=\"https:\/\/giusybe.com\/wp-content\/uploads\/2017\/05\/ONEFLASH-WEB-GIUSY-BE-ROBES-008.jpg\" class=\"attachment-no scaling size-no scaling wp-post-image\" alt=\"\" srcset=\"https:\/\/giusybe.com\/wp-content\/uploads\/2017\/05\/ONEFLASH-WEB-GIUSY-BE-ROBES-008.jpg 750w, https:\/\/giusybe.com\/wp-content\/uploads\/2017\/05\/ONEFLASH-WEB-GIUSY-BE-ROBES-008-225x300.jpg 225w, https:\/\/giusybe.com\/wp-content\/uploads\/2017\/05\/ONEFLASH-WEB-GIUSY-BE-ROBES-008-529x705.jpg 529w, https:\/\/giusybe.com\/wp-content\/uploads\/2017\/05\/ONEFLASH-WEB-GIUSY-BE-ROBES-008-450x600.jpg 450w\" sizes=\"auto, (max-width: 750px) 100vw, 750px\" \/><\/a><div class='grid-content'><div class='avia-arrow'><\/div><header class=\"entry-content-header\"><h3 class='grid-entry-title entry-title '  itemprop=\"headline\" ><a href='https:\/\/giusybe.com\/it\/portfolio-item\/je-suis-la-dame-de-coeur\/' title='Je suis la dame de coeur'>Je suis la dame de coeur<\/a><\/h3><\/header><\/div><footer class=\"entry-footer\"><\/footer><\/article><\/div><div data-ajax-id='4529' class=' grid-entry flex_column isotope-item all_sort no_margin post-entry post-entry-4529 grid-entry-overview grid-loop-9 grid-parity-odd  primavera-estate-2018_sort  av_one_fourth first default_av_fullwidth '><article class='main_color inner-entry'  itemscope=\"itemscope\" itemtype=\"https:\/\/schema.org\/CreativeWork\" ><a href='https:\/\/giusybe.com\/it\/portfolio-item\/je-suis-leternelle-elegance\/' title='Je suis l\u2019\u00e9ternelle \u00e9l\u00e9gance'  data-rel='grid-1' class='grid-image avia-hover-fx'><img loading=\"lazy\" decoding=\"async\" width=\"750\" height=\"1000\" src=\"https:\/\/giusybe.com\/wp-content\/uploads\/2017\/05\/ONEFLASH-WEB-GIUSY-BE-ROBES-074.jpg\" class=\"attachment-no scaling size-no scaling wp-post-image\" alt=\"\" srcset=\"https:\/\/giusybe.com\/wp-content\/uploads\/2017\/05\/ONEFLASH-WEB-GIUSY-BE-ROBES-074.jpg 750w, https:\/\/giusybe.com\/wp-content\/uploads\/2017\/05\/ONEFLASH-WEB-GIUSY-BE-ROBES-074-225x300.jpg 225w, https:\/\/giusybe.com\/wp-content\/uploads\/2017\/05\/ONEFLASH-WEB-GIUSY-BE-ROBES-074-529x705.jpg 529w, https:\/\/giusybe.com\/wp-content\/uploads\/2017\/05\/ONEFLASH-WEB-GIUSY-BE-ROBES-074-450x600.jpg 450w\" sizes=\"auto, (max-width: 750px) 100vw, 750px\" \/><\/a><div class='grid-content'><div class='avia-arrow'><\/div><header class=\"entry-content-header\"><h3 class='grid-entry-title entry-title '  itemprop=\"headline\" ><a href='https:\/\/giusybe.com\/it\/portfolio-item\/je-suis-leternelle-elegance\/' title='Je suis l\u2019\u00e9ternelle \u00e9l\u00e9gance'>Je suis l\u2019\u00e9ternelle \u00e9l\u00e9gance<\/a><\/h3><\/header><\/div><footer class=\"entry-footer\"><\/footer><\/article><\/div><div data-ajax-id='4442' class=' grid-entry flex_column isotope-item all_sort no_margin post-entry post-entry-4442 grid-entry-overview grid-loop-10 grid-parity-even  primavera-estate-2018_sort  av_one_fourth  default_av_fullwidth '><article class='main_color inner-entry'  itemscope=\"itemscope\" itemtype=\"https:\/\/schema.org\/CreativeWork\" ><a href='https:\/\/giusybe.com\/it\/portfolio-item\/je-suis-la-douceur-qui-se-remarque\/' title='Je suis la douceur qui se remarque'  data-rel='grid-1' class='grid-image avia-hover-fx'><img loading=\"lazy\" decoding=\"async\" width=\"750\" height=\"1000\" src=\"https:\/\/giusybe.com\/wp-content\/uploads\/2017\/05\/ONEFLASH-WEB-GIUSY-BE-ROBES-014.jpg\" class=\"attachment-no scaling size-no scaling wp-post-image\" alt=\"\" srcset=\"https:\/\/giusybe.com\/wp-content\/uploads\/2017\/05\/ONEFLASH-WEB-GIUSY-BE-ROBES-014.jpg 750w, https:\/\/giusybe.com\/wp-content\/uploads\/2017\/05\/ONEFLASH-WEB-GIUSY-BE-ROBES-014-225x300.jpg 225w, https:\/\/giusybe.com\/wp-content\/uploads\/2017\/05\/ONEFLASH-WEB-GIUSY-BE-ROBES-014-529x705.jpg 529w, https:\/\/giusybe.com\/wp-content\/uploads\/2017\/05\/ONEFLASH-WEB-GIUSY-BE-ROBES-014-450x600.jpg 450w\" sizes=\"auto, (max-width: 750px) 100vw, 750px\" \/><\/a><div class='grid-content'><div class='avia-arrow'><\/div><header class=\"entry-content-header\"><h3 class='grid-entry-title entry-title '  itemprop=\"headline\" ><a href='https:\/\/giusybe.com\/it\/portfolio-item\/je-suis-la-douceur-qui-se-remarque\/' title='Je suis la douceur qui se remarque'>Je suis la douceur qui se remarque<\/a><\/h3><\/header><\/div><footer class=\"entry-footer\"><\/footer><\/article><\/div><div data-ajax-id='4543' class=' grid-entry flex_column isotope-item all_sort no_margin post-entry post-entry-4543 grid-entry-overview grid-loop-11 grid-parity-odd  primavera-estate-2018_sort  av_one_fourth  default_av_fullwidth '><article class='main_color inner-entry'  itemscope=\"itemscope\" itemtype=\"https:\/\/schema.org\/CreativeWork\" ><a href='https:\/\/giusybe.com\/it\/portfolio-item\/je-suis-la-somptueuse-nuit\/' title='Je suis la somptueuse nuit'  data-rel='grid-1' class='grid-image avia-hover-fx'><img loading=\"lazy\" decoding=\"async\" width=\"750\" height=\"1000\" src=\"https:\/\/giusybe.com\/wp-content\/uploads\/2017\/05\/ONEFLASH-WEB-GIUSY-BE-ROBES-038.jpg\" class=\"attachment-no scaling size-no scaling wp-post-image\" alt=\"\" srcset=\"https:\/\/giusybe.com\/wp-content\/uploads\/2017\/05\/ONEFLASH-WEB-GIUSY-BE-ROBES-038.jpg 750w, https:\/\/giusybe.com\/wp-content\/uploads\/2017\/05\/ONEFLASH-WEB-GIUSY-BE-ROBES-038-225x300.jpg 225w, https:\/\/giusybe.com\/wp-content\/uploads\/2017\/05\/ONEFLASH-WEB-GIUSY-BE-ROBES-038-529x705.jpg 529w, https:\/\/giusybe.com\/wp-content\/uploads\/2017\/05\/ONEFLASH-WEB-GIUSY-BE-ROBES-038-450x600.jpg 450w\" sizes=\"auto, (max-width: 750px) 100vw, 750px\" \/><\/a><div class='grid-content'><div class='avia-arrow'><\/div><header class=\"entry-content-header\"><h3 class='grid-entry-title entry-title '  itemprop=\"headline\" ><a href='https:\/\/giusybe.com\/it\/portfolio-item\/je-suis-la-somptueuse-nuit\/' title='Je suis la somptueuse nuit'>Je suis la somptueuse nuit<\/a><\/h3><\/header><\/div><footer class=\"entry-footer\"><\/footer><\/article><\/div><div data-ajax-id='4506' class=' grid-entry flex_column isotope-item all_sort no_margin post-entry post-entry-4506 grid-entry-overview grid-loop-12 grid-parity-even  primavera-estate-2018_sort  av_one_fourth  default_av_fullwidth '><article class='main_color inner-entry'  itemscope=\"itemscope\" itemtype=\"https:\/\/schema.org\/CreativeWork\" ><a href='https:\/\/giusybe.com\/it\/portfolio-item\/je-suis-la-saison-qui-ensoleille\/' title='Je suis la saison qui ensoleille'  data-rel='grid-1' class='grid-image avia-hover-fx'><img loading=\"lazy\" decoding=\"async\" width=\"750\" height=\"1000\" src=\"https:\/\/giusybe.com\/wp-content\/uploads\/2017\/05\/ONEFLASH-WEB-GIUSY-BE-ROBES-032.jpg\" class=\"attachment-no scaling size-no scaling wp-post-image\" alt=\"\" srcset=\"https:\/\/giusybe.com\/wp-content\/uploads\/2017\/05\/ONEFLASH-WEB-GIUSY-BE-ROBES-032.jpg 750w, https:\/\/giusybe.com\/wp-content\/uploads\/2017\/05\/ONEFLASH-WEB-GIUSY-BE-ROBES-032-225x300.jpg 225w, https:\/\/giusybe.com\/wp-content\/uploads\/2017\/05\/ONEFLASH-WEB-GIUSY-BE-ROBES-032-529x705.jpg 529w, https:\/\/giusybe.com\/wp-content\/uploads\/2017\/05\/ONEFLASH-WEB-GIUSY-BE-ROBES-032-450x600.jpg 450w\" sizes=\"auto, (max-width: 750px) 100vw, 750px\" \/><\/a><div class='grid-content'><div class='avia-arrow'><\/div><header class=\"entry-content-header\"><h3 class='grid-entry-title entry-title '  itemprop=\"headline\" ><a href='https:\/\/giusybe.com\/it\/portfolio-item\/je-suis-la-saison-qui-ensoleille\/' title='Je suis la saison qui ensoleille'>Je suis la saison qui ensoleille<\/a><\/h3><\/header><\/div><footer class=\"entry-footer\"><\/footer><\/article><\/div><div data-ajax-id='4536' class=' grid-entry flex_column isotope-item all_sort no_margin post-entry post-entry-4536 grid-entry-overview grid-loop-13 grid-parity-odd  primavera-estate-2018_sort  av_one_fourth first default_av_fullwidth '><article class='main_color inner-entry'  itemscope=\"itemscope\" itemtype=\"https:\/\/schema.org\/CreativeWork\" ><a href='https:\/\/giusybe.com\/it\/portfolio-item\/je-suis-le-chic-qui-passe\/' title='Je suis le chic qui passe'  data-rel='grid-1' class='grid-image avia-hover-fx'><img loading=\"lazy\" decoding=\"async\" width=\"750\" height=\"1000\" src=\"https:\/\/giusybe.com\/wp-content\/uploads\/2017\/05\/ONEFLASH-WEB-GIUSY-BE-ROBES-063.jpg\" class=\"attachment-no scaling size-no scaling wp-post-image\" alt=\"\" srcset=\"https:\/\/giusybe.com\/wp-content\/uploads\/2017\/05\/ONEFLASH-WEB-GIUSY-BE-ROBES-063.jpg 750w, https:\/\/giusybe.com\/wp-content\/uploads\/2017\/05\/ONEFLASH-WEB-GIUSY-BE-ROBES-063-225x300.jpg 225w, https:\/\/giusybe.com\/wp-content\/uploads\/2017\/05\/ONEFLASH-WEB-GIUSY-BE-ROBES-063-529x705.jpg 529w, https:\/\/giusybe.com\/wp-content\/uploads\/2017\/05\/ONEFLASH-WEB-GIUSY-BE-ROBES-063-450x600.jpg 450w\" sizes=\"auto, (max-width: 750px) 100vw, 750px\" \/><\/a><div class='grid-content'><div class='avia-arrow'><\/div><header class=\"entry-content-header\"><h3 class='grid-entry-title entry-title '  itemprop=\"headline\" ><a href='https:\/\/giusybe.com\/it\/portfolio-item\/je-suis-le-chic-qui-passe\/' title='Je suis le chic qui passe'>Je suis le chic qui passe<\/a><\/h3><\/header><\/div><footer class=\"entry-footer\"><\/footer><\/article><\/div><div data-ajax-id='4463' class=' grid-entry flex_column isotope-item all_sort no_margin post-entry post-entry-4463 grid-entry-overview grid-loop-14 grid-parity-even  post-entry-last  primavera-estate-2018_sort  av_one_fourth  default_av_fullwidth '><article class='main_color inner-entry'  itemscope=\"itemscope\" itemtype=\"https:\/\/schema.org\/CreativeWork\" ><a href='https:\/\/giusybe.com\/it\/portfolio-item\/je-suis-lindemodable-moi\/' title='Je suis l\u2019ind\u00e9modable moi'  data-rel='grid-1' class='grid-image avia-hover-fx'><img loading=\"lazy\" decoding=\"async\" width=\"750\" height=\"1000\" src=\"https:\/\/giusybe.com\/wp-content\/uploads\/2017\/05\/ONEFLASH-WEB-GIUSY-BE-ROBES-026.jpg\" class=\"attachment-no scaling size-no scaling wp-post-image\" alt=\"\" srcset=\"https:\/\/giusybe.com\/wp-content\/uploads\/2017\/05\/ONEFLASH-WEB-GIUSY-BE-ROBES-026.jpg 750w, https:\/\/giusybe.com\/wp-content\/uploads\/2017\/05\/ONEFLASH-WEB-GIUSY-BE-ROBES-026-225x300.jpg 225w, https:\/\/giusybe.com\/wp-content\/uploads\/2017\/05\/ONEFLASH-WEB-GIUSY-BE-ROBES-026-529x705.jpg 529w, https:\/\/giusybe.com\/wp-content\/uploads\/2017\/05\/ONEFLASH-WEB-GIUSY-BE-ROBES-026-450x600.jpg 450w\" sizes=\"auto, (max-width: 750px) 100vw, 750px\" \/><\/a><div class='grid-content'><div class='avia-arrow'><\/div><header class=\"entry-content-header\"><h3 class='grid-entry-title entry-title '  itemprop=\"headline\" ><a href='https:\/\/giusybe.com\/it\/portfolio-item\/je-suis-lindemodable-moi\/' title='Je suis l\u2019ind\u00e9modable moi'>Je suis l\u2019ind\u00e9modable moi<\/a><\/h3><\/header><\/div><footer class=\"entry-footer\"><\/footer><\/article><\/div><\/div><\/div>\n","protected":false},"excerpt":{"rendered":"","protected":false},"author":1,"featured_media":0,"parent":0,"menu_order":0,"comment_status":"closed","ping_status":"closed","template":"","meta":{"footnotes":""},"class_list":["post-4576","page","type-page","status-publish","hentry"],"_links":{"self":[{"href":"https:\/\/giusybe.com\/it\/wp-json\/wp\/v2\/pages\/4576\/"}],"collection":[{"href":"https:\/\/giusybe.com\/it\/wp-json\/wp\/v2\/pages\/"}],"about":[{"href":"https:\/\/giusybe.com\/it\/wp-json\/wp\/v2\/types\/page\/"}],"author":[{"embeddable":true,"href":"https:\/\/giusybe.com\/it\/wp-json\/wp\/v2\/users\/1\/"}],"replies":[{"embeddable":true,"href":"https:\/\/giusybe.com\/it\/wp-json\/wp\/v2\/comments\/?post=4576"}],"version-history":[{"count":2,"href":"https:\/\/giusybe.com\/it\/wp-json\/wp\/v2\/pages\/4576\/revisions\/"}],"predecessor-version":[{"id":6283,"href":"https:\/\/giusybe.com\/it\/wp-json\/wp\/v2\/pages\/4576\/revisions\/6283\/"}],"wp:attachment":[{"href":"https:\/\/giusybe.com\/it\/wp-json\/wp\/v2\/media\/?parent=4576"}],"curies":[{"name":"wp","href":"https:\/\/api.w.org\/{rel}","templated":true}]}}