{"id":5300,"date":"2019-08-20T20:21:06","date_gmt":"2019-08-20T19:21:06","guid":{"rendered":"https:\/\/giusybe.com\/?page_id=5300"},"modified":"2019-08-22T14:09:09","modified_gmt":"2019-08-22T13:09:09","slug":"printemps-ete-2019","status":"publish","type":"page","link":"https:\/\/giusybe.com\/it\/printemps-ete-2019\/","title":{"rendered":"Printemps \u00e9t\u00e9 2019 &#8211; it"},"content":{"rendered":"<div class=\"flex_column av_one_full  flex_column_div av-zero-column-padding first  avia-builder-el-0  avia-builder-el-no-sibling  \" style='border-radius:0px; '><div class=' grid-sort-container isotope   no_margin-container with-title-container grid-total-odd grid-col-4 grid-links-' data-portfolio-id='1'><div data-ajax-id='6049' class=' grid-entry flex_column isotope-item all_sort no_margin post-entry post-entry-6049 grid-entry-overview grid-loop-1 grid-parity-odd  printemps-ete-2019-it_sort  av_one_fourth first default_av_fullwidth '><article class='main_color inner-entry'  itemscope=\"itemscope\" itemtype=\"https:\/\/schema.org\/CreativeWork\" ><a href='https:\/\/giusybe.com\/it\/portfolio-item\/je-suis-la-douceur-qui-se-remarque-2\/' title='Je suis la douceur qui se remarque'  data-rel='grid-1' class='grid-image avia-hover-fx'><img loading=\"lazy\" decoding=\"async\" width=\"1000\" height=\"1500\" src=\"https:\/\/giusybe.com\/wp-content\/uploads\/2019\/08\/GiusyBe_2emes_WEB_GP-013_0863.jpg\" class=\"attachment-no scaling size-no scaling wp-post-image\" alt=\"\" srcset=\"https:\/\/giusybe.com\/wp-content\/uploads\/2019\/08\/GiusyBe_2emes_WEB_GP-013_0863.jpg 1000w, https:\/\/giusybe.com\/wp-content\/uploads\/2019\/08\/GiusyBe_2emes_WEB_GP-013_0863-200x300.jpg 200w, https:\/\/giusybe.com\/wp-content\/uploads\/2019\/08\/GiusyBe_2emes_WEB_GP-013_0863-768x1152.jpg 768w, https:\/\/giusybe.com\/wp-content\/uploads\/2019\/08\/GiusyBe_2emes_WEB_GP-013_0863-687x1030.jpg 687w, https:\/\/giusybe.com\/wp-content\/uploads\/2019\/08\/GiusyBe_2emes_WEB_GP-013_0863-470x705.jpg 470w, https:\/\/giusybe.com\/wp-content\/uploads\/2019\/08\/GiusyBe_2emes_WEB_GP-013_0863-450x675.jpg 450w\" sizes=\"auto, (max-width: 1000px) 100vw, 1000px\" \/><\/a><div class='grid-content'><div class='avia-arrow'><\/div><header class=\"entry-content-header\"><h3 class='grid-entry-title entry-title '  itemprop=\"headline\" ><a href='https:\/\/giusybe.com\/it\/portfolio-item\/je-suis-la-douceur-qui-se-remarque-2\/' title='Je suis la douceur qui se remarque'>Je suis la douceur qui se remarque<\/a><\/h3><\/header><\/div><footer class=\"entry-footer\"><\/footer><\/article><\/div><div data-ajax-id='6056' class=' grid-entry flex_column isotope-item all_sort no_margin post-entry post-entry-6056 grid-entry-overview grid-loop-2 grid-parity-even  printemps-ete-2019-it_sort  av_one_fourth  default_av_fullwidth '><article class='main_color inner-entry'  itemscope=\"itemscope\" itemtype=\"https:\/\/schema.org\/CreativeWork\" ><a href='https:\/\/giusybe.com\/it\/portfolio-item\/je-suis-leternelle-elegance-2\/' title='Je suis l&#039;\u00e9ternelle \u00e9l\u00e9gance'  data-rel='grid-1' class='grid-image avia-hover-fx'><img loading=\"lazy\" decoding=\"async\" width=\"1000\" height=\"1500\" src=\"https:\/\/giusybe.com\/wp-content\/uploads\/2019\/01\/GiusyBe-AllSelectedPictures_WEB_GP-084_1180.jpg\" class=\"attachment-no scaling size-no scaling wp-post-image\" alt=\"\" srcset=\"https:\/\/giusybe.com\/wp-content\/uploads\/2019\/01\/GiusyBe-AllSelectedPictures_WEB_GP-084_1180.jpg 1000w, https:\/\/giusybe.com\/wp-content\/uploads\/2019\/01\/GiusyBe-AllSelectedPictures_WEB_GP-084_1180-200x300.jpg 200w, https:\/\/giusybe.com\/wp-content\/uploads\/2019\/01\/GiusyBe-AllSelectedPictures_WEB_GP-084_1180-768x1152.jpg 768w, https:\/\/giusybe.com\/wp-content\/uploads\/2019\/01\/GiusyBe-AllSelectedPictures_WEB_GP-084_1180-687x1030.jpg 687w, https:\/\/giusybe.com\/wp-content\/uploads\/2019\/01\/GiusyBe-AllSelectedPictures_WEB_GP-084_1180-470x705.jpg 470w, https:\/\/giusybe.com\/wp-content\/uploads\/2019\/01\/GiusyBe-AllSelectedPictures_WEB_GP-084_1180-450x675.jpg 450w\" sizes=\"auto, (max-width: 1000px) 100vw, 1000px\" \/><\/a><div class='grid-content'><div class='avia-arrow'><\/div><header class=\"entry-content-header\"><h3 class='grid-entry-title entry-title '  itemprop=\"headline\" ><a href='https:\/\/giusybe.com\/it\/portfolio-item\/je-suis-leternelle-elegance-2\/' title='Je suis l&#039;\u00e9ternelle \u00e9l\u00e9gance'>Je suis l'\u00e9ternelle \u00e9l\u00e9gance<\/a><\/h3><\/header><\/div><footer class=\"entry-footer\"><\/footer><\/article><\/div><div data-ajax-id='6040' class=' grid-entry flex_column isotope-item all_sort no_margin post-entry post-entry-6040 grid-entry-overview grid-loop-3 grid-parity-odd  printemps-ete-2019-it_sort  av_one_fourth  default_av_fullwidth '><article class='main_color inner-entry'  itemscope=\"itemscope\" itemtype=\"https:\/\/schema.org\/CreativeWork\" ><a href='https:\/\/giusybe.com\/it\/portfolio-item\/je-suis-la-saison-qui-ensoleille-2\/' title='Je suis la saison qui ensoleille'  data-rel='grid-1' class='grid-image avia-hover-fx'><img loading=\"lazy\" decoding=\"async\" width=\"893\" height=\"1500\" src=\"https:\/\/giusybe.com\/wp-content\/uploads\/2019\/08\/GiusyBe_2emes_WEB_GP-018_1041.jpg\" class=\"attachment-no scaling size-no scaling wp-post-image\" alt=\"\" srcset=\"https:\/\/giusybe.com\/wp-content\/uploads\/2019\/08\/GiusyBe_2emes_WEB_GP-018_1041.jpg 893w, https:\/\/giusybe.com\/wp-content\/uploads\/2019\/08\/GiusyBe_2emes_WEB_GP-018_1041-179x300.jpg 179w, https:\/\/giusybe.com\/wp-content\/uploads\/2019\/08\/GiusyBe_2emes_WEB_GP-018_1041-768x1290.jpg 768w, https:\/\/giusybe.com\/wp-content\/uploads\/2019\/08\/GiusyBe_2emes_WEB_GP-018_1041-613x1030.jpg 613w, https:\/\/giusybe.com\/wp-content\/uploads\/2019\/08\/GiusyBe_2emes_WEB_GP-018_1041-420x705.jpg 420w, https:\/\/giusybe.com\/wp-content\/uploads\/2019\/08\/GiusyBe_2emes_WEB_GP-018_1041-450x756.jpg 450w\" sizes=\"auto, (max-width: 893px) 100vw, 893px\" \/><\/a><div class='grid-content'><div class='avia-arrow'><\/div><header class=\"entry-content-header\"><h3 class='grid-entry-title entry-title '  itemprop=\"headline\" ><a href='https:\/\/giusybe.com\/it\/portfolio-item\/je-suis-la-saison-qui-ensoleille-2\/' title='Je suis la saison qui ensoleille'>Je suis la saison qui ensoleille<\/a><\/h3><\/header><\/div><footer class=\"entry-footer\"><\/footer><\/article><\/div><div data-ajax-id='6031' class=' grid-entry flex_column isotope-item all_sort no_margin post-entry post-entry-6031 grid-entry-overview grid-loop-4 grid-parity-even  printemps-ete-2019-it_sort  av_one_fourth  default_av_fullwidth '><article class='main_color inner-entry'  itemscope=\"itemscope\" itemtype=\"https:\/\/schema.org\/CreativeWork\" ><a href='https:\/\/giusybe.com\/it\/portfolio-item\/je-suis-le-chic-qui-passe-2\/' title='Je suis le chic qui passe'  data-rel='grid-1' class='grid-image avia-hover-fx'><img loading=\"lazy\" decoding=\"async\" width=\"941\" height=\"1500\" src=\"https:\/\/giusybe.com\/wp-content\/uploads\/2019\/02\/PHOTO-2018-12-26-21-28-40.jpg\" class=\"attachment-no scaling size-no scaling wp-post-image\" alt=\"\" srcset=\"https:\/\/giusybe.com\/wp-content\/uploads\/2019\/02\/PHOTO-2018-12-26-21-28-40.jpg 941w, https:\/\/giusybe.com\/wp-content\/uploads\/2019\/02\/PHOTO-2018-12-26-21-28-40-188x300.jpg 188w, https:\/\/giusybe.com\/wp-content\/uploads\/2019\/02\/PHOTO-2018-12-26-21-28-40-768x1224.jpg 768w, https:\/\/giusybe.com\/wp-content\/uploads\/2019\/02\/PHOTO-2018-12-26-21-28-40-646x1030.jpg 646w, https:\/\/giusybe.com\/wp-content\/uploads\/2019\/02\/PHOTO-2018-12-26-21-28-40-442x705.jpg 442w, https:\/\/giusybe.com\/wp-content\/uploads\/2019\/02\/PHOTO-2018-12-26-21-28-40-450x717.jpg 450w\" sizes=\"auto, (max-width: 941px) 100vw, 941px\" \/><\/a><div class='grid-content'><div class='avia-arrow'><\/div><header class=\"entry-content-header\"><h3 class='grid-entry-title entry-title '  itemprop=\"headline\" ><a href='https:\/\/giusybe.com\/it\/portfolio-item\/je-suis-le-chic-qui-passe-2\/' title='Je suis le chic qui passe'>Je suis le chic qui passe<\/a><\/h3><\/header><\/div><footer class=\"entry-footer\"><\/footer><\/article><\/div><div data-ajax-id='6016' class=' grid-entry flex_column isotope-item all_sort no_margin post-entry post-entry-6016 grid-entry-overview grid-loop-5 grid-parity-odd  printemps-ete-2019-it_sort  av_one_fourth first default_av_fullwidth '><article class='main_color inner-entry'  itemscope=\"itemscope\" itemtype=\"https:\/\/schema.org\/CreativeWork\" ><a href='https:\/\/giusybe.com\/it\/portfolio-item\/je-suis-lindemodable-moi-2\/' title='Je suis l&#039;ind\u00e9modable moi'  data-rel='grid-1' class='grid-image avia-hover-fx'><img loading=\"lazy\" decoding=\"async\" width=\"1000\" height=\"1500\" src=\"https:\/\/giusybe.com\/wp-content\/uploads\/2019\/01\/GiusyBe_2emes_WEB_GP-022_1242.jpg\" class=\"attachment-no scaling size-no scaling wp-post-image\" alt=\"\" srcset=\"https:\/\/giusybe.com\/wp-content\/uploads\/2019\/01\/GiusyBe_2emes_WEB_GP-022_1242.jpg 1000w, https:\/\/giusybe.com\/wp-content\/uploads\/2019\/01\/GiusyBe_2emes_WEB_GP-022_1242-200x300.jpg 200w, https:\/\/giusybe.com\/wp-content\/uploads\/2019\/01\/GiusyBe_2emes_WEB_GP-022_1242-768x1152.jpg 768w, https:\/\/giusybe.com\/wp-content\/uploads\/2019\/01\/GiusyBe_2emes_WEB_GP-022_1242-687x1030.jpg 687w, https:\/\/giusybe.com\/wp-content\/uploads\/2019\/01\/GiusyBe_2emes_WEB_GP-022_1242-470x705.jpg 470w, https:\/\/giusybe.com\/wp-content\/uploads\/2019\/01\/GiusyBe_2emes_WEB_GP-022_1242-450x675.jpg 450w\" sizes=\"auto, (max-width: 1000px) 100vw, 1000px\" \/><\/a><div class='grid-content'><div class='avia-arrow'><\/div><header class=\"entry-content-header\"><h3 class='grid-entry-title entry-title '  itemprop=\"headline\" ><a href='https:\/\/giusybe.com\/it\/portfolio-item\/je-suis-lindemodable-moi-2\/' title='Je suis l&#039;ind\u00e9modable moi'>Je suis l'ind\u00e9modable moi<\/a><\/h3><\/header><\/div><footer class=\"entry-footer\"><\/footer><\/article><\/div><div data-ajax-id='6065' class=' grid-entry flex_column isotope-item all_sort no_margin post-entry post-entry-6065 grid-entry-overview grid-loop-6 grid-parity-even  printemps-ete-2019-it_sort  av_one_fourth  default_av_fullwidth '><article class='main_color inner-entry'  itemscope=\"itemscope\" itemtype=\"https:\/\/schema.org\/CreativeWork\" ><a href='https:\/\/giusybe.com\/it\/portfolio-item\/je-suis-la-dame-de-coeur-2\/' title='Je suis la dame de c\u0153ur'  data-rel='grid-1' class='grid-image avia-hover-fx'><img loading=\"lazy\" decoding=\"async\" width=\"1333\" height=\"2000\" src=\"https:\/\/giusybe.com\/wp-content\/uploads\/2019\/08\/GIUSYBE-VillageDuSoir2019_WEB-GP_067.jpg\" class=\"attachment-no scaling size-no scaling wp-post-image\" alt=\"\" srcset=\"https:\/\/giusybe.com\/wp-content\/uploads\/2019\/08\/GIUSYBE-VillageDuSoir2019_WEB-GP_067.jpg 1333w, https:\/\/giusybe.com\/wp-content\/uploads\/2019\/08\/GIUSYBE-VillageDuSoir2019_WEB-GP_067-200x300.jpg 200w, https:\/\/giusybe.com\/wp-content\/uploads\/2019\/08\/GIUSYBE-VillageDuSoir2019_WEB-GP_067-768x1152.jpg 768w, https:\/\/giusybe.com\/wp-content\/uploads\/2019\/08\/GIUSYBE-VillageDuSoir2019_WEB-GP_067-686x1030.jpg 686w, https:\/\/giusybe.com\/wp-content\/uploads\/2019\/08\/GIUSYBE-VillageDuSoir2019_WEB-GP_067-1000x1500.jpg 1000w, https:\/\/giusybe.com\/wp-content\/uploads\/2019\/08\/GIUSYBE-VillageDuSoir2019_WEB-GP_067-470x705.jpg 470w, https:\/\/giusybe.com\/wp-content\/uploads\/2019\/08\/GIUSYBE-VillageDuSoir2019_WEB-GP_067-450x675.jpg 450w\" sizes=\"auto, (max-width: 1333px) 100vw, 1333px\" \/><\/a><div class='grid-content'><div class='avia-arrow'><\/div><header class=\"entry-content-header\"><h3 class='grid-entry-title entry-title '  itemprop=\"headline\" ><a href='https:\/\/giusybe.com\/it\/portfolio-item\/je-suis-la-dame-de-coeur-2\/' title='Je suis la dame de c\u0153ur'>Je suis la dame de c\u0153ur<\/a><\/h3><\/header><\/div><footer class=\"entry-footer\"><\/footer><\/article><\/div><div data-ajax-id='6074' class=' grid-entry flex_column isotope-item all_sort no_margin post-entry post-entry-6074 grid-entry-overview grid-loop-7 grid-parity-odd  printemps-ete-2019-it_sort  av_one_fourth  default_av_fullwidth '><article class='main_color inner-entry'  itemscope=\"itemscope\" itemtype=\"https:\/\/schema.org\/CreativeWork\" ><a href='https:\/\/giusybe.com\/it\/portfolio-item\/je-suis-la-modernite-surprenante-2\/' title='Je suis la modernit\u00e9 surprenante'  data-rel='grid-1' class='grid-image avia-hover-fx'><img loading=\"lazy\" decoding=\"async\" width=\"1000\" height=\"1500\" src=\"https:\/\/giusybe.com\/wp-content\/uploads\/2019\/08\/GiusyBe_2emes_WEB_GP-006_0706.jpg\" class=\"attachment-no scaling size-no scaling wp-post-image\" alt=\"\" srcset=\"https:\/\/giusybe.com\/wp-content\/uploads\/2019\/08\/GiusyBe_2emes_WEB_GP-006_0706.jpg 1000w, https:\/\/giusybe.com\/wp-content\/uploads\/2019\/08\/GiusyBe_2emes_WEB_GP-006_0706-200x300.jpg 200w, https:\/\/giusybe.com\/wp-content\/uploads\/2019\/08\/GiusyBe_2emes_WEB_GP-006_0706-768x1152.jpg 768w, https:\/\/giusybe.com\/wp-content\/uploads\/2019\/08\/GiusyBe_2emes_WEB_GP-006_0706-687x1030.jpg 687w, https:\/\/giusybe.com\/wp-content\/uploads\/2019\/08\/GiusyBe_2emes_WEB_GP-006_0706-470x705.jpg 470w, https:\/\/giusybe.com\/wp-content\/uploads\/2019\/08\/GiusyBe_2emes_WEB_GP-006_0706-450x675.jpg 450w\" sizes=\"auto, (max-width: 1000px) 100vw, 1000px\" \/><\/a><div class='grid-content'><div class='avia-arrow'><\/div><header class=\"entry-content-header\"><h3 class='grid-entry-title entry-title '  itemprop=\"headline\" ><a href='https:\/\/giusybe.com\/it\/portfolio-item\/je-suis-la-modernite-surprenante-2\/' title='Je suis la modernit\u00e9 surprenante'>Je suis la modernit\u00e9 surprenante<\/a><\/h3><\/header><\/div><footer class=\"entry-footer\"><\/footer><\/article><\/div><div data-ajax-id='6081' class=' grid-entry flex_column isotope-item all_sort no_margin post-entry post-entry-6081 grid-entry-overview grid-loop-8 grid-parity-even  printemps-ete-2019-it_sort  av_one_fourth  default_av_fullwidth '><article class='main_color inner-entry'  itemscope=\"itemscope\" itemtype=\"https:\/\/schema.org\/CreativeWork\" ><a href='https:\/\/giusybe.com\/it\/portfolio-item\/je-suis-la-tendance-qui-me-convient-2\/' title='Je suis la tendance qui me convient'  data-rel='grid-1' class='grid-image avia-hover-fx'><img loading=\"lazy\" decoding=\"async\" width=\"1000\" height=\"1500\" src=\"https:\/\/giusybe.com\/wp-content\/uploads\/2019\/01\/GiusyBe-AllSelectedPictures_WEB_GP-003_0594.jpg\" class=\"attachment-no scaling size-no scaling wp-post-image\" alt=\"\" srcset=\"https:\/\/giusybe.com\/wp-content\/uploads\/2019\/01\/GiusyBe-AllSelectedPictures_WEB_GP-003_0594.jpg 1000w, https:\/\/giusybe.com\/wp-content\/uploads\/2019\/01\/GiusyBe-AllSelectedPictures_WEB_GP-003_0594-200x300.jpg 200w, https:\/\/giusybe.com\/wp-content\/uploads\/2019\/01\/GiusyBe-AllSelectedPictures_WEB_GP-003_0594-768x1152.jpg 768w, https:\/\/giusybe.com\/wp-content\/uploads\/2019\/01\/GiusyBe-AllSelectedPictures_WEB_GP-003_0594-687x1030.jpg 687w, https:\/\/giusybe.com\/wp-content\/uploads\/2019\/01\/GiusyBe-AllSelectedPictures_WEB_GP-003_0594-470x705.jpg 470w, https:\/\/giusybe.com\/wp-content\/uploads\/2019\/01\/GiusyBe-AllSelectedPictures_WEB_GP-003_0594-450x675.jpg 450w\" sizes=\"auto, (max-width: 1000px) 100vw, 1000px\" \/><\/a><div class='grid-content'><div class='avia-arrow'><\/div><header class=\"entry-content-header\"><h3 class='grid-entry-title entry-title '  itemprop=\"headline\" ><a href='https:\/\/giusybe.com\/it\/portfolio-item\/je-suis-la-tendance-qui-me-convient-2\/' title='Je suis la tendance qui me convient'>Je suis la tendance qui me convient<\/a><\/h3><\/header><\/div><footer class=\"entry-footer\"><\/footer><\/article><\/div><div data-ajax-id='6088' class=' grid-entry flex_column isotope-item all_sort no_margin post-entry post-entry-6088 grid-entry-overview grid-loop-9 grid-parity-odd  printemps-ete-2019-it_sort  av_one_fourth first default_av_fullwidth '><article class='main_color inner-entry'  itemscope=\"itemscope\" itemtype=\"https:\/\/schema.org\/CreativeWork\" ><a href='https:\/\/giusybe.com\/it\/portfolio-item\/je-suis-lombre-des-merveilles-2\/' title='Je suis l&#039;ombre des merveilles'  data-rel='grid-1' class='grid-image avia-hover-fx'><img loading=\"lazy\" decoding=\"async\" width=\"1000\" height=\"1500\" src=\"https:\/\/giusybe.com\/wp-content\/uploads\/2019\/08\/GiusyBe-AllSelectedPictures_WEB_GP-106_1381.jpg\" class=\"attachment-no scaling size-no scaling wp-post-image\" alt=\"\" srcset=\"https:\/\/giusybe.com\/wp-content\/uploads\/2019\/08\/GiusyBe-AllSelectedPictures_WEB_GP-106_1381.jpg 1000w, https:\/\/giusybe.com\/wp-content\/uploads\/2019\/08\/GiusyBe-AllSelectedPictures_WEB_GP-106_1381-200x300.jpg 200w, https:\/\/giusybe.com\/wp-content\/uploads\/2019\/08\/GiusyBe-AllSelectedPictures_WEB_GP-106_1381-768x1152.jpg 768w, https:\/\/giusybe.com\/wp-content\/uploads\/2019\/08\/GiusyBe-AllSelectedPictures_WEB_GP-106_1381-687x1030.jpg 687w, https:\/\/giusybe.com\/wp-content\/uploads\/2019\/08\/GiusyBe-AllSelectedPictures_WEB_GP-106_1381-470x705.jpg 470w, https:\/\/giusybe.com\/wp-content\/uploads\/2019\/08\/GiusyBe-AllSelectedPictures_WEB_GP-106_1381-450x675.jpg 450w\" sizes=\"auto, (max-width: 1000px) 100vw, 1000px\" \/><\/a><div class='grid-content'><div class='avia-arrow'><\/div><header class=\"entry-content-header\"><h3 class='grid-entry-title entry-title '  itemprop=\"headline\" ><a href='https:\/\/giusybe.com\/it\/portfolio-item\/je-suis-lombre-des-merveilles-2\/' title='Je suis l&#039;ombre des merveilles'>Je suis l'ombre des merveilles<\/a><\/h3><\/header><\/div><footer class=\"entry-footer\"><\/footer><\/article><\/div><div data-ajax-id='6105' class=' grid-entry flex_column isotope-item all_sort no_margin post-entry post-entry-6105 grid-entry-overview grid-loop-10 grid-parity-even  printemps-ete-2019-it_sort  av_one_fourth  default_av_fullwidth '><article class='main_color inner-entry'  itemscope=\"itemscope\" itemtype=\"https:\/\/schema.org\/CreativeWork\" ><a href='https:\/\/giusybe.com\/it\/portfolio-item\/je-suis-la-princesse-des-decouvertes-2\/' title='Je suis la princesse des d\u00e9couvertes'  data-rel='grid-1' class='grid-image avia-hover-fx'><img loading=\"lazy\" decoding=\"async\" width=\"1000\" height=\"1500\" src=\"https:\/\/giusybe.com\/wp-content\/uploads\/2019\/08\/GiusyBe_2emes_WEB_GP-002_0614.jpg\" class=\"attachment-no scaling size-no scaling wp-post-image\" alt=\"\" srcset=\"https:\/\/giusybe.com\/wp-content\/uploads\/2019\/08\/GiusyBe_2emes_WEB_GP-002_0614.jpg 1000w, https:\/\/giusybe.com\/wp-content\/uploads\/2019\/08\/GiusyBe_2emes_WEB_GP-002_0614-200x300.jpg 200w, https:\/\/giusybe.com\/wp-content\/uploads\/2019\/08\/GiusyBe_2emes_WEB_GP-002_0614-768x1152.jpg 768w, https:\/\/giusybe.com\/wp-content\/uploads\/2019\/08\/GiusyBe_2emes_WEB_GP-002_0614-687x1030.jpg 687w, https:\/\/giusybe.com\/wp-content\/uploads\/2019\/08\/GiusyBe_2emes_WEB_GP-002_0614-470x705.jpg 470w, https:\/\/giusybe.com\/wp-content\/uploads\/2019\/08\/GiusyBe_2emes_WEB_GP-002_0614-450x675.jpg 450w\" sizes=\"auto, (max-width: 1000px) 100vw, 1000px\" \/><\/a><div class='grid-content'><div class='avia-arrow'><\/div><header class=\"entry-content-header\"><h3 class='grid-entry-title entry-title '  itemprop=\"headline\" ><a href='https:\/\/giusybe.com\/it\/portfolio-item\/je-suis-la-princesse-des-decouvertes-2\/' title='Je suis la princesse des d\u00e9couvertes'>Je suis la princesse des d\u00e9couvertes<\/a><\/h3><\/header><\/div><footer class=\"entry-footer\"><\/footer><\/article><\/div><div data-ajax-id='6113' class=' grid-entry flex_column isotope-item all_sort no_margin post-entry post-entry-6113 grid-entry-overview grid-loop-11 grid-parity-odd  printemps-ete-2019-it_sort  av_one_fourth  default_av_fullwidth '><article class='main_color inner-entry'  itemscope=\"itemscope\" itemtype=\"https:\/\/schema.org\/CreativeWork\" ><a href='https:\/\/giusybe.com\/it\/portfolio-item\/je-suis-le-contraste-qui-enchante-2\/' title='Je suis le contraste qui enchante'  data-rel='grid-1' class='grid-image avia-hover-fx'><img loading=\"lazy\" decoding=\"async\" width=\"1000\" height=\"1500\" src=\"https:\/\/giusybe.com\/wp-content\/uploads\/2019\/01\/GiusyBe-AllSelectedPictures_WEB_GP-110_1438.jpg\" class=\"attachment-no scaling size-no scaling wp-post-image\" alt=\"\" srcset=\"https:\/\/giusybe.com\/wp-content\/uploads\/2019\/01\/GiusyBe-AllSelectedPictures_WEB_GP-110_1438.jpg 1000w, https:\/\/giusybe.com\/wp-content\/uploads\/2019\/01\/GiusyBe-AllSelectedPictures_WEB_GP-110_1438-200x300.jpg 200w, https:\/\/giusybe.com\/wp-content\/uploads\/2019\/01\/GiusyBe-AllSelectedPictures_WEB_GP-110_1438-768x1152.jpg 768w, https:\/\/giusybe.com\/wp-content\/uploads\/2019\/01\/GiusyBe-AllSelectedPictures_WEB_GP-110_1438-687x1030.jpg 687w, https:\/\/giusybe.com\/wp-content\/uploads\/2019\/01\/GiusyBe-AllSelectedPictures_WEB_GP-110_1438-470x705.jpg 470w, https:\/\/giusybe.com\/wp-content\/uploads\/2019\/01\/GiusyBe-AllSelectedPictures_WEB_GP-110_1438-450x675.jpg 450w\" sizes=\"auto, (max-width: 1000px) 100vw, 1000px\" \/><\/a><div class='grid-content'><div class='avia-arrow'><\/div><header class=\"entry-content-header\"><h3 class='grid-entry-title entry-title '  itemprop=\"headline\" ><a href='https:\/\/giusybe.com\/it\/portfolio-item\/je-suis-le-contraste-qui-enchante-2\/' title='Je suis le contraste qui enchante'>Je suis le contraste qui enchante<\/a><\/h3><\/header><\/div><footer class=\"entry-footer\"><\/footer><\/article><\/div><div data-ajax-id='6122' class=' grid-entry flex_column isotope-item all_sort no_margin post-entry post-entry-6122 grid-entry-overview grid-loop-12 grid-parity-even  printemps-ete-2019-it_sort  av_one_fourth  default_av_fullwidth '><article class='main_color inner-entry'  itemscope=\"itemscope\" itemtype=\"https:\/\/schema.org\/CreativeWork\" ><a href='https:\/\/giusybe.com\/it\/portfolio-item\/je-suis-la-multitude-des-beautes-2\/' title='Je suis la multitude des beaut\u00e9s'  data-rel='grid-1' class='grid-image avia-hover-fx'><img loading=\"lazy\" decoding=\"async\" width=\"1000\" height=\"1500\" src=\"https:\/\/giusybe.com\/wp-content\/uploads\/2019\/01\/GiusyBe-AllSelectedPictures_WEB_GP-040_0800.jpg\" class=\"attachment-no scaling size-no scaling wp-post-image\" alt=\"\" srcset=\"https:\/\/giusybe.com\/wp-content\/uploads\/2019\/01\/GiusyBe-AllSelectedPictures_WEB_GP-040_0800.jpg 1000w, https:\/\/giusybe.com\/wp-content\/uploads\/2019\/01\/GiusyBe-AllSelectedPictures_WEB_GP-040_0800-200x300.jpg 200w, https:\/\/giusybe.com\/wp-content\/uploads\/2019\/01\/GiusyBe-AllSelectedPictures_WEB_GP-040_0800-768x1152.jpg 768w, https:\/\/giusybe.com\/wp-content\/uploads\/2019\/01\/GiusyBe-AllSelectedPictures_WEB_GP-040_0800-687x1030.jpg 687w, https:\/\/giusybe.com\/wp-content\/uploads\/2019\/01\/GiusyBe-AllSelectedPictures_WEB_GP-040_0800-470x705.jpg 470w, https:\/\/giusybe.com\/wp-content\/uploads\/2019\/01\/GiusyBe-AllSelectedPictures_WEB_GP-040_0800-450x675.jpg 450w\" sizes=\"auto, (max-width: 1000px) 100vw, 1000px\" \/><\/a><div class='grid-content'><div class='avia-arrow'><\/div><header class=\"entry-content-header\"><h3 class='grid-entry-title entry-title '  itemprop=\"headline\" ><a href='https:\/\/giusybe.com\/it\/portfolio-item\/je-suis-la-multitude-des-beautes-2\/' title='Je suis la multitude des beaut\u00e9s'>Je suis la multitude des beaut\u00e9s<\/a><\/h3><\/header><\/div><footer class=\"entry-footer\"><\/footer><\/article><\/div><div data-ajax-id='6129' class=' grid-entry flex_column isotope-item all_sort no_margin post-entry post-entry-6129 grid-entry-overview grid-loop-13 grid-parity-odd  post-entry-last  printemps-ete-2019-it_sort  av_one_fourth first default_av_fullwidth '><article class='main_color inner-entry'  itemscope=\"itemscope\" itemtype=\"https:\/\/schema.org\/CreativeWork\" ><a href='https:\/\/giusybe.com\/it\/portfolio-item\/je-suis-le-souhait-de-lunivers\/' title='Je suis le souhait de l&#039;univers'  data-rel='grid-1' class='grid-image avia-hover-fx'><img loading=\"lazy\" decoding=\"async\" width=\"1000\" height=\"1500\" src=\"https:\/\/giusybe.com\/wp-content\/uploads\/2019\/01\/GiusyBe_2emes_WEB_GP-004_0688.jpg\" class=\"attachment-no scaling size-no scaling wp-post-image\" alt=\"\" srcset=\"https:\/\/giusybe.com\/wp-content\/uploads\/2019\/01\/GiusyBe_2emes_WEB_GP-004_0688.jpg 1000w, https:\/\/giusybe.com\/wp-content\/uploads\/2019\/01\/GiusyBe_2emes_WEB_GP-004_0688-200x300.jpg 200w, https:\/\/giusybe.com\/wp-content\/uploads\/2019\/01\/GiusyBe_2emes_WEB_GP-004_0688-768x1152.jpg 768w, https:\/\/giusybe.com\/wp-content\/uploads\/2019\/01\/GiusyBe_2emes_WEB_GP-004_0688-687x1030.jpg 687w, https:\/\/giusybe.com\/wp-content\/uploads\/2019\/01\/GiusyBe_2emes_WEB_GP-004_0688-470x705.jpg 470w, https:\/\/giusybe.com\/wp-content\/uploads\/2019\/01\/GiusyBe_2emes_WEB_GP-004_0688-450x675.jpg 450w\" sizes=\"auto, (max-width: 1000px) 100vw, 1000px\" \/><\/a><div class='grid-content'><div class='avia-arrow'><\/div><header class=\"entry-content-header\"><h3 class='grid-entry-title entry-title '  itemprop=\"headline\" ><a href='https:\/\/giusybe.com\/it\/portfolio-item\/je-suis-le-souhait-de-lunivers\/' title='Je suis le souhait de l&#039;univers'>Je suis le souhait de l'univers<\/a><\/h3><\/header><\/div><footer class=\"entry-footer\"><\/footer><\/article><\/div><\/div><\/div>\n","protected":false},"excerpt":{"rendered":"","protected":false},"author":3,"featured_media":0,"parent":0,"menu_order":0,"comment_status":"closed","ping_status":"closed","template":"","meta":{"footnotes":""},"class_list":["post-5300","page","type-page","status-publish","hentry"],"_links":{"self":[{"href":"https:\/\/giusybe.com\/it\/wp-json\/wp\/v2\/pages\/5300\/"}],"collection":[{"href":"https:\/\/giusybe.com\/it\/wp-json\/wp\/v2\/pages\/"}],"about":[{"href":"https:\/\/giusybe.com\/it\/wp-json\/wp\/v2\/types\/page\/"}],"author":[{"embeddable":true,"href":"https:\/\/giusybe.com\/it\/wp-json\/wp\/v2\/users\/3\/"}],"replies":[{"embeddable":true,"href":"https:\/\/giusybe.com\/it\/wp-json\/wp\/v2\/comments\/?post=5300"}],"version-history":[{"count":5,"href":"https:\/\/giusybe.com\/it\/wp-json\/wp\/v2\/pages\/5300\/revisions\/"}],"predecessor-version":[{"id":6344,"href":"https:\/\/giusybe.com\/it\/wp-json\/wp\/v2\/pages\/5300\/revisions\/6344\/"}],"wp:attachment":[{"href":"https:\/\/giusybe.com\/it\/wp-json\/wp\/v2\/media\/?parent=5300"}],"curies":[{"name":"wp","href":"https:\/\/api.w.org\/{rel}","templated":true}]}}